			{"id":7238,"date":"2019-09-30T16:43:00","date_gmt":"2019-09-30T20:43:00","guid":{"rendered":"http:\/\/fscccf.alphabureau.ca\/appel-de-propositions\/february-2019\/"},"modified":"2019-12-12T14:45:54","modified_gmt":"2019-12-12T19:45:54","slug":"february-2019","status":"publish","type":"page","link":"https:\/\/fsc-ccf.ca\/fr\/appel-de-propositions\/february-2019\/","title":{"rendered":"F\u00e9vrier 2019 Premiers projets"},"content":{"rendered":"\n<p class=\"is-style-large-paragraph\">L\u2019appel de propositions initial d\u2019Emploi et D\u00e9veloppement social Canada pour la cr\u00e9ation du Centre des Comp\u00e9tences futures a incit\u00e9 les promoteurs \u00e0 rep\u00e9rer une premi\u00e8re s\u00e9rie de projets pr\u00eats \u00e0 \u00eatre lanc\u00e9s. <\/p>\n\n\n\n<figure class=\"wp-block-image size-inline-image\"><img loading=\"lazy\" decoding=\"async\" width=\"1024\" height=\"512\" src=\"https:\/\/fsc-ccf.ca\/wp-content\/uploads\/2019\/08\/3.3.5-STEM-for-Indigenous-Learners-1024x512.png\" alt=\"Youth working together to plant a tree.\" class=\"wp-image-5431\"\/><figcaption>Photo courtesy of Actua<\/figcaption><\/figure>\n\n\n\n<p>Les partenaires du consortium ont rep\u00e9r\u00e9 12 projets gr\u00e2ce \u00e0 un engagement cibl\u00e9 d\u2019intervenants. Six projets ont \u00e9ventuellement \u00e9t\u00e9 retenus \u00e0 la suite d\u2019un processus de s\u00e9lection par le sous-comit\u00e9 provisoire des projets du Centre. <\/p>\n\n\n<\/section>\n<section class=\"section-divider section-divider--grey section-divider--nav section-divider--nav1 \">\n    <div class=\"section-divider__anchor\" id=\"arbitrage\"><\/div>\n    <div class=\"page-block__bar\"><\/div>\n\n\n<h3 class=\"wp-block-heading\">Arbitrage<\/h3>\n\n\n\n<p>Le 2 avril 2019, le Centre des Comp\u00e9tences futures a annonc\u00e9 un <a href=\"https:\/\/fsc-ccf.ca\/engage\/le-centre-des-competences-futures-lance-les-six-projets-dinnovation-et-un-appel-de-propositions\/?lang=fr\">financement de 11,58 M$ sur deux ans pour r\u00e9aliser six projets<\/a>:<\/p>\n\n\n\n<p>La d\u00e9cision a \u00e9t\u00e9 prise en fonction d\u2019un ensemble \u00e9tabli de crit\u00e8res d\u2019\u00e9valuation. Les projets devaient&nbsp;:<\/p>\n\n\n\n<ul class=\"wp-block-list\"><li>r\u00e9pondre \u00e0 un besoin clairement d\u00e9fini et bien cern\u00e9 en mati\u00e8re de d\u00e9veloppement des comp\u00e9tences;<\/li><li>concorder avec les objectifs du Centre afin de cr\u00e9er des possibilit\u00e9s pour les groupes sous-repr\u00e9sent\u00e9s et vuln\u00e9rables;<\/li><li>d\u00e9montrer l\u2019utilisation de nouvelles approches et id\u00e9es novatrices pour r\u00e9pondre \u00e0 des questions qui n\u2019ont pas encore re\u00e7u de r\u00e9ponse au sujet des d\u00e9fis du d\u00e9veloppement des comp\u00e9tences; et<\/li><li>produire des donn\u00e9es probantes utiles et exploitables sur ce qui fonctionne en mati\u00e8re de d\u00e9veloppement des comp\u00e9tences.<\/li><\/ul>\n\n\n<\/section>\n<section class=\"section-divider section-divider--white section-divider--nav section-divider--nav2 \">\n    <div class=\"section-divider__anchor\" id=\"projets-inauguraux\"><\/div>\n    <div class=\"page-block__bar\"><\/div>\n\n\n\n\n<p><\/p>\n","protected":false},"excerpt":{"rendered":"<p>Les partenaires du consortium ont rep\u00e9r\u00e9 12 projets gr\u00e2ce \u00e0 un engagement cibl\u00e9 d\u2019intervenants. Six projets ont \u00e9ventuellement \u00e9t\u00e9 retenus \u00e0 la suite d\u2019un processus de s\u00e9lection par le sous-comit\u00e9 provisoire des projets du Centre. <\/p>\n","protected":false},"author":1,"featured_media":0,"parent":4539,"menu_order":0,"comment_status":"closed","ping_status":"closed","template":"","meta":{"_acf_changed":false,"footnotes":""},"class_list":["post-7238","page","type-page","status-publish","hentry"],"acf":{"subtitle":"Appel de propositions","highlight":"pink","thumbnail_image":{"ID":5432,"id":5432,"title":"3.3.5 STEM for Indigenous Learners","filename":"3.3.5-STEM-for-Indigenous-Learners.png","filesize":1385066,"url":"https:\/\/fsc-ccf.ca\/wp-content\/uploads\/2019\/08\/3.3.5-STEM-for-Indigenous-Learners.png","link":"https:\/\/fsc-ccf.ca\/fr\/recherche\/les-stim-et-les-etudiants-autochtones\/3-3-5-stem-for-indigenous-learners-3-2\/","alt":"Youth working together to plant a tree.","author":"1","description":"","caption":"","name":"3-3-5-stem-for-indigenous-learners-3-2","status":"inherit","uploaded_to":1827,"date":"2019-09-26 17:11:51","modified":"2019-09-26 19:04:17","menu_order":0,"mime_type":"image\/png","type":"image","subtype":"png","icon":"https:\/\/fsc-ccf.ca\/wp-includes\/images\/media\/default.png","width":2048,"height":1371,"sizes":{"thumbnail":"https:\/\/fsc-ccf.ca\/wp-content\/uploads\/2019\/08\/3.3.5-STEM-for-Indigenous-Learners-150x150.png","thumbnail-width":150,"thumbnail-height":150,"medium":"https:\/\/fsc-ccf.ca\/wp-content\/uploads\/2019\/08\/3.3.5-STEM-for-Indigenous-Learners-300x201.png","medium-width":300,"medium-height":201,"medium_large":"https:\/\/fsc-ccf.ca\/wp-content\/uploads\/2019\/08\/3.3.5-STEM-for-Indigenous-Learners-768x514.png","medium_large-width":768,"medium_large-height":514,"large":"https:\/\/fsc-ccf.ca\/wp-content\/uploads\/2019\/08\/3.3.5-STEM-for-Indigenous-Learners-1024x686.png","large-width":1024,"large-height":686,"1536x1536":"https:\/\/fsc-ccf.ca\/wp-content\/uploads\/2019\/08\/3.3.5-STEM-for-Indigenous-Learners-1536x1028.png","1536x1536-width":1536,"1536x1536-height":1028,"2048x2048":"https:\/\/fsc-ccf.ca\/wp-content\/uploads\/2019\/08\/3.3.5-STEM-for-Indigenous-Learners.png","2048x2048-width":2048,"2048x2048-height":1371,"preview":"https:\/\/fsc-ccf.ca\/wp-content\/uploads\/2019\/08\/3.3.5-STEM-for-Indigenous-Learners-10x7.png","preview-width":10,"preview-height":7,"content-card-thumbnail":"https:\/\/fsc-ccf.ca\/wp-content\/uploads\/2019\/08\/3.3.5-STEM-for-Indigenous-Learners-800x600.png","content-card-thumbnail-width":800,"content-card-thumbnail-height":600,"slider-image":"https:\/\/fsc-ccf.ca\/wp-content\/uploads\/2019\/08\/3.3.5-STEM-for-Indigenous-Learners-1600x1200.png","slider-image-width":1600,"slider-image-height":1200,"hero-image":"https:\/\/fsc-ccf.ca\/wp-content\/uploads\/2019\/08\/3.3.5-STEM-for-Indigenous-Learners-2000x1339.png","hero-image-width":2000,"hero-image-height":1339,"inline-image":"https:\/\/fsc-ccf.ca\/wp-content\/uploads\/2019\/08\/3.3.5-STEM-for-Indigenous-Learners-1024x512.png","inline-image-width":1024,"inline-image-height":512,"content-card-thumbnail-vertical":"https:\/\/fsc-ccf.ca\/wp-content\/uploads\/2019\/08\/3.3.5-STEM-for-Indigenous-Learners.png","content-card-thumbnail-vertical-width":400,"content-card-thumbnail-vertical-height":268}},"slider_image":false},"yoast_head":"<!-- This site is optimized with the Yoast SEO plugin v27.4 - https:\/\/yoast.com\/product\/yoast-seo-wordpress\/ -->\n<title>F\u00e9vrier 2019 Premiers projets - Future Skills Centre \u2022 Centre des Comp\u00e9tences futures<\/title>\n<meta name=\"description\" content=\"Les partenaires du consortium ont rep\u00e9r\u00e9 12 projets gr\u00e2ce \u00e0 un engagement cibl\u00e9 d\u2019intervenants. Six projets ont \u00e9ventuellement \u00e9t\u00e9 retenus \u00e0 la suite d\u2019un processus de s\u00e9lection par le sous-comit\u00e9 provisoire des projets du Centre.\" \/>\n<meta name=\"robots\" content=\"index, follow, max-snippet:-1, max-image-preview:large, max-video-preview:-1\" \/>\n<link rel=\"canonical\" href=\"https:\/\/fsc-ccf.ca\/fr\/appel-de-propositions\/february-2019\/\" \/>\n<meta name=\"twitter:label1\" content=\"Est. reading time\" \/>\n\t<meta name=\"twitter:data1\" content=\"1 minute\" \/>\n<script type=\"application\/ld+json\" class=\"yoast-schema-graph\">{\"@context\":\"https:\\\/\\\/schema.org\",\"@graph\":[{\"@type\":\"WebPage\",\"@id\":\"https:\\\/\\\/fsc-ccf.ca\\\/fr\\\/appel-de-propositions\\\/february-2019\\\/\",\"url\":\"https:\\\/\\\/fsc-ccf.ca\\\/fr\\\/appel-de-propositions\\\/february-2019\\\/\",\"name\":\"F\u00e9vrier 2019 Premiers projets - Future Skills Centre \u2022 Centre des Comp\u00e9tences futures\",\"isPartOf\":{\"@id\":\"https:\\\/\\\/fsc-ccf.ca\\\/fr\\\/#website\"},\"primaryImageOfPage\":{\"@id\":\"https:\\\/\\\/fsc-ccf.ca\\\/fr\\\/appel-de-propositions\\\/february-2019\\\/#primaryimage\"},\"image\":{\"@id\":\"https:\\\/\\\/fsc-ccf.ca\\\/fr\\\/appel-de-propositions\\\/february-2019\\\/#primaryimage\"},\"thumbnailUrl\":\"https:\\\/\\\/fsc-ccf.ca\\\/wp-content\\\/uploads\\\/2019\\\/08\\\/3.3.5-STEM-for-Indigenous-Learners-1024x512.png\",\"datePublished\":\"2019-09-30T20:43:00+00:00\",\"dateModified\":\"2019-12-12T19:45:54+00:00\",\"description\":\"Les partenaires du consortium ont rep\u00e9r\u00e9 12 projets gr\u00e2ce \u00e0 un engagement cibl\u00e9 d\u2019intervenants. Six projets ont \u00e9ventuellement \u00e9t\u00e9 retenus \u00e0 la suite d\u2019un processus de s\u00e9lection par le sous-comit\u00e9 provisoire des projets du Centre.\",\"breadcrumb\":{\"@id\":\"https:\\\/\\\/fsc-ccf.ca\\\/fr\\\/appel-de-propositions\\\/february-2019\\\/#breadcrumb\"},\"inLanguage\":\"fr-FR\",\"potentialAction\":[{\"@type\":\"ReadAction\",\"target\":[\"https:\\\/\\\/fsc-ccf.ca\\\/fr\\\/appel-de-propositions\\\/february-2019\\\/\"]}]},{\"@type\":\"ImageObject\",\"inLanguage\":\"fr-FR\",\"@id\":\"https:\\\/\\\/fsc-ccf.ca\\\/fr\\\/appel-de-propositions\\\/february-2019\\\/#primaryimage\",\"url\":\"https:\\\/\\\/fsc-ccf.ca\\\/wp-content\\\/uploads\\\/2019\\\/08\\\/3.3.5-STEM-for-Indigenous-Learners-1024x512.png\",\"contentUrl\":\"https:\\\/\\\/fsc-ccf.ca\\\/wp-content\\\/uploads\\\/2019\\\/08\\\/3.3.5-STEM-for-Indigenous-Learners-1024x512.png\"},{\"@type\":\"BreadcrumbList\",\"@id\":\"https:\\\/\\\/fsc-ccf.ca\\\/fr\\\/appel-de-propositions\\\/february-2019\\\/#breadcrumb\",\"itemListElement\":[{\"@type\":\"ListItem\",\"position\":1,\"name\":\"Home\",\"item\":\"https:\\\/\\\/fsc-ccf.ca\\\/fr\\\/\"},{\"@type\":\"ListItem\",\"position\":2,\"name\":\"Appel de propositions\",\"item\":\"https:\\\/\\\/fsc-ccf.ca\\\/fr\\\/appel-de-propositions\\\/\"},{\"@type\":\"ListItem\",\"position\":3,\"name\":\"F\u00e9vrier 2019 Premiers projets\"}]},{\"@type\":\"WebSite\",\"@id\":\"https:\\\/\\\/fsc-ccf.ca\\\/fr\\\/#website\",\"url\":\"https:\\\/\\\/fsc-ccf.ca\\\/fr\\\/\",\"name\":\"Future Skills Centre \u2022 Centre des Comp\u00e9tences futures\",\"description\":\"\",\"publisher\":{\"@id\":\"https:\\\/\\\/fsc-ccf.ca\\\/fr\\\/#organization\"},\"potentialAction\":[{\"@type\":\"SearchAction\",\"target\":{\"@type\":\"EntryPoint\",\"urlTemplate\":\"https:\\\/\\\/fsc-ccf.ca\\\/fr\\\/?s={search_term_string}\"},\"query-input\":{\"@type\":\"PropertyValueSpecification\",\"valueRequired\":true,\"valueName\":\"search_term_string\"}}],\"inLanguage\":\"fr-FR\"},{\"@type\":\"Organization\",\"@id\":\"https:\\\/\\\/fsc-ccf.ca\\\/fr\\\/#organization\",\"name\":\"Future Skills Centre \u2022 Centre des Comp\u00e9tences futures\",\"url\":\"https:\\\/\\\/fsc-ccf.ca\\\/fr\\\/\",\"logo\":{\"@type\":\"ImageObject\",\"inLanguage\":\"fr-FR\",\"@id\":\"https:\\\/\\\/fsc-ccf.ca\\\/fr\\\/#\\\/schema\\\/logo\\\/image\\\/\",\"url\":\"https:\\\/\\\/fsc-ccf.ca\\\/wp-content\\\/uploads\\\/2019\\\/08\\\/FSC_logo_colour_rgb_positive_ENG.png\",\"contentUrl\":\"https:\\\/\\\/fsc-ccf.ca\\\/wp-content\\\/uploads\\\/2019\\\/08\\\/FSC_logo_colour_rgb_positive_ENG.png\",\"width\":618,\"height\":528,\"caption\":\"Future Skills Centre \u2022 Centre des Comp\u00e9tences futures\"},\"image\":{\"@id\":\"https:\\\/\\\/fsc-ccf.ca\\\/fr\\\/#\\\/schema\\\/logo\\\/image\\\/\"},\"sameAs\":[\"https:\\\/\\\/www.facebook.com\\\/2161871137193201\\\/\",\"https:\\\/\\\/x.com\\\/fsc_ccf_en\",\"https:\\\/\\\/www.instagram.com\\\/fsc_ccf\\\/\",\"https:\\\/\\\/www.linkedin.com\\\/company\\\/fsc-ccf\\\/\"]}]}<\/script>\n<!-- \/ Yoast SEO plugin. -->","yoast_head_json":{"title":"F\u00e9vrier 2019 Premiers projets - Future Skills Centre \u2022 Centre des Comp\u00e9tences futures","description":"Les partenaires du consortium ont rep\u00e9r\u00e9 12 projets gr\u00e2ce \u00e0 un engagement cibl\u00e9 d\u2019intervenants. Six projets ont \u00e9ventuellement \u00e9t\u00e9 retenus \u00e0 la suite d\u2019un processus de s\u00e9lection par le sous-comit\u00e9 provisoire des projets du Centre.","robots":{"index":"index","follow":"follow","max-snippet":"max-snippet:-1","max-image-preview":"max-image-preview:large","max-video-preview":"max-video-preview:-1"},"canonical":"https:\/\/fsc-ccf.ca\/fr\/appel-de-propositions\/february-2019\/","twitter_misc":{"Est. reading time":"1 minute"},"schema":{"@context":"https:\/\/schema.org","@graph":[{"@type":"WebPage","@id":"https:\/\/fsc-ccf.ca\/fr\/appel-de-propositions\/february-2019\/","url":"https:\/\/fsc-ccf.ca\/fr\/appel-de-propositions\/february-2019\/","name":"F\u00e9vrier 2019 Premiers projets - Future Skills Centre \u2022 Centre des Comp\u00e9tences futures","isPartOf":{"@id":"https:\/\/fsc-ccf.ca\/fr\/#website"},"primaryImageOfPage":{"@id":"https:\/\/fsc-ccf.ca\/fr\/appel-de-propositions\/february-2019\/#primaryimage"},"image":{"@id":"https:\/\/fsc-ccf.ca\/fr\/appel-de-propositions\/february-2019\/#primaryimage"},"thumbnailUrl":"https:\/\/fsc-ccf.ca\/wp-content\/uploads\/2019\/08\/3.3.5-STEM-for-Indigenous-Learners-1024x512.png","datePublished":"2019-09-30T20:43:00+00:00","dateModified":"2019-12-12T19:45:54+00:00","description":"Les partenaires du consortium ont rep\u00e9r\u00e9 12 projets gr\u00e2ce \u00e0 un engagement cibl\u00e9 d\u2019intervenants. Six projets ont \u00e9ventuellement \u00e9t\u00e9 retenus \u00e0 la suite d\u2019un processus de s\u00e9lection par le sous-comit\u00e9 provisoire des projets du Centre.","breadcrumb":{"@id":"https:\/\/fsc-ccf.ca\/fr\/appel-de-propositions\/february-2019\/#breadcrumb"},"inLanguage":"fr-FR","potentialAction":[{"@type":"ReadAction","target":["https:\/\/fsc-ccf.ca\/fr\/appel-de-propositions\/february-2019\/"]}]},{"@type":"ImageObject","inLanguage":"fr-FR","@id":"https:\/\/fsc-ccf.ca\/fr\/appel-de-propositions\/february-2019\/#primaryimage","url":"https:\/\/fsc-ccf.ca\/wp-content\/uploads\/2019\/08\/3.3.5-STEM-for-Indigenous-Learners-1024x512.png","contentUrl":"https:\/\/fsc-ccf.ca\/wp-content\/uploads\/2019\/08\/3.3.5-STEM-for-Indigenous-Learners-1024x512.png"},{"@type":"BreadcrumbList","@id":"https:\/\/fsc-ccf.ca\/fr\/appel-de-propositions\/february-2019\/#breadcrumb","itemListElement":[{"@type":"ListItem","position":1,"name":"Home","item":"https:\/\/fsc-ccf.ca\/fr\/"},{"@type":"ListItem","position":2,"name":"Appel de propositions","item":"https:\/\/fsc-ccf.ca\/fr\/appel-de-propositions\/"},{"@type":"ListItem","position":3,"name":"F\u00e9vrier 2019 Premiers projets"}]},{"@type":"WebSite","@id":"https:\/\/fsc-ccf.ca\/fr\/#website","url":"https:\/\/fsc-ccf.ca\/fr\/","name":"Future Skills Centre \u2022 Centre des Comp\u00e9tences futures","description":"","publisher":{"@id":"https:\/\/fsc-ccf.ca\/fr\/#organization"},"potentialAction":[{"@type":"SearchAction","target":{"@type":"EntryPoint","urlTemplate":"https:\/\/fsc-ccf.ca\/fr\/?s={search_term_string}"},"query-input":{"@type":"PropertyValueSpecification","valueRequired":true,"valueName":"search_term_string"}}],"inLanguage":"fr-FR"},{"@type":"Organization","@id":"https:\/\/fsc-ccf.ca\/fr\/#organization","name":"Future Skills Centre \u2022 Centre des Comp\u00e9tences futures","url":"https:\/\/fsc-ccf.ca\/fr\/","logo":{"@type":"ImageObject","inLanguage":"fr-FR","@id":"https:\/\/fsc-ccf.ca\/fr\/#\/schema\/logo\/image\/","url":"https:\/\/fsc-ccf.ca\/wp-content\/uploads\/2019\/08\/FSC_logo_colour_rgb_positive_ENG.png","contentUrl":"https:\/\/fsc-ccf.ca\/wp-content\/uploads\/2019\/08\/FSC_logo_colour_rgb_positive_ENG.png","width":618,"height":528,"caption":"Future Skills Centre \u2022 Centre des Comp\u00e9tences futures"},"image":{"@id":"https:\/\/fsc-ccf.ca\/fr\/#\/schema\/logo\/image\/"},"sameAs":["https:\/\/www.facebook.com\/2161871137193201\/","https:\/\/x.com\/fsc_ccf_en","https:\/\/www.instagram.com\/fsc_ccf\/","https:\/\/www.linkedin.com\/company\/fsc-ccf\/"]}]}},"_links":{"self":[{"href":"https:\/\/fsc-ccf.ca\/fr\/wp-json\/wp\/v2\/pages\/7238","targetHints":{"allow":["GET"]}}],"collection":[{"href":"https:\/\/fsc-ccf.ca\/fr\/wp-json\/wp\/v2\/pages"}],"about":[{"href":"https:\/\/fsc-ccf.ca\/fr\/wp-json\/wp\/v2\/types\/page"}],"author":[{"embeddable":true,"href":"https:\/\/fsc-ccf.ca\/fr\/wp-json\/wp\/v2\/users\/1"}],"replies":[{"embeddable":true,"href":"https:\/\/fsc-ccf.ca\/fr\/wp-json\/wp\/v2\/comments?post=7238"}],"version-history":[{"count":0,"href":"https:\/\/fsc-ccf.ca\/fr\/wp-json\/wp\/v2\/pages\/7238\/revisions"}],"up":[{"embeddable":true,"href":"https:\/\/fsc-ccf.ca\/fr\/wp-json\/wp\/v2\/pages\/4539"}],"wp:attachment":[{"href":"https:\/\/fsc-ccf.ca\/fr\/wp-json\/wp\/v2\/media?parent=7238"}],"curies":[{"name":"wp","href":"https:\/\/api.w.org\/{rel}","templated":true}]}}