			{"id":4754,"date":"2019-07-09T17:49:02","date_gmt":"2019-07-09T21:49:02","guid":{"rendered":"http:\/\/fscccf.alphabureau.ca\/?page_id=4754"},"modified":"2019-12-03T14:59:46","modified_gmt":"2019-12-03T19:59:46","slug":"accessibility","status":"publish","type":"page","link":"https:\/\/fsc-ccf.ca\/fr\/accessibility\/","title":{"rendered":"Accessibilite\u0301"},"content":{"rendered":"\n<h2 class=\"wp-block-heading\">\u00c9nonc\u00e9 sur l\u2019accessibilit\u00e9<\/h2>\n\n\n\n<h3 class=\"wp-block-heading\">Notre engagement<\/h3>\n\n\n\n<p>Le Centre des Comp\u00e9tences futures \u2013 Future Skills Centre (fsc-ccf.ca) s\u2019engage \u00e0 cr\u00e9er un organisme accessible en \u00e9liminant les obstacles pour les personnes ayant un handicap. Nous respectons les principes de la <em>Loi sur l\u2019accessibilit\u00e9 pour les personnes handicap\u00e9es de l\u2019Ontario<\/em> (LAPHO), et notre objectif est d\u2019int\u00e9grer la dignit\u00e9, l\u2019int\u00e9gration et l\u2019\u00e9galit\u00e9 des chances dans tous les aspects de la culture de notre organisme.&nbsp;<\/p>\n\n\n\n<p>En travaillant \u00e0 la r\u00e9alisation de cet objectif, le Centre des Comp\u00e9tences futures s\u2019efforcera de fournir du soutien aux personnes ayant un handicap et de faciliter des accommodements pour que nous ayons tous le m\u00eame niveau d\u2019acc\u00e8s aux possibilit\u00e9s afin que les personnes ayant un handicap puissent participer en bonne et due forme \u00e0 l\u2019\u00e9ventail complet d\u2019activit\u00e9s offertes par le centre et atteindre leur plein potentiel en qualit\u00e9 de membres de notre communaut\u00e9.<\/p>\n\n\n\n<h3 class=\"wp-block-heading\">Accessibilit\u00e9 du site Web<\/h3>\n\n\n\n<p>Le Centre des Comp\u00e9tences futures \u2013 Future Skills Centre (fsc-ccf.ca) s\u2019engage \u00e0 fournir un site Web accessible \u00e0 un public aussi large que possible, y compris aux personnes qui acc\u00e8dent au site \u00e0 l\u2019aide de technologies d\u2019assistance.&nbsp;<\/p>\n\n\n\n<p>Tandis que nous travaillons en vue de rendre le contenu de notre site Web plus accessible, certains anciens documents et pages Web, certains sites Web \u00e9labor\u00e9s par des tiers et des sites Web h\u00e9berg\u00e9s dans d\u2019autres syst\u00e8mes de gestion de contenu pourraient causer des difficult\u00e9s.<\/p>\n\n\n\n<p>Nous travaillons activement en vue d\u2019accro\u00eetre l\u2019accessibilit\u00e9 et la  convivialit\u00e9 de notre site Web. Pour des commentaires ou des questions  sur l\u2019accessibilit\u00e9 d\u2019un site Web ou d\u2019un document, y compris des  demandes de formats accessibles, veuillez nous <a href=\"mailto:info@fsc-ccf.ca\">envoyer un courrier \u00e9lectronique.<\/a> <\/p>\n\n\n\n<h3 class=\"wp-block-heading\"><strong>Ressources<\/strong><\/h3>\n\n\n\n<p>Pour en apprendre davantage sur la LAPHO&nbsp;: <a href=\"https:\/\/www.ontario.ca\/fr\/lois\/reglement\/r11191\">https:\/\/www.ontario.ca\/fr\/lois\/reglement\/r11191<\/a><\/p>\n","protected":false},"excerpt":{"rendered":"<p>\u00c9nonc\u00e9 sur l\u2019accessibilit\u00e9 Notre engagement Le Centre des Comp\u00e9tences futures \u2013 Future Skills Centre (fsc-ccf.ca) s\u2019engage \u00e0 cr\u00e9er un organisme accessible en \u00e9liminant les obstacles&#8230;<\/p>\n","protected":false},"author":1,"featured_media":0,"parent":0,"menu_order":0,"comment_status":"closed","ping_status":"closed","template":"","meta":{"_acf_changed":false,"footnotes":""},"class_list":["post-4754","page","type-page","status-publish","hentry"],"acf":{"subtitle":"","highlight":"pink","thumbnail_image":false,"slider_image":false},"yoast_head":"<!-- This site is optimized with the Yoast SEO plugin v27.4 - https:\/\/yoast.com\/product\/yoast-seo-wordpress\/ -->\n<title>Accessibilite\u0301 - Future Skills Centre \u2022 Centre des Comp\u00e9tences futures<\/title>\n<meta name=\"description\" content=\"\u00c9nonc\u00e9 sur l\u2019accessibilit\u00e9 Notre engagement Le Centre des Comp\u00e9tences futures \u2013 Future Skills Centre (fsc-ccf.ca) s\u2019engage \u00e0 cr\u00e9er un organisme accessible\" \/>\n<meta name=\"robots\" content=\"index, follow, max-snippet:-1, max-image-preview:large, max-video-preview:-1\" \/>\n<link rel=\"canonical\" href=\"https:\/\/fsc-ccf.ca\/fr\/accessibility\/\" \/>\n<meta name=\"twitter:label1\" content=\"Est. reading time\" \/>\n\t<meta name=\"twitter:data1\" content=\"2 minutes\" \/>\n<script type=\"application\/ld+json\" class=\"yoast-schema-graph\">{\"@context\":\"https:\\\/\\\/schema.org\",\"@graph\":[{\"@type\":\"WebPage\",\"@id\":\"https:\\\/\\\/fsc-ccf.ca\\\/fr\\\/accessibility\\\/\",\"url\":\"https:\\\/\\\/fsc-ccf.ca\\\/fr\\\/accessibility\\\/\",\"name\":\"Accessibilite\u0301 - Future Skills Centre \u2022 Centre des Comp\u00e9tences futures\",\"isPartOf\":{\"@id\":\"https:\\\/\\\/fsc-ccf.ca\\\/fr\\\/#website\"},\"datePublished\":\"2019-07-09T21:49:02+00:00\",\"dateModified\":\"2019-12-03T19:59:46+00:00\",\"description\":\"\u00c9nonc\u00e9 sur l\u2019accessibilit\u00e9 Notre engagement Le Centre des Comp\u00e9tences futures \u2013 Future Skills Centre (fsc-ccf.ca) s\u2019engage \u00e0 cr\u00e9er un organisme accessible\",\"breadcrumb\":{\"@id\":\"https:\\\/\\\/fsc-ccf.ca\\\/fr\\\/accessibility\\\/#breadcrumb\"},\"inLanguage\":\"fr-FR\",\"potentialAction\":[{\"@type\":\"ReadAction\",\"target\":[\"https:\\\/\\\/fsc-ccf.ca\\\/fr\\\/accessibility\\\/\"]}]},{\"@type\":\"BreadcrumbList\",\"@id\":\"https:\\\/\\\/fsc-ccf.ca\\\/fr\\\/accessibility\\\/#breadcrumb\",\"itemListElement\":[{\"@type\":\"ListItem\",\"position\":1,\"name\":\"Home\",\"item\":\"https:\\\/\\\/fsc-ccf.ca\\\/fr\\\/\"},{\"@type\":\"ListItem\",\"position\":2,\"name\":\"Accessibilite\u0301\"}]},{\"@type\":\"WebSite\",\"@id\":\"https:\\\/\\\/fsc-ccf.ca\\\/fr\\\/#website\",\"url\":\"https:\\\/\\\/fsc-ccf.ca\\\/fr\\\/\",\"name\":\"Future Skills Centre \u2022 Centre des Comp\u00e9tences futures\",\"description\":\"\",\"publisher\":{\"@id\":\"https:\\\/\\\/fsc-ccf.ca\\\/fr\\\/#organization\"},\"potentialAction\":[{\"@type\":\"SearchAction\",\"target\":{\"@type\":\"EntryPoint\",\"urlTemplate\":\"https:\\\/\\\/fsc-ccf.ca\\\/fr\\\/?s={search_term_string}\"},\"query-input\":{\"@type\":\"PropertyValueSpecification\",\"valueRequired\":true,\"valueName\":\"search_term_string\"}}],\"inLanguage\":\"fr-FR\"},{\"@type\":\"Organization\",\"@id\":\"https:\\\/\\\/fsc-ccf.ca\\\/fr\\\/#organization\",\"name\":\"Future Skills Centre \u2022 Centre des Comp\u00e9tences futures\",\"url\":\"https:\\\/\\\/fsc-ccf.ca\\\/fr\\\/\",\"logo\":{\"@type\":\"ImageObject\",\"inLanguage\":\"fr-FR\",\"@id\":\"https:\\\/\\\/fsc-ccf.ca\\\/fr\\\/#\\\/schema\\\/logo\\\/image\\\/\",\"url\":\"https:\\\/\\\/fsc-ccf.ca\\\/wp-content\\\/uploads\\\/2019\\\/08\\\/FSC_logo_colour_rgb_positive_ENG.png\",\"contentUrl\":\"https:\\\/\\\/fsc-ccf.ca\\\/wp-content\\\/uploads\\\/2019\\\/08\\\/FSC_logo_colour_rgb_positive_ENG.png\",\"width\":618,\"height\":528,\"caption\":\"Future Skills Centre \u2022 Centre des Comp\u00e9tences futures\"},\"image\":{\"@id\":\"https:\\\/\\\/fsc-ccf.ca\\\/fr\\\/#\\\/schema\\\/logo\\\/image\\\/\"},\"sameAs\":[\"https:\\\/\\\/www.facebook.com\\\/2161871137193201\\\/\",\"https:\\\/\\\/x.com\\\/fsc_ccf_en\",\"https:\\\/\\\/www.instagram.com\\\/fsc_ccf\\\/\",\"https:\\\/\\\/www.linkedin.com\\\/company\\\/fsc-ccf\\\/\"]}]}<\/script>\n<!-- \/ Yoast SEO plugin. -->","yoast_head_json":{"title":"Accessibilite\u0301 - Future Skills Centre \u2022 Centre des Comp\u00e9tences futures","description":"\u00c9nonc\u00e9 sur l\u2019accessibilit\u00e9 Notre engagement Le Centre des Comp\u00e9tences futures \u2013 Future Skills Centre (fsc-ccf.ca) s\u2019engage \u00e0 cr\u00e9er un organisme accessible","robots":{"index":"index","follow":"follow","max-snippet":"max-snippet:-1","max-image-preview":"max-image-preview:large","max-video-preview":"max-video-preview:-1"},"canonical":"https:\/\/fsc-ccf.ca\/fr\/accessibility\/","twitter_misc":{"Est. reading time":"2 minutes"},"schema":{"@context":"https:\/\/schema.org","@graph":[{"@type":"WebPage","@id":"https:\/\/fsc-ccf.ca\/fr\/accessibility\/","url":"https:\/\/fsc-ccf.ca\/fr\/accessibility\/","name":"Accessibilite\u0301 - Future Skills Centre \u2022 Centre des Comp\u00e9tences futures","isPartOf":{"@id":"https:\/\/fsc-ccf.ca\/fr\/#website"},"datePublished":"2019-07-09T21:49:02+00:00","dateModified":"2019-12-03T19:59:46+00:00","description":"\u00c9nonc\u00e9 sur l\u2019accessibilit\u00e9 Notre engagement Le Centre des Comp\u00e9tences futures \u2013 Future Skills Centre (fsc-ccf.ca) s\u2019engage \u00e0 cr\u00e9er un organisme accessible","breadcrumb":{"@id":"https:\/\/fsc-ccf.ca\/fr\/accessibility\/#breadcrumb"},"inLanguage":"fr-FR","potentialAction":[{"@type":"ReadAction","target":["https:\/\/fsc-ccf.ca\/fr\/accessibility\/"]}]},{"@type":"BreadcrumbList","@id":"https:\/\/fsc-ccf.ca\/fr\/accessibility\/#breadcrumb","itemListElement":[{"@type":"ListItem","position":1,"name":"Home","item":"https:\/\/fsc-ccf.ca\/fr\/"},{"@type":"ListItem","position":2,"name":"Accessibilite\u0301"}]},{"@type":"WebSite","@id":"https:\/\/fsc-ccf.ca\/fr\/#website","url":"https:\/\/fsc-ccf.ca\/fr\/","name":"Future Skills Centre \u2022 Centre des Comp\u00e9tences futures","description":"","publisher":{"@id":"https:\/\/fsc-ccf.ca\/fr\/#organization"},"potentialAction":[{"@type":"SearchAction","target":{"@type":"EntryPoint","urlTemplate":"https:\/\/fsc-ccf.ca\/fr\/?s={search_term_string}"},"query-input":{"@type":"PropertyValueSpecification","valueRequired":true,"valueName":"search_term_string"}}],"inLanguage":"fr-FR"},{"@type":"Organization","@id":"https:\/\/fsc-ccf.ca\/fr\/#organization","name":"Future Skills Centre \u2022 Centre des Comp\u00e9tences futures","url":"https:\/\/fsc-ccf.ca\/fr\/","logo":{"@type":"ImageObject","inLanguage":"fr-FR","@id":"https:\/\/fsc-ccf.ca\/fr\/#\/schema\/logo\/image\/","url":"https:\/\/fsc-ccf.ca\/wp-content\/uploads\/2019\/08\/FSC_logo_colour_rgb_positive_ENG.png","contentUrl":"https:\/\/fsc-ccf.ca\/wp-content\/uploads\/2019\/08\/FSC_logo_colour_rgb_positive_ENG.png","width":618,"height":528,"caption":"Future Skills Centre \u2022 Centre des Comp\u00e9tences futures"},"image":{"@id":"https:\/\/fsc-ccf.ca\/fr\/#\/schema\/logo\/image\/"},"sameAs":["https:\/\/www.facebook.com\/2161871137193201\/","https:\/\/x.com\/fsc_ccf_en","https:\/\/www.instagram.com\/fsc_ccf\/","https:\/\/www.linkedin.com\/company\/fsc-ccf\/"]}]}},"_links":{"self":[{"href":"https:\/\/fsc-ccf.ca\/fr\/wp-json\/wp\/v2\/pages\/4754","targetHints":{"allow":["GET"]}}],"collection":[{"href":"https:\/\/fsc-ccf.ca\/fr\/wp-json\/wp\/v2\/pages"}],"about":[{"href":"https:\/\/fsc-ccf.ca\/fr\/wp-json\/wp\/v2\/types\/page"}],"author":[{"embeddable":true,"href":"https:\/\/fsc-ccf.ca\/fr\/wp-json\/wp\/v2\/users\/1"}],"replies":[{"embeddable":true,"href":"https:\/\/fsc-ccf.ca\/fr\/wp-json\/wp\/v2\/comments?post=4754"}],"version-history":[{"count":0,"href":"https:\/\/fsc-ccf.ca\/fr\/wp-json\/wp\/v2\/pages\/4754\/revisions"}],"wp:attachment":[{"href":"https:\/\/fsc-ccf.ca\/fr\/wp-json\/wp\/v2\/media?parent=4754"}],"curies":[{"name":"wp","href":"https:\/\/api.w.org\/{rel}","templated":true}]}}