			{"id":4753,"date":"2019-08-21T17:32:46","date_gmt":"2019-08-21T21:32:46","guid":{"rendered":"http:\/\/fscccf.alphabureau.ca\/?page_id=4753"},"modified":"2025-08-21T13:36:30","modified_gmt":"2025-08-21T17:36:30","slug":"nous-contacter","status":"publish","type":"page","link":"https:\/\/fsc-ccf.ca\/fr\/nous-contacter\/","title":{"rendered":"Nous contacter"},"content":{"rendered":"<\/section>\n<section class=\"section-divider section-divider--white section-divider--nav section-divider--nav1 \">\n    <div class=\"section-divider__anchor\" id=\"entrer-en-contact\"><\/div>\n    <div class=\"page-block__bar\"><\/div>\n\n\n<p>Pour toute question ou demande, veuillez remplir le formulaire ci-dessous. Vous pouvez \u00e9galement <a href=\"https:\/\/fsc-ccf.ca\/fr\/a-propos\/team\/\">communiquer directement avec notre \u00e9quipe<\/a>.<\/p>\n\n\n\n<div class=\"form-block \">\n\t\t\t<div class=\"form-block__form\">\n\t\t\t\t<form class=\"obform form\" method=\"POST\" action=\"\/wp-json\/ob\/v1\/form\/\">\n\t\t\t\t\t<div class=\"form__row narrow\">\n\t\t\t\t<label class=\"form__label form__label--text\" data-required=\"Required\">\n\t\t\t\t\t\t\t\t\t\t<input\n\t\t\t\t\t\tclass=\"form__input form__input--text\"\n\t\t\t\t\t\ttype=\"text\"\n\t\t\t\t\t\tname=\"first-name\"\n\t\t\t\t\t\tplaceholder=\"Pr\u00e9nom*\">\n\t\t\t\t\t<span class=\"form__label-text\">Pr\u00e9nom*<\/span>\t\t\t\t<\/label>\n\t\t\t<\/div>\n\t\t\t\t\t<div class=\"form__row narrow\">\n\t\t\t\t<label class=\"form__label form__label--text\" data-required=\"Required\">\n\t\t\t\t\t\t\t\t\t\t<input\n\t\t\t\t\t\tclass=\"form__input form__input--text\"\n\t\t\t\t\t\ttype=\"text\"\n\t\t\t\t\t\tname=\"last-name\"\n\t\t\t\t\t\tplaceholder=\"Nom de famille*\">\n\t\t\t\t\t<span class=\"form__label-text\">Nom de famille*<\/span>\t\t\t\t<\/label>\n\t\t\t<\/div>\n\t\t\t\t\t<div class=\"form__row narrow\">\n\t\t\t\t<label class=\"form__label form__label--email\" data-required=\"Required\">\n\t\t\t\t\t\t\t\t\t\t<input\n\t\t\t\t\t\tclass=\"form__input form__input--email\"\n\t\t\t\t\t\ttype=\"email\"\n\t\t\t\t\t\tname=\"email\"\n\t\t\t\t\t\tplaceholder=\"Courriel*\">\n\t\t\t\t\t<span class=\"form__label-text\">Courriel*<\/span>\t\t\t\t<\/label>\n\t\t\t<\/div>\n\t\t\t\t\t<div class=\"form__row narrow\">\n\t\t\t\t<label class=\"form__label form__label--tel\" >\n\t\t\t\t\t\t\t\t\t\t<input\n\t\t\t\t\t\tclass=\"form__input form__input--tel\"\n\t\t\t\t\t\ttype=\"tel\"\n\t\t\t\t\t\tname=\"telephone\"\n\t\t\t\t\t\tplaceholder=\"T\u00e9l\u00e9phone\">\n\t\t\t\t\t<span class=\"form__label-text\">T\u00e9l\u00e9phone<\/span>\t\t\t\t<\/label>\n\t\t\t<\/div>\n\t\t\t\t\t<div class=\"form__row narrow\">\n\t\t\t\t<label class=\"form__label form__label--text\" >\n\t\t\t\t\t\t\t\t\t\t<input\n\t\t\t\t\t\tclass=\"form__input form__input--text\"\n\t\t\t\t\t\ttype=\"text\"\n\t\t\t\t\t\tname=\"organisation\"\n\t\t\t\t\t\tplaceholder=\"Organisation\">\n\t\t\t\t\t<span class=\"form__label-text\">Organisation<\/span>\t\t\t\t<\/label>\n\t\t\t<\/div>\n\t\t\t\t\t<div class=\"form__row \">\n\t\t\t\t<label class=\"form__label form__label--select\" >\n\t\t\t\t\t<span class=\"form__label-text\"><\/span>\n\t\t\t\t\t<select class=\"form__input form__input--select\" name=\"matiere\" >\n\t\t\t\t\t\t<option value=\"\" selected disabled>Quel est l\u2019objet de votre requ\u00eate?<\/option>\n\t\t\t\t\t\t\t\t\t\t\t\t\t<option value=\"call_for_proposals\">Appel de propositions<\/option>\n\t\t\t\t\t\t\t\t\t\t\t\t\t<option value=\"innovation_projects\">Projets d&#8217;innovation<\/option>\n\t\t\t\t\t\t\t\t\t\t\t\t\t<option value=\"media_communications\">M\u00e9dia et communications<\/option>\n\t\t\t\t\t\t\t\t\t\t\t\t\t<option value=\"website_feedback\">Commentaires relatifs \u00e0 notre site Web et \u00e0 l\u2019accessibilit\u00e9<\/option>\n\t\t\t\t\t\t\t\t\t\t\t\t\t<option value=\"other\">Autre<\/option>\n\t\t\t\t\t\t\t\t\t\t\t<\/select>\n\t\t\t\t<\/label>\n\t\t\t<\/div>\n\t\t\t\t\t<div class=\"form__row \">\n\t\t\t\t<label class=\"form__label\" data-required=\"Required\">\n\t\t\t\t\t\t\t\t\t\t<textarea class=\"form__input form__input--textarea\" name=\"message\" placeholder=\"Enqu\u00eate*\"><\/textarea>\n\t\t\t\t\t<span class=\"form__label-text\">Enqu\u00eate*<\/span>\t\t\t\t<\/label>\n\t\t\t<\/div>\n\t\t\t\t\t<div class=\"form__row \">\n\t\t\t\t<label class=\"form__label form__label--checkbox\" >\n\t\t\t\t\t<input\n\t\t\t\t\t\tclass=\"form__input form__input--checkbox\"\n\t\t\t\t\t\ttype=\"checkbox\"\n\t\t\t\t\t\tname=\"newsletter-subscribe\" >\n\t\t\t\t\t<span class=\"form__label-text\">Cocher pour rejoindre notre liste de diffusion<\/span>\n\t\t\t\t<\/label>\n\t\t\t<\/div>\n\t\t\t\t\t\t\t\t<script>var grecaptcha = false;<\/script>\n\t\t\t\n\t\t\t\t\t\t<div class=\"form__message\"><\/div>\n\t\t\t\n\t\t\t<button class=\"button form__button\" type=\"submit\" >Soumettre<\/button>\n\t\t\t<input type=\"text\" id=\"obhp\" tabindex=\"-1\" name=\"obhp\" aria-label=\"obhp\" class=\"visuallyhidden\">\n\t\t\t<label for=\"obhp\" tabindex=\"-1\" class=\"visuallyhidden\">No need to fill out this field, please.<\/label>\n\t\t\t<input type=\"hidden\" name=\"obss\" aria-label=\"obss\" value=\"1\">\n\t\t\t<input type=\"hidden\" name=\"obsm\" aria-label=\"obsm\" value=\"\">\n\t\t\t<input type=\"hidden\" name=\"obid\" aria-label=\"obid\" value=\"NzgyMg==\">\n\t\t\t<input type=\"hidden\" name=\"obfn\" aria-label=\"obfn\" value=\"Q29udGFjdCBGcg==\">\n\t\t\t<input type=\"hidden\" name=\"obrf\" aria-label=\"obrf\" value=\"Zmlyc3QtbmFtZSxsYXN0LW5hbWUsZW1haWwsbWVzc2FnZQ==\">\t\t\t<input type=\"hidden\" name=\"obrp\" aria-label=\"obrp\" value=\"aW5mb0Bmc2MtY2NmLmNh\">\n\t\t\t<input type=\"hidden\" name=\"obcb\" aria-label=\"obcb\" value=\"\">\n\t\t\t\t\t<\/form>\n\t\t\t<\/div>\n<\/div>\n\n\n<p>Pour obtenir des renseignements g\u00e9n\u00e9raux ou pour plus de d\u00e9tails sur le Centre des comp\u00e9tences futures et nos partenaires, veuillez \u00e9crire \u00e0 <a href=\"mailto:info@fsc-ccf.ca\">info<\/a><a href=\"mailto:projects@fsc-ccf.ca\">@fsc-ccf.ca<\/a>. <\/p>\n\n\n\n<p>Pour les demandes des m\u00e9dias, \u00e9crivez \u00e0 <a href=\"mailto:communications@fsc-ccf.ca\">communications@fsc-ccf.ca<\/a>.<\/p>\n\n\n\n<p>Pour les demandes d&#8217;assistance technique des partenaires du CCF, veuillez contacter <a href=\"mailto:projectsupport@fsc-ccf.ca\">projectsupport@fsc-ccf.ca<\/a><\/p>\n\n\n\n<p class=\"is-style-default\">Pour obtenir des renseignements sur nos appels de propositions, veuillez \u00e9crire \u00e0 <a href=\"mailto:opencall@fsc-ccf.ca\">opencall@fsc-ccf.ca<\/a>.<\/p>\n\n\n<\/section>\n<section class=\"section-divider section-divider--white section-divider--nav section-divider--nav2 \">\n    <div class=\"section-divider__anchor\" id=\"adresse-postale\"><\/div>\n    <div class=\"page-block__bar\"><\/div>\n\n\n<p><strong>Adresse postale de notre bureau de Toronto :<\/strong><br>1, rue Dundas Ouest, 11e \u00e9tage<br>Toronto (Ontario)<br>M5G 1Z3<\/p>\n","protected":false},"excerpt":{"rendered":"<p>Pour toute question ou demande, veuillez remplir le formulaire ci-dessous. Vous pouvez \u00e9galement communiquer directement avec notre \u00e9quipe. Pour obtenir des renseignements g\u00e9n\u00e9raux ou pour&#8230;<\/p>\n","protected":false},"author":1,"featured_media":0,"parent":0,"menu_order":0,"comment_status":"closed","ping_status":"closed","template":"","meta":{"_acf_changed":false,"footnotes":""},"class_list":["post-4753","page","type-page","status-publish","hentry"],"acf":{"subtitle":"","highlight":"pink","thumbnail_image":false,"slider_image":false},"yoast_head":"<!-- This site is optimized with the Yoast SEO plugin v27.4 - https:\/\/yoast.com\/product\/yoast-seo-wordpress\/ -->\n<title>Nous contacter - Future Skills Centre \u2022 Centre des Comp\u00e9tences futures<\/title>\n<meta name=\"description\" content=\"Pour toute question ou demande, veuillez remplir le formulaire ci-dessous. Vous pouvez \u00e9galement communiquer directement avec notre \u00e9quipe. Pour obtenir\" \/>\n<meta name=\"robots\" content=\"index, follow, max-snippet:-1, max-image-preview:large, max-video-preview:-1\" \/>\n<link rel=\"canonical\" href=\"https:\/\/fsc-ccf.ca\/fr\/nous-contacter\/\" \/>\n<meta name=\"twitter:label1\" content=\"Est. reading time\" \/>\n\t<meta name=\"twitter:data1\" content=\"1 minute\" \/>\n<script type=\"application\/ld+json\" class=\"yoast-schema-graph\">{\"@context\":\"https:\\\/\\\/schema.org\",\"@graph\":[{\"@type\":\"WebPage\",\"@id\":\"https:\\\/\\\/fsc-ccf.ca\\\/fr\\\/nous-contacter\\\/\",\"url\":\"https:\\\/\\\/fsc-ccf.ca\\\/fr\\\/nous-contacter\\\/\",\"name\":\"Nous contacter - Future Skills Centre \u2022 Centre des Comp\u00e9tences futures\",\"isPartOf\":{\"@id\":\"https:\\\/\\\/fsc-ccf.ca\\\/fr\\\/#website\"},\"datePublished\":\"2019-08-21T21:32:46+00:00\",\"dateModified\":\"2025-08-21T17:36:30+00:00\",\"description\":\"Pour toute question ou demande, veuillez remplir le formulaire ci-dessous. Vous pouvez \u00e9galement communiquer directement avec notre \u00e9quipe. Pour obtenir\",\"breadcrumb\":{\"@id\":\"https:\\\/\\\/fsc-ccf.ca\\\/fr\\\/nous-contacter\\\/#breadcrumb\"},\"inLanguage\":\"fr-FR\",\"potentialAction\":[{\"@type\":\"ReadAction\",\"target\":[\"https:\\\/\\\/fsc-ccf.ca\\\/fr\\\/nous-contacter\\\/\"]}]},{\"@type\":\"BreadcrumbList\",\"@id\":\"https:\\\/\\\/fsc-ccf.ca\\\/fr\\\/nous-contacter\\\/#breadcrumb\",\"itemListElement\":[{\"@type\":\"ListItem\",\"position\":1,\"name\":\"Home\",\"item\":\"https:\\\/\\\/fsc-ccf.ca\\\/fr\\\/\"},{\"@type\":\"ListItem\",\"position\":2,\"name\":\"Nous contacter\"}]},{\"@type\":\"WebSite\",\"@id\":\"https:\\\/\\\/fsc-ccf.ca\\\/fr\\\/#website\",\"url\":\"https:\\\/\\\/fsc-ccf.ca\\\/fr\\\/\",\"name\":\"Future Skills Centre \u2022 Centre des Comp\u00e9tences futures\",\"description\":\"\",\"publisher\":{\"@id\":\"https:\\\/\\\/fsc-ccf.ca\\\/fr\\\/#organization\"},\"potentialAction\":[{\"@type\":\"SearchAction\",\"target\":{\"@type\":\"EntryPoint\",\"urlTemplate\":\"https:\\\/\\\/fsc-ccf.ca\\\/fr\\\/?s={search_term_string}\"},\"query-input\":{\"@type\":\"PropertyValueSpecification\",\"valueRequired\":true,\"valueName\":\"search_term_string\"}}],\"inLanguage\":\"fr-FR\"},{\"@type\":\"Organization\",\"@id\":\"https:\\\/\\\/fsc-ccf.ca\\\/fr\\\/#organization\",\"name\":\"Future Skills Centre \u2022 Centre des Comp\u00e9tences futures\",\"url\":\"https:\\\/\\\/fsc-ccf.ca\\\/fr\\\/\",\"logo\":{\"@type\":\"ImageObject\",\"inLanguage\":\"fr-FR\",\"@id\":\"https:\\\/\\\/fsc-ccf.ca\\\/fr\\\/#\\\/schema\\\/logo\\\/image\\\/\",\"url\":\"https:\\\/\\\/fsc-ccf.ca\\\/wp-content\\\/uploads\\\/2019\\\/08\\\/FSC_logo_colour_rgb_positive_ENG.png\",\"contentUrl\":\"https:\\\/\\\/fsc-ccf.ca\\\/wp-content\\\/uploads\\\/2019\\\/08\\\/FSC_logo_colour_rgb_positive_ENG.png\",\"width\":618,\"height\":528,\"caption\":\"Future Skills Centre \u2022 Centre des Comp\u00e9tences futures\"},\"image\":{\"@id\":\"https:\\\/\\\/fsc-ccf.ca\\\/fr\\\/#\\\/schema\\\/logo\\\/image\\\/\"},\"sameAs\":[\"https:\\\/\\\/www.facebook.com\\\/2161871137193201\\\/\",\"https:\\\/\\\/x.com\\\/fsc_ccf_en\",\"https:\\\/\\\/www.instagram.com\\\/fsc_ccf\\\/\",\"https:\\\/\\\/www.linkedin.com\\\/company\\\/fsc-ccf\\\/\"]}]}<\/script>\n<!-- \/ Yoast SEO plugin. -->","yoast_head_json":{"title":"Nous contacter - Future Skills Centre \u2022 Centre des Comp\u00e9tences futures","description":"Pour toute question ou demande, veuillez remplir le formulaire ci-dessous. Vous pouvez \u00e9galement communiquer directement avec notre \u00e9quipe. Pour obtenir","robots":{"index":"index","follow":"follow","max-snippet":"max-snippet:-1","max-image-preview":"max-image-preview:large","max-video-preview":"max-video-preview:-1"},"canonical":"https:\/\/fsc-ccf.ca\/fr\/nous-contacter\/","twitter_misc":{"Est. reading time":"1 minute"},"schema":{"@context":"https:\/\/schema.org","@graph":[{"@type":"WebPage","@id":"https:\/\/fsc-ccf.ca\/fr\/nous-contacter\/","url":"https:\/\/fsc-ccf.ca\/fr\/nous-contacter\/","name":"Nous contacter - Future Skills Centre \u2022 Centre des Comp\u00e9tences futures","isPartOf":{"@id":"https:\/\/fsc-ccf.ca\/fr\/#website"},"datePublished":"2019-08-21T21:32:46+00:00","dateModified":"2025-08-21T17:36:30+00:00","description":"Pour toute question ou demande, veuillez remplir le formulaire ci-dessous. Vous pouvez \u00e9galement communiquer directement avec notre \u00e9quipe. Pour obtenir","breadcrumb":{"@id":"https:\/\/fsc-ccf.ca\/fr\/nous-contacter\/#breadcrumb"},"inLanguage":"fr-FR","potentialAction":[{"@type":"ReadAction","target":["https:\/\/fsc-ccf.ca\/fr\/nous-contacter\/"]}]},{"@type":"BreadcrumbList","@id":"https:\/\/fsc-ccf.ca\/fr\/nous-contacter\/#breadcrumb","itemListElement":[{"@type":"ListItem","position":1,"name":"Home","item":"https:\/\/fsc-ccf.ca\/fr\/"},{"@type":"ListItem","position":2,"name":"Nous contacter"}]},{"@type":"WebSite","@id":"https:\/\/fsc-ccf.ca\/fr\/#website","url":"https:\/\/fsc-ccf.ca\/fr\/","name":"Future Skills Centre \u2022 Centre des Comp\u00e9tences futures","description":"","publisher":{"@id":"https:\/\/fsc-ccf.ca\/fr\/#organization"},"potentialAction":[{"@type":"SearchAction","target":{"@type":"EntryPoint","urlTemplate":"https:\/\/fsc-ccf.ca\/fr\/?s={search_term_string}"},"query-input":{"@type":"PropertyValueSpecification","valueRequired":true,"valueName":"search_term_string"}}],"inLanguage":"fr-FR"},{"@type":"Organization","@id":"https:\/\/fsc-ccf.ca\/fr\/#organization","name":"Future Skills Centre \u2022 Centre des Comp\u00e9tences futures","url":"https:\/\/fsc-ccf.ca\/fr\/","logo":{"@type":"ImageObject","inLanguage":"fr-FR","@id":"https:\/\/fsc-ccf.ca\/fr\/#\/schema\/logo\/image\/","url":"https:\/\/fsc-ccf.ca\/wp-content\/uploads\/2019\/08\/FSC_logo_colour_rgb_positive_ENG.png","contentUrl":"https:\/\/fsc-ccf.ca\/wp-content\/uploads\/2019\/08\/FSC_logo_colour_rgb_positive_ENG.png","width":618,"height":528,"caption":"Future Skills Centre \u2022 Centre des Comp\u00e9tences futures"},"image":{"@id":"https:\/\/fsc-ccf.ca\/fr\/#\/schema\/logo\/image\/"},"sameAs":["https:\/\/www.facebook.com\/2161871137193201\/","https:\/\/x.com\/fsc_ccf_en","https:\/\/www.instagram.com\/fsc_ccf\/","https:\/\/www.linkedin.com\/company\/fsc-ccf\/"]}]}},"_links":{"self":[{"href":"https:\/\/fsc-ccf.ca\/fr\/wp-json\/wp\/v2\/pages\/4753","targetHints":{"allow":["GET"]}}],"collection":[{"href":"https:\/\/fsc-ccf.ca\/fr\/wp-json\/wp\/v2\/pages"}],"about":[{"href":"https:\/\/fsc-ccf.ca\/fr\/wp-json\/wp\/v2\/types\/page"}],"author":[{"embeddable":true,"href":"https:\/\/fsc-ccf.ca\/fr\/wp-json\/wp\/v2\/users\/1"}],"replies":[{"embeddable":true,"href":"https:\/\/fsc-ccf.ca\/fr\/wp-json\/wp\/v2\/comments?post=4753"}],"version-history":[{"count":10,"href":"https:\/\/fsc-ccf.ca\/fr\/wp-json\/wp\/v2\/pages\/4753\/revisions"}],"predecessor-version":[{"id":321595,"href":"https:\/\/fsc-ccf.ca\/fr\/wp-json\/wp\/v2\/pages\/4753\/revisions\/321595"}],"wp:attachment":[{"href":"https:\/\/fsc-ccf.ca\/fr\/wp-json\/wp\/v2\/media?parent=4753"}],"curies":[{"name":"wp","href":"https:\/\/api.w.org\/{rel}","templated":true}]}}