			{"id":4752,"date":"2019-08-26T14:41:33","date_gmt":"2019-08-26T18:41:33","guid":{"rendered":"http:\/\/fscccf.alphabureau.ca\/?page_id=4752"},"modified":"2021-04-27T14:56:38","modified_gmt":"2021-04-27T18:56:38","slug":"enonce-de-reconnaissance-du-territoire","status":"publish","type":"page","link":"https:\/\/fsc-ccf.ca\/fr\/enonce-de-reconnaissance-du-territoire\/","title":{"rendered":"\u00c9nonc\u00e9 de reconnaissance du territoire"},"content":{"rendered":"\n<p class=\"is-style-large-paragraph\">La recherche et la consultation ont \u00e9t\u00e9 des\nfacteurs d\u00e9terminants dans la cr\u00e9ation d\u2019une reconnaissance du territoire\nsignificative et intentionnelle, et nous souhaitons poursuivre le dialogue.<\/p>\n\n\n\n<p>En janvier&nbsp;2018, l\u2019Universit\u00e9 Ryerson a publi\u00e9 le\nrapport <a href=\"https:\/\/www.ryerson.ca\/content\/dam\/aboriginal-news\/aboriginal-report-web.pdf\"><em>Building a New Foundation for Generations\nto Come: Community Consultation Summary Report<\/em><\/a> (lien en anglais), un document qui se penche sur les engagements\nactuels et futurs de Ryerson en vue de faire progresser la v\u00e9rit\u00e9 et la r\u00e9conciliation\n\u00e0 l\u2019\u00e9chelle de toute l\u2019Universit\u00e9. Ryerson s\u2019est engag\u00e9e \u00e0 r\u00e9pondre aux appels\n\u00e0 l\u2019action lanc\u00e9s par la Commission de v\u00e9rit\u00e9 et\nr\u00e9conciliation du Canada et, ce\nfaisant, nous cr\u00e9ons notre propre voie vers la r\u00e9conciliation. Dans le cadre de\nnotre engagement \u00e0 la v\u00e9rit\u00e9 et \u00e0 la r\u00e9conciliation, le Centre des Comp\u00e9tences\nfutures reconna\u00eet que Toronto est situ\u00e9e sur des territoires autochtones\ntraditionnels et actuels des nations des Hurons-Wendats, des Anichinab\u00e9s, des Haudenosaunee\net des Mississaugas de New Credit. <\/p>\n\n\n\n<p>La reconnaissance du territoire est devenue une\nimportante reconnaissance de la pr\u00e9sence et de l\u2019affirmation de la souverainet\u00e9\ndes Autochtones. D\u2019abord apparue en Colombie-Britannique, o\u00f9 il y a peu de\ntrait\u00e9s, la reconnaissance du territoire est mentionn\u00e9e au d\u00e9but des \u00e9v\u00e9nements,\ndes c\u00e9r\u00e9monies et des r\u00e9unions. L\u2019\u00e9nonc\u00e9 de reconnaissance du territoire de Ryerson\na \u00e9t\u00e9 cr\u00e9\u00e9 en 2014 par le conseil de l\u2019\u00e9ducation autochtone et est utilis\u00e9 uniform\u00e9ment\n\u00e0 l\u2019\u00e9chelle de l\u2019Universit\u00e9. <\/p>\n\n\n\n<div id=\"pullquote-block_5dfa98ac1204e\" class=\"pullquote   fr  is-full-length-\">\n\t<blockquote class=\"pullquote__quote\">\n\t\t<div class=\"pullquote__bar\" style=\"background-color: #C9EF50\"><\/div>\n\t\t<div class=\"pullquote__quote-text\">Toronto est le territoire du \u00ab Bol \u00e0 une seule cuill\u00e8re \u00bb. Le \u00ab Bol \u00e0 une seule cuill\u00e8re \u00bb est un trait\u00e9 entre les Anichinab\u00e9s, les Mississaugas et les Haudenosaunee qui les engage \u00e0 partager le territoire et \u00e0 prot\u00e9ger la terre. Les nations et peuples autochtones subs\u00e9quents, les Europ\u00e9ens et tous les nouveaux arrivants ont \u00e9t\u00e9 invit\u00e9s dans ce trait\u00e9 dans l\u2019esprit de la paix, de l\u2019amiti\u00e9 et du respect. <\/div>\n\t\t<cite class=\"pullquote__cite\"><\/cite>\n\t<\/blockquote>\n<\/div>\n\n\n<p>Ce trait\u00e9 a \u00e9t\u00e9 conclu entre les Anichinab\u00e9s et les Haudenosaunee apr\u00e8s la guerre entre Fran\u00e7ais et Am\u00e9rindiens. Les nouveaux arrivants ont ensuite \u00e9t\u00e9 incorpor\u00e9s dans le trait\u00e9 au fil des ans, notamment en 1764 avec la Proclamation royale et le Trait\u00e9 de Niagara. Le territoire auquel il fait r\u00e9f\u00e9rence \u2013 le Bol \u2013 repr\u00e9sente ce qui est aujourd\u2019hui le sud de l\u2019Ontario, des Grands Lacs jusqu\u2019au Qu\u00e9bec et du lac Simcoe jusqu\u2019aux \u00c9tats-Unis. <\/p>\n\n\n\n<div id=\"pullquote-block_5dfa98ba1204f\" class=\"pullquote   fr  is-full-length-\">\n\t<blockquote class=\"pullquote__quote\">\n\t\t<div class=\"pullquote__bar\" style=\"background-color: #EC008C\"><\/div>\n\t\t<div class=\"pullquote__quote-text\">Nous mangeons tous dans le m\u00eame Bol, nous tous qui partageons ce territoire, avec une seule cuill\u00e8re.<\/div>\n\t\t<cite class=\"pullquote__cite\"><\/cite>\n\t<\/blockquote>\n<\/div>\n\n\n<p>En d\u2019autres mots, nous devons partager la responsabilit\u00e9 de nous assurer que le Bol n\u2019est jamais vide, ce qui comprend de prendre soin de la terre et des cr\u00e9atures avec lesquelles nous partageons ce territoire. Et surtout, il n\u2019y a pas de couteau \u00e0 la table, pour symboliser la pr\u00e9servation de la paix.<\/p>\n\n\n\n\t\t<div class=\"featured-content page-block full-width-block   \">\n\n\t\t\t<div class=\"container\">\n\t\t\t\t<div class=\"slide-featured content-card--no-image post-type--research \">\n\t\t\t\t\t<!-- image -->\n\t\t\t\t\t\n\t\t\t\t\t<!-- card content -->\n\t\t\t\t\t<div class=\"content-card content-card--research\">\n\t\t\t<div class=\"content-card__image\">\n\t\t\t<a href=\"https:\/\/fsc-ccf.ca\/fr\/recherche\/les-stim-et-les-etudiants-autochtones\/\" target=\"_self\"><img decoding=\"async\" src=\"https:\/\/fsc-ccf.ca\/wp-content\/uploads\/2019\/08\/3.3.5-STEM-for-Indigenous-Learners-800x600.png\" alt=\"Youth working together to plant a tree.\"><\/a>\n\t\t<\/div>\n\t\t\t<div class=\"content-card__content\">\n\t\t<div class=\"content-card__text\">\n\t\t\t\t\t\t\t<div class=\"content-card__type\">\n\t\t\t\t\t<span href=\"https:\/\/fsc-ccf.ca\/fr\/recherche\/\">Recherche<\/span>\t\t\t\t<\/div>\n\t\t\t\n\t\t\t\n\t\t\t\t\t\t<h3 class=\"content-card__title\">\n\t\t\t\t<a href=\"https:\/\/fsc-ccf.ca\/fr\/recherche\/les-stim-et-les-etudiants-autochtones\/\" target=\"_self\">Les STIM et les \u00e9tudiants autochtones<\/a>\n\t\t\t<\/h3>\n\n\t\t\t<div class=\"metadata metadata--event\">\n\t<ul>\n\t\t<li class=\"metadata__date\">\n\t\t\t<div class=\"metadata__icon\"><svg width=\"10\" height=\"12\" viewBox=\"0 0 10 12\" fill=\"none\" xmlns=\"http:\/\/www.w3.org\/2000\/svg\">\n<path id=\"calendar_today\" d=\"M1.11111 11.5477C0.805556 11.5477 0.543982 11.4358 0.326389 11.212C0.108796 10.9882 0 10.7191 0 10.4049V2.40486C0 2.09057 0.108796 1.82152 0.326389 1.59771C0.543982 1.3739 0.805556 1.262 1.11111 1.262H1.66667V0.119141H2.77778V1.262H7.22222V0.119141H8.33333V1.262H8.88889C9.19444 1.262 9.45602 1.3739 9.67361 1.59771C9.8912 1.82152 10 2.09057 10 2.40486V10.4049C10 10.7191 9.8912 10.9882 9.67361 11.212C9.45602 11.4358 9.19444 11.5477 8.88889 11.5477H1.11111ZM1.11111 10.4049H8.88889V4.69057H1.11111V10.4049Z\" fill=\"#71136C\"\/>\n<\/svg>\n<\/div>\n\t\t\tAo\u00fbt 2019\t\t<\/li>\n\n\t\t\t\t\t<li class=\"metadata__partners\">\n\t\t\t\t<div class=\"metadata__icon\"><svg width=\"12\" height=\"9\" viewBox=\"0 0 12 9\" fill=\"none\" xmlns=\"http:\/\/www.w3.org\/2000\/svg\">\n<path id=\"Parnter Icon\" d=\"M0 9.00014V7.50014C0 7.19657 0.0795454 6.91755 0.238636 6.66309C0.397727 6.40862 0.609091 6.21443 0.872727 6.0805C1.43636 5.80371 2.00909 5.59612 2.59091 5.45773C3.17273 5.31934 3.76364 5.25014 4.36364 5.25014C4.96364 5.25014 5.55455 5.31934 6.13636 5.45773C6.71818 5.59612 7.29091 5.80371 7.85455 6.0805C8.11818 6.21443 8.32955 6.40862 8.48864 6.66309C8.64773 6.91755 8.72727 7.19657 8.72727 7.50014V9.00014H0ZM9.81818 9.00014V7.393C9.81818 7.00014 9.70682 6.62291 9.48409 6.2613C9.26136 5.89969 8.94546 5.58943 8.53636 5.3305C9 5.38407 9.43636 5.47559 9.84546 5.60505C10.2545 5.73451 10.6364 5.893 10.9909 6.0805C11.3182 6.25907 11.5682 6.45773 11.7409 6.67648C11.9136 6.89523 12 7.13407 12 7.393V9.00014H9.81818ZM4.36364 4.71443C3.76364 4.71443 3.25 4.5046 2.82273 4.08496C2.39545 3.66532 2.18182 3.16085 2.18182 2.57157C2.18182 1.98228 2.39545 1.47782 2.82273 1.05818C3.25 0.638532 3.76364 0.428711 4.36364 0.428711C4.96364 0.428711 5.47727 0.638532 5.90455 1.05818C6.33182 1.47782 6.54545 1.98228 6.54545 2.57157C6.54545 3.16085 6.33182 3.66532 5.90455 4.08496C5.47727 4.5046 4.96364 4.71443 4.36364 4.71443ZM9.81818 2.57157C9.81818 3.16085 9.60455 3.66532 9.17727 4.08496C8.75 4.5046 8.23636 4.71443 7.63636 4.71443C7.53636 4.71443 7.40909 4.70326 7.25455 4.68094C7.1 4.65862 6.97273 4.63407 6.87273 4.60728C7.11818 4.32157 7.30682 4.0046 7.43864 3.65639C7.57045 3.30818 7.63636 2.94657 7.63636 2.57157C7.63636 2.19657 7.57045 1.83496 7.43864 1.48675C7.30682 1.13853 7.11818 0.821568 6.87273 0.535854C7 0.491211 7.12727 0.462193 7.25455 0.4488C7.38182 0.435407 7.50909 0.428711 7.63636 0.428711C8.23636 0.428711 8.75 0.638532 9.17727 1.05818C9.60455 1.47782 9.81818 1.98228 9.81818 2.57157Z\" fill=\"#71136C\"\/>\n<\/svg>\n<\/div>\n\t\t\t\t<div class=\"metadata__list\">\n\t\t\t\t\t<span>Signal49 Recherche<\/span>\t\t\t\t<\/div>\n\t\t\t<\/li>\n\t\t\t<\/ul>\n<\/div>\t\t\t<div class=\"content-card__deck\">\n\t\t\t\tCe projet de recherche tente de d\u00e9couvrir ce qui fonctionne bien dans la conception, l\u2019enseignement et le soutien d\u2019un programme interculturel en sciences, technologies, ing\u00e9nierie et math\u00e9matiques (STIM) pour les \u00e9tudiants autochtones dans les domaines d\u2019\u00e9tudes secondaires et postsecondaires.\t\t\t<\/div>\n\n\t\t\t\t\t\t\t\t\t\t\t\t\t<ul class=\"content-card__terms\">\n\t\t\t\t\t\t\t\t\t\t\t\t<li>\n\t\t\t\t\t\t\t\t\t\t\t\t\t\t\t\t\t<span class=\"term-square\" style=\"background-color:#d218c0\"><\/span>\n\t\t\t\t\t\t\t\t\t\t\t\t\t\t\t\t<a href=\"https:\/\/fsc-ccf.ca\/fr\/themes\/economie-inclusive\/\">\u00c9conomie inclusive<\/a>\n\t\t\t\t\t\t\t<\/li>\n\t\t\t\t\t\t\t\t\t\t\t\t\t\t\t<\/ul>\n\t\t\t\t\t\t\n\t\t<\/div>\n\t\t\t<\/div>\n<\/div>\t\t\t\t<\/div>\n\t\t\t<\/div>\n\n\t\t<\/div>\n\n\t\t\n\n\n<p>La portion de <a href=\"https:\/\/www.manataka.org\/page1302.html\">l\u2019\u00cele de la Tortue<\/a> (Am\u00e9rique du Nord) que nous appelons\naujourd\u2019hui Canada est, depuis des temps imm\u00e9moriaux, la terre des anc\u00eatres des\nPremi\u00e8res Nations, des M\u00e9tis et des Inuits. Nous reconnaissons que sur ce\nterritoire, les Autochtones d\u00e9tenteurs de droits ont subi de l\u2019oppression par\nle pass\u00e9 et continuent de subir des in\u00e9galit\u00e9s qui ont eu pour principal\nr\u00e9sultat le d\u00e9faut g\u00e9n\u00e9ralis\u00e9 de la part des peuples non autochtones de prendre\nleurs responsabilit\u00e9s dans le cadre de l\u2019alliance du Bol \u00e0 une seule cuill\u00e8re. Dans\nle cadre de notre r\u00f4le en tant que centre de recherche r\u00e9gi par un consortium de\npartenaires, le Centre des Comp\u00e9tences futures s\u2019engage \u00e0 sensibiliser la\npopulation sur nos engagements communs de prendre soin de cette terre et de\nreb\u00e2tir et de renouveller des relations respectueuses entre les peuples\nautochtones et non autochtones. Nous souhaitons soutenir et favoriser le\nprogr\u00e8s vers les appels \u00e0 l\u2019action mentionn\u00e9s dans le <a href=\"http:\/\/nctr.ca\/assets\/reports\/Calls_to_Action_English2.pdf\">rapport final de la Commission de v\u00e9rit\u00e9 et r\u00e9conciliation du Canada<\/a> (lien en anglais). En particulier, nous travaillons avec des\npartenaires afin de combler l\u2019\u00e9cart significatif au niveau de l\u2019\u00e9ducation, de\nl\u2019emploi et de la sant\u00e9 qui existe entre les Canadiens autochtones et les\nCanadiens non autochtones. Nous nous engageons \u00e0 b\u00e2tir et \u00e0 conserver des\nrelations \u00e9quitables, respectueuses et solides avec les organisations et les\nchefs autochtones en mati\u00e8re de politiques, d\u2019affaires, de ressources humaines\net m\u00eame au-del\u00e0. <\/p>\n\n\n\n<p>Inspir\u00e9s par les <a href=\"https:\/\/www.cbc.ca\/news\/politics\/truth-and-reconciliation-94-calls-to-action-1.3362258\">94 appels \u00e0 l\u2019action recommand\u00e9s par la Commission de v\u00e9rit\u00e9 et\nr\u00e9conciliation<\/a> (lien en anglais) et par le travail\neffectu\u00e9 par le <a href=\"https:\/\/nctr.ca\/fr\/map.php\">Centre national pour la v\u00e9rit\u00e9 et la r\u00e9conciliation<\/a> (CNVR), nous acceptons qu\u2019il est de notre responsabilit\u00e9 de reconna\u00eetre\nles territoires sur lesquels nous travaillons et r\u00e9sidons comme une <a href=\"https:\/\/newsinteractives.cbc.ca\/longform-single\/beyond-94?&amp;cta=1\">premi\u00e8re \u00e9tape indispensable<\/a> (lien en anglais) si l\u2019on souhaite honorer les premiers occupants d\u2019un\nterritoire. Ces reconnaissances aident notre personnel et nos partenaires\nexternes \u00e0 reconna\u00eetre et \u00e0 respecter les revendications pass\u00e9es et actuelles des\npeuples autochtones par rapport au territoire ainsi que notre responsabilit\u00e9\npartag\u00e9e \u00e0 prendre soin de <a href=\"https:\/\/www.yesmagazine.org\/peace-justice\/dancing-the-world-into-being-a-conversation-with-idle-no-more-leanne-simpson\">la terre, de l\u2019eau et de nos relations<\/a> (lien en anglais). Ainsi, nous prenons en compte les croyances de\nparent\u00e9 fondamentales qu\u2019ont les peuples autochtones \u00e0 propos de <a href=\"https:\/\/locallove.ca\/issues\/land-acknowledgements-uncovering-an-oral-history-of-tkaronto\/\">la terre<\/a> (lien en anglais), surtout puisque ces\ncroyances ont \u00e9t\u00e9 restreintes par des politiques canadiennes pendant tr\u00e8s\nlongtemps.<\/p>\n\n\n\n<p>Nous cr\u00e9ons des reconnaissances du territoire afin de reconna\u00eetre comment les syst\u00e8mes de pouvoir syst\u00e9miques et institutionnels ont opprim\u00e9 les peuples autochtones et comment cette oppression a influenc\u00e9 dans le pass\u00e9 la fa\u00e7on dont les peuples non autochtones per\u00e7oivent et interagissent avec les peuples autochtones. Nous encourageons l\u2019ensemble de notre personnel et de nos partenaires \u00e0 prendre le temps de lire le <a href=\"https:\/\/ehprnh2mwo3.exactdn.com\/wp-content\/uploads\/2021\/04\/1-Honorer_la_verite_reconcilier_pour_lavenir-Sommaire.pdf\">rapport final de la Commission de v\u00e9rit\u00e9 et r\u00e9conciliation du Canada<\/a> et de consid\u00e9rer comment la port\u00e9e de nos projets communs et externes peut faire progresser les <a href=\"http:\/\/nctr.ca\/assets\/reports\/Calls_to_Action_English2.pdf\">appels \u00e0 l\u2019action<\/a> (lien en anglais).<\/p>\n","protected":false},"excerpt":{"rendered":"<p>La recherche et la consultation ont \u00e9t\u00e9 des facteurs d\u00e9terminants dans la cr\u00e9ation d\u2019une reconnaissance du territoire significative et intentionnelle, et nous souhaitons poursuivre le&#8230;<\/p>\n","protected":false},"author":1,"featured_media":0,"parent":0,"menu_order":0,"comment_status":"closed","ping_status":"closed","template":"","meta":{"_acf_changed":false,"footnotes":""},"class_list":["post-4752","page","type-page","status-publish","hentry"],"acf":{"subtitle":"","highlight":"pink","thumbnail_image":false,"slider_image":false},"yoast_head":"<!-- This site is optimized with the Yoast SEO plugin v27.3 - https:\/\/yoast.com\/product\/yoast-seo-wordpress\/ -->\n<title>\u00c9nonc\u00e9 de reconnaissance du territoire - Future Skills Centre \u2022 Centre des Comp\u00e9tences futures<\/title>\n<meta name=\"description\" content=\"La recherche et la consultation ont \u00e9t\u00e9 des facteurs d\u00e9terminants dans la cr\u00e9ation d\u2019une reconnaissance du territoire significative et intentionnelle, et\" \/>\n<meta name=\"robots\" content=\"index, follow, max-snippet:-1, max-image-preview:large, max-video-preview:-1\" \/>\n<link rel=\"canonical\" href=\"https:\/\/fsc-ccf.ca\/fr\/enonce-de-reconnaissance-du-territoire\/\" \/>\n<meta name=\"twitter:label1\" content=\"Est. reading time\" \/>\n\t<meta name=\"twitter:data1\" content=\"4 minutes\" \/>\n<script type=\"application\/ld+json\" class=\"yoast-schema-graph\">{\"@context\":\"https:\\\/\\\/schema.org\",\"@graph\":[{\"@type\":\"WebPage\",\"@id\":\"https:\\\/\\\/fsc-ccf.ca\\\/fr\\\/enonce-de-reconnaissance-du-territoire\\\/\",\"url\":\"https:\\\/\\\/fsc-ccf.ca\\\/fr\\\/enonce-de-reconnaissance-du-territoire\\\/\",\"name\":\"\u00c9nonc\u00e9 de reconnaissance du territoire - Future Skills Centre \u2022 Centre des Comp\u00e9tences futures\",\"isPartOf\":{\"@id\":\"https:\\\/\\\/fsc-ccf.ca\\\/fr\\\/#website\"},\"datePublished\":\"2019-08-26T18:41:33+00:00\",\"dateModified\":\"2021-04-27T18:56:38+00:00\",\"description\":\"La recherche et la consultation ont \u00e9t\u00e9 des facteurs d\u00e9terminants dans la cr\u00e9ation d\u2019une reconnaissance du territoire significative et intentionnelle, et\",\"breadcrumb\":{\"@id\":\"https:\\\/\\\/fsc-ccf.ca\\\/fr\\\/enonce-de-reconnaissance-du-territoire\\\/#breadcrumb\"},\"inLanguage\":\"fr-FR\",\"potentialAction\":[{\"@type\":\"ReadAction\",\"target\":[\"https:\\\/\\\/fsc-ccf.ca\\\/fr\\\/enonce-de-reconnaissance-du-territoire\\\/\"]}]},{\"@type\":\"BreadcrumbList\",\"@id\":\"https:\\\/\\\/fsc-ccf.ca\\\/fr\\\/enonce-de-reconnaissance-du-territoire\\\/#breadcrumb\",\"itemListElement\":[{\"@type\":\"ListItem\",\"position\":1,\"name\":\"Home\",\"item\":\"https:\\\/\\\/fsc-ccf.ca\\\/fr\\\/\"},{\"@type\":\"ListItem\",\"position\":2,\"name\":\"\u00c9nonc\u00e9 de reconnaissance du territoire\"}]},{\"@type\":\"WebSite\",\"@id\":\"https:\\\/\\\/fsc-ccf.ca\\\/fr\\\/#website\",\"url\":\"https:\\\/\\\/fsc-ccf.ca\\\/fr\\\/\",\"name\":\"Future Skills Centre \u2022 Centre des Comp\u00e9tences futures\",\"description\":\"\",\"publisher\":{\"@id\":\"https:\\\/\\\/fsc-ccf.ca\\\/fr\\\/#organization\"},\"potentialAction\":[{\"@type\":\"SearchAction\",\"target\":{\"@type\":\"EntryPoint\",\"urlTemplate\":\"https:\\\/\\\/fsc-ccf.ca\\\/fr\\\/?s={search_term_string}\"},\"query-input\":{\"@type\":\"PropertyValueSpecification\",\"valueRequired\":true,\"valueName\":\"search_term_string\"}}],\"inLanguage\":\"fr-FR\"},{\"@type\":\"Organization\",\"@id\":\"https:\\\/\\\/fsc-ccf.ca\\\/fr\\\/#organization\",\"name\":\"Future Skills Centre \u2022 Centre des Comp\u00e9tences futures\",\"url\":\"https:\\\/\\\/fsc-ccf.ca\\\/fr\\\/\",\"logo\":{\"@type\":\"ImageObject\",\"inLanguage\":\"fr-FR\",\"@id\":\"https:\\\/\\\/fsc-ccf.ca\\\/fr\\\/#\\\/schema\\\/logo\\\/image\\\/\",\"url\":\"https:\\\/\\\/fsc-ccf.ca\\\/wp-content\\\/uploads\\\/2019\\\/08\\\/FSC_logo_colour_rgb_positive_ENG.png\",\"contentUrl\":\"https:\\\/\\\/fsc-ccf.ca\\\/wp-content\\\/uploads\\\/2019\\\/08\\\/FSC_logo_colour_rgb_positive_ENG.png\",\"width\":618,\"height\":528,\"caption\":\"Future Skills Centre \u2022 Centre des Comp\u00e9tences futures\"},\"image\":{\"@id\":\"https:\\\/\\\/fsc-ccf.ca\\\/fr\\\/#\\\/schema\\\/logo\\\/image\\\/\"},\"sameAs\":[\"https:\\\/\\\/www.facebook.com\\\/2161871137193201\\\/\",\"https:\\\/\\\/x.com\\\/fsc_ccf_en\",\"https:\\\/\\\/www.instagram.com\\\/fsc_ccf\\\/\",\"https:\\\/\\\/www.linkedin.com\\\/company\\\/fsc-ccf\\\/\"]}]}<\/script>\n<!-- \/ Yoast SEO plugin. -->","yoast_head_json":{"title":"\u00c9nonc\u00e9 de reconnaissance du territoire - Future Skills Centre \u2022 Centre des Comp\u00e9tences futures","description":"La recherche et la consultation ont \u00e9t\u00e9 des facteurs d\u00e9terminants dans la cr\u00e9ation d\u2019une reconnaissance du territoire significative et intentionnelle, et","robots":{"index":"index","follow":"follow","max-snippet":"max-snippet:-1","max-image-preview":"max-image-preview:large","max-video-preview":"max-video-preview:-1"},"canonical":"https:\/\/fsc-ccf.ca\/fr\/enonce-de-reconnaissance-du-territoire\/","twitter_misc":{"Est. reading time":"4 minutes"},"schema":{"@context":"https:\/\/schema.org","@graph":[{"@type":"WebPage","@id":"https:\/\/fsc-ccf.ca\/fr\/enonce-de-reconnaissance-du-territoire\/","url":"https:\/\/fsc-ccf.ca\/fr\/enonce-de-reconnaissance-du-territoire\/","name":"\u00c9nonc\u00e9 de reconnaissance du territoire - Future Skills Centre \u2022 Centre des Comp\u00e9tences futures","isPartOf":{"@id":"https:\/\/fsc-ccf.ca\/fr\/#website"},"datePublished":"2019-08-26T18:41:33+00:00","dateModified":"2021-04-27T18:56:38+00:00","description":"La recherche et la consultation ont \u00e9t\u00e9 des facteurs d\u00e9terminants dans la cr\u00e9ation d\u2019une reconnaissance du territoire significative et intentionnelle, et","breadcrumb":{"@id":"https:\/\/fsc-ccf.ca\/fr\/enonce-de-reconnaissance-du-territoire\/#breadcrumb"},"inLanguage":"fr-FR","potentialAction":[{"@type":"ReadAction","target":["https:\/\/fsc-ccf.ca\/fr\/enonce-de-reconnaissance-du-territoire\/"]}]},{"@type":"BreadcrumbList","@id":"https:\/\/fsc-ccf.ca\/fr\/enonce-de-reconnaissance-du-territoire\/#breadcrumb","itemListElement":[{"@type":"ListItem","position":1,"name":"Home","item":"https:\/\/fsc-ccf.ca\/fr\/"},{"@type":"ListItem","position":2,"name":"\u00c9nonc\u00e9 de reconnaissance du territoire"}]},{"@type":"WebSite","@id":"https:\/\/fsc-ccf.ca\/fr\/#website","url":"https:\/\/fsc-ccf.ca\/fr\/","name":"Future Skills Centre \u2022 Centre des Comp\u00e9tences futures","description":"","publisher":{"@id":"https:\/\/fsc-ccf.ca\/fr\/#organization"},"potentialAction":[{"@type":"SearchAction","target":{"@type":"EntryPoint","urlTemplate":"https:\/\/fsc-ccf.ca\/fr\/?s={search_term_string}"},"query-input":{"@type":"PropertyValueSpecification","valueRequired":true,"valueName":"search_term_string"}}],"inLanguage":"fr-FR"},{"@type":"Organization","@id":"https:\/\/fsc-ccf.ca\/fr\/#organization","name":"Future Skills Centre \u2022 Centre des Comp\u00e9tences futures","url":"https:\/\/fsc-ccf.ca\/fr\/","logo":{"@type":"ImageObject","inLanguage":"fr-FR","@id":"https:\/\/fsc-ccf.ca\/fr\/#\/schema\/logo\/image\/","url":"https:\/\/fsc-ccf.ca\/wp-content\/uploads\/2019\/08\/FSC_logo_colour_rgb_positive_ENG.png","contentUrl":"https:\/\/fsc-ccf.ca\/wp-content\/uploads\/2019\/08\/FSC_logo_colour_rgb_positive_ENG.png","width":618,"height":528,"caption":"Future Skills Centre \u2022 Centre des Comp\u00e9tences futures"},"image":{"@id":"https:\/\/fsc-ccf.ca\/fr\/#\/schema\/logo\/image\/"},"sameAs":["https:\/\/www.facebook.com\/2161871137193201\/","https:\/\/x.com\/fsc_ccf_en","https:\/\/www.instagram.com\/fsc_ccf\/","https:\/\/www.linkedin.com\/company\/fsc-ccf\/"]}]}},"_links":{"self":[{"href":"https:\/\/fsc-ccf.ca\/fr\/wp-json\/wp\/v2\/pages\/4752","targetHints":{"allow":["GET"]}}],"collection":[{"href":"https:\/\/fsc-ccf.ca\/fr\/wp-json\/wp\/v2\/pages"}],"about":[{"href":"https:\/\/fsc-ccf.ca\/fr\/wp-json\/wp\/v2\/types\/page"}],"author":[{"embeddable":true,"href":"https:\/\/fsc-ccf.ca\/fr\/wp-json\/wp\/v2\/users\/1"}],"replies":[{"embeddable":true,"href":"https:\/\/fsc-ccf.ca\/fr\/wp-json\/wp\/v2\/comments?post=4752"}],"version-history":[{"count":1,"href":"https:\/\/fsc-ccf.ca\/fr\/wp-json\/wp\/v2\/pages\/4752\/revisions"}],"predecessor-version":[{"id":178553,"href":"https:\/\/fsc-ccf.ca\/fr\/wp-json\/wp\/v2\/pages\/4752\/revisions\/178553"}],"wp:attachment":[{"href":"https:\/\/fsc-ccf.ca\/fr\/wp-json\/wp\/v2\/media?parent=4752"}],"curies":[{"name":"wp","href":"https:\/\/api.w.org\/{rel}","templated":true}]}}