			{"id":4744,"date":"2019-09-13T13:54:09","date_gmt":"2019-09-13T17:54:09","guid":{"rendered":"http:\/\/fscccf.alphabureau.ca\/?page_id=4744"},"modified":"2019-11-20T10:29:09","modified_gmt":"2019-11-20T15:29:09","slug":"engagement-des-intervenants","status":"publish","type":"page","link":"https:\/\/fsc-ccf.ca\/fr\/sengager\/engagement-des-intervenants\/","title":{"rendered":"Engagement des intervenants"},"content":{"rendered":"\n<p class=\"is-style-default\">Les comp\u00e9tences de l\u2019\u00e9cosyst\u00e8me canadien sont diversifi\u00e9es, dynamiques et souvent d\u00e9connect\u00e9es les unes des autres. Le Centre des Comp\u00e9tences futures s\u2019engage \u00e0 travailler directement avec les intervenants afin d\u2019\u00e9couter, de reconna\u00eetre et de mieux comprendre les d\u00e9fis que les gens du Canada doivent relever en mati\u00e8re de comp\u00e9tences et de trouver la meilleure fa\u00e7on de leur apporter des solutions. Le Centre est aussi d\u00e9termin\u00e9 \u00e0 appuyer et \u00e0 faciliter la collaboration, le partage des connaissances et les partenariats entre les intervenants du domaine des comp\u00e9tences et de la formation dans tout le pays, d\u2019un oc\u00e9an \u00e0 l\u2019autre.\u00a0<\/p>\n\n\n\n<p>S&#8217;appuyant sur notre vaste r\u00e9seau de plus de 150 organismes, le Centre des Comp\u00e9tences futures et ses partenaires du consortium s&#8217;adressent activement \u00e0 divers intervenants. Une approche bilingue et accessible est en cours d\u2019\u00e9laboration pour faire conna\u00eetre et promouvoir notre mission.&nbsp;<\/p>\n\n\n\n<p>Les objectifs de cette approche sont les suivants&nbsp;:&nbsp;<\/p>\n\n\n\n<ol class=\"wp-block-list\"><li>informer les Canadiennes et Canadiens sur le mandat, les plans de recherche et la strat\u00e9gie d\u2019investissement du Centre dans les mois et les ann\u00e9es \u00e0 venir;&nbsp;<\/li><li>mieux faire conna\u00eetre la fa\u00e7on dont le Centre des Comp\u00e9tences futures a l\u2019intention d\u2019exercer un impact et de faire \u00e9voluer les syst\u00e8mes partout au Canada aupr\u00e8s des communaut\u00e9s qui se heurtent \u00e0 des obstacles dans la formation professionnelle et dans les parcours professionnels; et&nbsp;<\/li><li>d\u00e9velopper et approfondir les relations du Centre avec des partenaires et intervenants pour concevoir et \u00e9tablir une communaut\u00e9 de pratique virtuelle, pour faire \u00e9tat des comp\u00e9tences de tout le Canada, et pour accro\u00eetre sa pr\u00e9sence et les connaissances du r\u00e9seau en \u00e9mergence en participant \u00e0 des initiatives et \u00e0 des \u00e9v\u00e9nements communautaires. <\/li><\/ol>\n\n\n<div class=\"page-block full-width-block bucket-block bucket-block--numbered bucket-block--pink page-block--black \">\n\t<div class=\"container \">\n\t\t\t<h2 class=\"bucket-block__section-title section-title\">Activit\u00e9s d\u2019engagement des intervenants actuelles et \u00e0 venir<\/h2>\n\t\t\t\t<div class=\"bucket-block__items three-up\">\n\t\t\t\t\t\t\t<div class=\"bucket-block__item bucket-item \">\n\t\t\t\t\t\t\t\t\t\t\t<div class=\"bucket-item__number\">1<\/div>\n\t\t\t\t\t\t\t\t\t\t\t\t\t\t\t\t\t\t\t\t\t\t\t\t\t\t\t\t\t\t\t<div class=\"bucket-item__content\">\n\t\t\t\t\t\t\t\t\t\t\t\t\t<h3 class=\"bucket-item__headline\">Sensibilisation<\/h3>\n\t\t\t\t\t\t\t\t\t\t\t\t\t\t\t\t\t\t<\/div>\n\t\t\t\t\t\t\t\t\t<\/div>\n\t\t\t\t\t\t\t<div class=\"bucket-block__item bucket-item \">\n\t\t\t\t\t\t\t\t\t\t\t<div class=\"bucket-item__number\">2<\/div>\n\t\t\t\t\t\t\t\t\t\t\t\t\t\t\t\t\t\t\t\t\t\t\t\t\t\t\t\t\t\t\t<div class=\"bucket-item__content\">\n\t\t\t\t\t\t\t\t\t\t\t\t\t<h3 class=\"bucket-item__headline\">D\u00e9veloppement des relations<\/h3>\n\t\t\t\t\t\t\t\t\t\t\t\t\t\t\t\t\t\t<\/div>\n\t\t\t\t\t\t\t\t\t<\/div>\n\t\t\t\t\t\t\t<div class=\"bucket-block__item bucket-item \">\n\t\t\t\t\t\t\t\t\t\t\t<div class=\"bucket-item__number\">3<\/div>\n\t\t\t\t\t\t\t\t\t\t\t\t\t\t\t\t\t\t\t\t\t\t\t\t\t\t\t\t\t\t\t<div class=\"bucket-item__content\">\n\t\t\t\t\t\t\t\t\t\t\t\t\t<h3 class=\"bucket-item__headline\">Dialogue et diffusion de contenu<\/h3>\n\t\t\t\t\t\t\t\t\t\t\t\t\t\t\t\t\t\t<\/div>\n\t\t\t\t\t\t\t\t\t<\/div>\n\t\t\t\t\t<\/div>\n\t<\/div>\n<\/div>\n\n<div class=\"page-block cards-grid full-width-block card-style--default display-style--default page-block--grey  \" >\n\t<div class=\"container container--with-overflow\">\n\t\t\t\t\t\t<div class=\"overflow\">\n\t\t\t\n\t\t\t<div class=\"overflow__content cards-grid__grid large\">\n\t\t\t\n\t\t\t<div class=\"content-card content-card--engagement\">\n\t\t\t<div class=\"content-card__image\">\n\t\t\t<a href=\"https:\/\/canadianimmigrant.ca\/news\/immigrant-skill-utilization-canada-scorecard-2026\" target=\"_blank\"><img decoding=\"async\" src=\"https:\/\/fsc-ccf.ca\/wp-content\/uploads\/2026\/04\/Canadian-Immigrant-logo.png\" alt=\"\"><\/a>\n\t\t<\/div>\n\t\t\t<div class=\"content-card__content\">\n\t\t<div class=\"content-card__text\">\n\t\t\t\t\t\t\t<div class=\"content-card__type\">\n\t\t\t\t\t<span>Presse<\/span>\t\t\t\t<\/div>\n\t\t\t\n\t\t\t\n\t\t\t\t\t\t<h3 class=\"content-card__title\">\n\t\t\t\t<a href=\"https:\/\/canadianimmigrant.ca\/news\/immigrant-skill-utilization-canada-scorecard-2026\" target=\"_blank\">Canada isn\u2019t fully using immigrant talent \u2014 new report shows where the gaps are<img decoding=\"async\" src=\"https:\/\/fsc-ccf.ca\/wp-content\/themes\/ob-fsc-2.0\/images\/icons\/external-link.svg\" alt=\"external link icon\"\/><\/a>\n\t\t\t<\/h3>\n\n\t\t\t<div class=\"metadata metadata--event\">\n\t<ul>\n\t\t<li class=\"metadata__date\">\n\t\t\t<div class=\"metadata__icon\"><svg width=\"10\" height=\"12\" viewBox=\"0 0 10 12\" fill=\"none\" xmlns=\"http:\/\/www.w3.org\/2000\/svg\">\n<path id=\"calendar_today\" d=\"M1.11111 11.5477C0.805556 11.5477 0.543982 11.4358 0.326389 11.212C0.108796 10.9882 0 10.7191 0 10.4049V2.40486C0 2.09057 0.108796 1.82152 0.326389 1.59771C0.543982 1.3739 0.805556 1.262 1.11111 1.262H1.66667V0.119141H2.77778V1.262H7.22222V0.119141H8.33333V1.262H8.88889C9.19444 1.262 9.45602 1.3739 9.67361 1.59771C9.8912 1.82152 10 2.09057 10 2.40486V10.4049C10 10.7191 9.8912 10.9882 9.67361 11.212C9.45602 11.4358 9.19444 11.5477 8.88889 11.5477H1.11111ZM1.11111 10.4049H8.88889V4.69057H1.11111V10.4049Z\" fill=\"#71136C\"\/>\n<\/svg>\n<\/div>\n\t\t\tAvril 24, 2026\t\t<\/li>\n\n\t\t\n\t\t\t\t\t<li class=\"metadata__regions\">\n\t\t\t\t<div class=\"metadata__icon\"><svg width=\"10\" height=\"12\" viewBox=\"0 0 10 12\" fill=\"none\" xmlns=\"http:\/\/www.w3.org\/2000\/svg\">\n<path id=\"location_on\" d=\"M5 5.83333C5.34375 5.83333 5.63802 5.7191 5.88281 5.49062C6.1276 5.26215 6.25 4.9875 6.25 4.66667C6.25 4.34583 6.1276 4.07118 5.88281 3.84271C5.63802 3.61424 5.34375 3.5 5 3.5C4.65625 3.5 4.36198 3.61424 4.11719 3.84271C3.8724 4.07118 3.75 4.34583 3.75 4.66667C3.75 4.9875 3.8724 5.26215 4.11719 5.49062C4.36198 5.7191 4.65625 5.83333 5 5.83333ZM5 11.6667C3.32292 10.3347 2.07031 9.09757 1.24219 7.95521C0.414062 6.81285 0 5.75556 0 4.78333C0 3.325 0.502604 2.16319 1.50781 1.29792C2.51302 0.432639 3.67708 0 5 0C6.32292 0 7.48698 0.432639 8.49219 1.29792C9.4974 2.16319 10 3.325 10 4.78333C10 5.75556 9.58594 6.81285 8.75781 7.95521C7.92969 9.09757 6.67708 10.3347 5 11.6667Z\" fill=\"#71136C\"\/>\n<\/svg>\n<\/div>\n\t\t\t\t<div class=\"metadata__list\">\n\t\t\t\t\t<span>Partout au Canada<\/span>\t\t\t\t<\/div>\n\t\t\t<\/li>\n\t\t\n\t\t\t\t\t<li class=\"metadata__source\">\n\t\t\t\t<div class=\"metadata__icon\"><svg version=\"1.1\" id=\"Layer_1\" xmlns=\"http:\/\/www.w3.org\/2000\/svg\" xmlns:xlink=\"http:\/\/www.w3.org\/1999\/xlink\" x=\"0px\" y=\"0px\"\n\t viewBox=\"0 0 10 12\" style=\"enable-background:new 0 0 10 12;\" width=\"12\" height=\"14\" xml:space=\"preserve\">\n<style type=\"text\/css\">\n\t.st0{fill:#71136C;}\n<\/style>\n<path class=\"st0\" d=\"M9.7,4.4L9.2,4C9,3.8,8.9,3.4,8.9,3.1V2.6c0-0.7-0.6-1.2-1.2-1.2H7.2c-0.3,0-0.6-0.2-0.9-0.4L5.9,0.6\n\tc-0.5-0.5-1.2-0.5-1.7,0L3.7,1.1C3.5,1.3,3.1,1.4,2.8,1.4H2.3C1.7,1.4,1.1,2,1.1,2.6v0.5C1.1,3.4,1,3.7,0.8,4L0.3,4.4\n\tc-0.5,0.5-0.5,1.2,0,1.7l0.5,0.5C1,6.8,1.1,7.1,1.1,7.4v0.5c0,0.7,0.6,1.2,1.2,1.2h0.5c0.3,0,0.6,0.2,0.9,0.4l0.5,0.5\n\tc0.5,0.5,1.2,0.5,1.7,0l0.5-0.5c0.2-0.2,0.6-0.4,0.9-0.4h0.5c0.7,0,1.2-0.6,1.2-1.2V7.4c0-0.3,0.2-0.6,0.4-0.9l0.5-0.5\n\tC10.1,5.7,10.1,4.9,9.7,4.4z M6.3,5.9l0.3,1.7L5,6.8L3.4,7.7l0.3-1.7L2.4,4.7l1.8-0.2L5,2.9l0.8,1.6l1.8,0.2L6.3,5.9z\"\/>\n<\/svg>\n<\/div>\n\t\t\t\t<div class=\"metadata__list\">\n\t\t\t\t\tCanadian Immigrant\t\t\t\t<\/div>\n\t\t\t<\/li>\n\t\t\t<\/ul>\n<\/div>\t\t\t<div class=\"content-card__deck\">\n\t\t\t\tA new national report is putting a spotlight on a persistent issue in Canada\u2019s labour market: many immigrants are not able to fully use their education and skills after they arrive.\t\t\t<\/div>\n\n\t\t\t\t\t\t\t\t\t\t\t\t\t<ul class=\"content-card__terms\">\n\t\t\t\t\t\t\t\t\t\t\t\t<li>\n\t\t\t\t\t\t\t\t\t\t\t\t\t\t\t\t\t<span class=\"term-square\" style=\"background-color:#d218c0\"><\/span>\n\t\t\t\t\t\t\t\t\t\t\t\t\t\t\t\t<a href=\"https:\/\/fsc-ccf.ca\/fr\/themes\/economie-inclusive\/\">\u00c9conomie inclusive<\/a>\n\t\t\t\t\t\t\t<\/li>\n\t\t\t\t\t\t\t\t\t\t\t\t\t\t\t<\/ul>\n\t\t\t\t\t\t\n\t\t<\/div>\n\t\t\t<\/div>\n<\/div><div class=\"content-card content-card--engagement\">\n\t\t\t<div class=\"content-card__image\">\n\t\t\t<a href=\"https:\/\/www.theglobeandmail.com\/business\/article-youth-employment-perfect-storm-gen-z-labour-market\/\" target=\"_blank\"><img decoding=\"async\" src=\"https:\/\/fsc-ccf.ca\/wp-content\/uploads\/2026\/01\/Globe-and-Mail.png\" alt=\"\"><\/a>\n\t\t<\/div>\n\t\t\t<div class=\"content-card__content\">\n\t\t<div class=\"content-card__text\">\n\t\t\t\t\t\t\t<div class=\"content-card__type\">\n\t\t\t\t\t<span>Presse<\/span>\t\t\t\t<\/div>\n\t\t\t\n\t\t\t\n\t\t\t\t\t\t<h3 class=\"content-card__title\">\n\t\t\t\t<a href=\"https:\/\/www.theglobeandmail.com\/business\/article-youth-employment-perfect-storm-gen-z-labour-market\/\" target=\"_blank\">Youth facing \u2018perfect storm\u2019 in job hunt this summer, economists say<img decoding=\"async\" src=\"https:\/\/fsc-ccf.ca\/wp-content\/themes\/ob-fsc-2.0\/images\/icons\/external-link.svg\" alt=\"external link icon\"\/><\/a>\n\t\t\t<\/h3>\n\n\t\t\t<div class=\"metadata metadata--event\">\n\t<ul>\n\t\t<li class=\"metadata__date\">\n\t\t\t<div class=\"metadata__icon\"><svg width=\"10\" height=\"12\" viewBox=\"0 0 10 12\" fill=\"none\" xmlns=\"http:\/\/www.w3.org\/2000\/svg\">\n<path id=\"calendar_today\" d=\"M1.11111 11.5477C0.805556 11.5477 0.543982 11.4358 0.326389 11.212C0.108796 10.9882 0 10.7191 0 10.4049V2.40486C0 2.09057 0.108796 1.82152 0.326389 1.59771C0.543982 1.3739 0.805556 1.262 1.11111 1.262H1.66667V0.119141H2.77778V1.262H7.22222V0.119141H8.33333V1.262H8.88889C9.19444 1.262 9.45602 1.3739 9.67361 1.59771C9.8912 1.82152 10 2.09057 10 2.40486V10.4049C10 10.7191 9.8912 10.9882 9.67361 11.212C9.45602 11.4358 9.19444 11.5477 8.88889 11.5477H1.11111ZM1.11111 10.4049H8.88889V4.69057H1.11111V10.4049Z\" fill=\"#71136C\"\/>\n<\/svg>\n<\/div>\n\t\t\tAvril 21, 2026\t\t<\/li>\n\n\t\t\n\t\t\t\t\t<li class=\"metadata__regions\">\n\t\t\t\t<div class=\"metadata__icon\"><svg width=\"10\" height=\"12\" viewBox=\"0 0 10 12\" fill=\"none\" xmlns=\"http:\/\/www.w3.org\/2000\/svg\">\n<path id=\"location_on\" d=\"M5 5.83333C5.34375 5.83333 5.63802 5.7191 5.88281 5.49062C6.1276 5.26215 6.25 4.9875 6.25 4.66667C6.25 4.34583 6.1276 4.07118 5.88281 3.84271C5.63802 3.61424 5.34375 3.5 5 3.5C4.65625 3.5 4.36198 3.61424 4.11719 3.84271C3.8724 4.07118 3.75 4.34583 3.75 4.66667C3.75 4.9875 3.8724 5.26215 4.11719 5.49062C4.36198 5.7191 4.65625 5.83333 5 5.83333ZM5 11.6667C3.32292 10.3347 2.07031 9.09757 1.24219 7.95521C0.414062 6.81285 0 5.75556 0 4.78333C0 3.325 0.502604 2.16319 1.50781 1.29792C2.51302 0.432639 3.67708 0 5 0C6.32292 0 7.48698 0.432639 8.49219 1.29792C9.4974 2.16319 10 3.325 10 4.78333C10 5.75556 9.58594 6.81285 8.75781 7.95521C7.92969 9.09757 6.67708 10.3347 5 11.6667Z\" fill=\"#71136C\"\/>\n<\/svg>\n<\/div>\n\t\t\t\t<div class=\"metadata__list\">\n\t\t\t\t\t<span>Partout au Canada<\/span>\t\t\t\t<\/div>\n\t\t\t<\/li>\n\t\t\n\t\t\t\t\t<li class=\"metadata__source\">\n\t\t\t\t<div class=\"metadata__icon\"><svg version=\"1.1\" id=\"Layer_1\" xmlns=\"http:\/\/www.w3.org\/2000\/svg\" xmlns:xlink=\"http:\/\/www.w3.org\/1999\/xlink\" x=\"0px\" y=\"0px\"\n\t viewBox=\"0 0 10 12\" style=\"enable-background:new 0 0 10 12;\" width=\"12\" height=\"14\" xml:space=\"preserve\">\n<style type=\"text\/css\">\n\t.st0{fill:#71136C;}\n<\/style>\n<path class=\"st0\" d=\"M9.7,4.4L9.2,4C9,3.8,8.9,3.4,8.9,3.1V2.6c0-0.7-0.6-1.2-1.2-1.2H7.2c-0.3,0-0.6-0.2-0.9-0.4L5.9,0.6\n\tc-0.5-0.5-1.2-0.5-1.7,0L3.7,1.1C3.5,1.3,3.1,1.4,2.8,1.4H2.3C1.7,1.4,1.1,2,1.1,2.6v0.5C1.1,3.4,1,3.7,0.8,4L0.3,4.4\n\tc-0.5,0.5-0.5,1.2,0,1.7l0.5,0.5C1,6.8,1.1,7.1,1.1,7.4v0.5c0,0.7,0.6,1.2,1.2,1.2h0.5c0.3,0,0.6,0.2,0.9,0.4l0.5,0.5\n\tc0.5,0.5,1.2,0.5,1.7,0l0.5-0.5c0.2-0.2,0.6-0.4,0.9-0.4h0.5c0.7,0,1.2-0.6,1.2-1.2V7.4c0-0.3,0.2-0.6,0.4-0.9l0.5-0.5\n\tC10.1,5.7,10.1,4.9,9.7,4.4z M6.3,5.9l0.3,1.7L5,6.8L3.4,7.7l0.3-1.7L2.4,4.7l1.8-0.2L5,2.9l0.8,1.6l1.8,0.2L6.3,5.9z\"\/>\n<\/svg>\n<\/div>\n\t\t\t\t<div class=\"metadata__list\">\n\t\t\t\t\tThe Globe and Mail\t\t\t\t<\/div>\n\t\t\t<\/li>\n\t\t\t<\/ul>\n<\/div>\t\t\t<div class=\"content-card__deck\">\n\t\t\t\tYoung people looking to get their foot in the labour market\u2019s door this summer are feeling the crunch of a sluggish economy, fierce competition and fewer opportunities \u2013 a challenging situation for recent graduates and students in search of seasonal work.\t\t\t<\/div>\n\n\t\t\t\t\t\t\t\t\t\t\t\t\t<ul class=\"content-card__terms\">\n\t\t\t\t\t\t\t\t\t\t\t\t\t\t<\/ul>\n\t\t\t\t\t\t\n\t\t<\/div>\n\t\t\t<\/div>\n<\/div><div class=\"content-card content-card--engagement\">\n\t\t\t<div class=\"content-card__image\">\n\t\t\t<a href=\"https:\/\/policyoptions.irpp.org\/2026\/04\/skills-system-canada\/\" target=\"_blank\"><img decoding=\"async\" src=\"https:\/\/fsc-ccf.ca\/wp-content\/uploads\/2026\/01\/Policy-Options-1.png\" alt=\"\"><\/a>\n\t\t<\/div>\n\t\t\t<div class=\"content-card__content\">\n\t\t<div class=\"content-card__text\">\n\t\t\t\t\t\t\t<div class=\"content-card__type\">\n\t\t\t\t\t<span>Presse<\/span>\t\t\t\t<\/div>\n\t\t\t\n\t\t\t\n\t\t\t\t\t\t<h3 class=\"content-card__title\">\n\t\t\t\t<a href=\"https:\/\/policyoptions.irpp.org\/2026\/04\/skills-system-canada\/\" target=\"_blank\">The missing work of co-ordination in Canada\u2019s skills ecosystem<img decoding=\"async\" src=\"https:\/\/fsc-ccf.ca\/wp-content\/themes\/ob-fsc-2.0\/images\/icons\/external-link.svg\" alt=\"external link icon\"\/><\/a>\n\t\t\t<\/h3>\n\n\t\t\t<div class=\"metadata metadata--event\">\n\t<ul>\n\t\t<li class=\"metadata__date\">\n\t\t\t<div class=\"metadata__icon\"><svg width=\"10\" height=\"12\" viewBox=\"0 0 10 12\" fill=\"none\" xmlns=\"http:\/\/www.w3.org\/2000\/svg\">\n<path id=\"calendar_today\" d=\"M1.11111 11.5477C0.805556 11.5477 0.543982 11.4358 0.326389 11.212C0.108796 10.9882 0 10.7191 0 10.4049V2.40486C0 2.09057 0.108796 1.82152 0.326389 1.59771C0.543982 1.3739 0.805556 1.262 1.11111 1.262H1.66667V0.119141H2.77778V1.262H7.22222V0.119141H8.33333V1.262H8.88889C9.19444 1.262 9.45602 1.3739 9.67361 1.59771C9.8912 1.82152 10 2.09057 10 2.40486V10.4049C10 10.7191 9.8912 10.9882 9.67361 11.212C9.45602 11.4358 9.19444 11.5477 8.88889 11.5477H1.11111ZM1.11111 10.4049H8.88889V4.69057H1.11111V10.4049Z\" fill=\"#71136C\"\/>\n<\/svg>\n<\/div>\n\t\t\tAvril 13, 2026\t\t<\/li>\n\n\t\t\n\t\t\t\t\t<li class=\"metadata__regions\">\n\t\t\t\t<div class=\"metadata__icon\"><svg width=\"10\" height=\"12\" viewBox=\"0 0 10 12\" fill=\"none\" xmlns=\"http:\/\/www.w3.org\/2000\/svg\">\n<path id=\"location_on\" d=\"M5 5.83333C5.34375 5.83333 5.63802 5.7191 5.88281 5.49062C6.1276 5.26215 6.25 4.9875 6.25 4.66667C6.25 4.34583 6.1276 4.07118 5.88281 3.84271C5.63802 3.61424 5.34375 3.5 5 3.5C4.65625 3.5 4.36198 3.61424 4.11719 3.84271C3.8724 4.07118 3.75 4.34583 3.75 4.66667C3.75 4.9875 3.8724 5.26215 4.11719 5.49062C4.36198 5.7191 4.65625 5.83333 5 5.83333ZM5 11.6667C3.32292 10.3347 2.07031 9.09757 1.24219 7.95521C0.414062 6.81285 0 5.75556 0 4.78333C0 3.325 0.502604 2.16319 1.50781 1.29792C2.51302 0.432639 3.67708 0 5 0C6.32292 0 7.48698 0.432639 8.49219 1.29792C9.4974 2.16319 10 3.325 10 4.78333C10 5.75556 9.58594 6.81285 8.75781 7.95521C7.92969 9.09757 6.67708 10.3347 5 11.6667Z\" fill=\"#71136C\"\/>\n<\/svg>\n<\/div>\n\t\t\t\t<div class=\"metadata__list\">\n\t\t\t\t\t<span>Partout au Canada<\/span>\t\t\t\t<\/div>\n\t\t\t<\/li>\n\t\t\n\t\t\t\t\t<li class=\"metadata__source\">\n\t\t\t\t<div class=\"metadata__icon\"><svg version=\"1.1\" id=\"Layer_1\" xmlns=\"http:\/\/www.w3.org\/2000\/svg\" xmlns:xlink=\"http:\/\/www.w3.org\/1999\/xlink\" x=\"0px\" y=\"0px\"\n\t viewBox=\"0 0 10 12\" style=\"enable-background:new 0 0 10 12;\" width=\"12\" height=\"14\" xml:space=\"preserve\">\n<style type=\"text\/css\">\n\t.st0{fill:#71136C;}\n<\/style>\n<path class=\"st0\" d=\"M9.7,4.4L9.2,4C9,3.8,8.9,3.4,8.9,3.1V2.6c0-0.7-0.6-1.2-1.2-1.2H7.2c-0.3,0-0.6-0.2-0.9-0.4L5.9,0.6\n\tc-0.5-0.5-1.2-0.5-1.7,0L3.7,1.1C3.5,1.3,3.1,1.4,2.8,1.4H2.3C1.7,1.4,1.1,2,1.1,2.6v0.5C1.1,3.4,1,3.7,0.8,4L0.3,4.4\n\tc-0.5,0.5-0.5,1.2,0,1.7l0.5,0.5C1,6.8,1.1,7.1,1.1,7.4v0.5c0,0.7,0.6,1.2,1.2,1.2h0.5c0.3,0,0.6,0.2,0.9,0.4l0.5,0.5\n\tc0.5,0.5,1.2,0.5,1.7,0l0.5-0.5c0.2-0.2,0.6-0.4,0.9-0.4h0.5c0.7,0,1.2-0.6,1.2-1.2V7.4c0-0.3,0.2-0.6,0.4-0.9l0.5-0.5\n\tC10.1,5.7,10.1,4.9,9.7,4.4z M6.3,5.9l0.3,1.7L5,6.8L3.4,7.7l0.3-1.7L2.4,4.7l1.8-0.2L5,2.9l0.8,1.6l1.8,0.2L6.3,5.9z\"\/>\n<\/svg>\n<\/div>\n\t\t\t\t<div class=\"metadata__list\">\n\t\t\t\t\tPolicy Options\t\t\t\t<\/div>\n\t\t\t<\/li>\n\t\t\t<\/ul>\n<\/div>\t\t\t<div class=\"content-card__deck\">\n\t\t\t\tCanada\u2019s workforce shortages won\u2019t be solved by training alone. Better co-ordination, stronger intermediaries and long-term thinking are needed.\t\t\t<\/div>\n\n\t\t\t\t\t\t\t\t\t\t\t\t\t<ul class=\"content-card__terms\">\n\t\t\t\t\t\t\t\t\t\t\t\t\t\t<\/ul>\n\t\t\t\t\t\t\n\t\t<\/div>\n\t\t\t<\/div>\n<\/div>\t\t\t<\/div>\n\t\t\t\t\t<\/div>\n\t\t\t<\/div>\n<\/div>\n\n\n\n<p><\/p>\n","protected":false},"excerpt":{"rendered":"<p>Les comp\u00e9tences de l\u2019\u00e9cosyst\u00e8me canadien sont diversifi\u00e9es, dynamiques et souvent d\u00e9connect\u00e9es les unes des autres. Le Centre des Comp\u00e9tences futures s\u2019engage \u00e0 travailler directement avec&#8230;<\/p>\n","protected":false},"author":1,"featured_media":0,"parent":4742,"menu_order":0,"comment_status":"closed","ping_status":"closed","template":"","meta":{"_acf_changed":false,"footnotes":""},"class_list":["post-4744","page","type-page","status-publish","hentry"],"acf":{"subtitle":"","highlight":"pink","thumbnail_image":false,"slider_image":false},"yoast_head":"<!-- This site is optimized with the Yoast SEO plugin v27.4 - https:\/\/yoast.com\/product\/yoast-seo-wordpress\/ -->\n<title>Engagement des intervenants - Future Skills Centre \u2022 Centre des Comp\u00e9tences futures<\/title>\n<meta name=\"description\" content=\"Les comp\u00e9tences de l\u2019\u00e9cosyst\u00e8me canadien sont diversifi\u00e9es, dynamiques et souvent d\u00e9connect\u00e9es les unes des autres. Le Centre des Comp\u00e9tences futures\" \/>\n<meta name=\"robots\" content=\"index, follow, max-snippet:-1, max-image-preview:large, max-video-preview:-1\" \/>\n<link rel=\"canonical\" href=\"https:\/\/fsc-ccf.ca\/fr\/sengager\/engagement-des-intervenants\/\" \/>\n<meta name=\"twitter:label1\" content=\"Est. reading time\" \/>\n\t<meta name=\"twitter:data1\" content=\"2 minutes\" \/>\n<script type=\"application\/ld+json\" class=\"yoast-schema-graph\">{\"@context\":\"https:\\\/\\\/schema.org\",\"@graph\":[{\"@type\":\"WebPage\",\"@id\":\"https:\\\/\\\/fsc-ccf.ca\\\/fr\\\/sengager\\\/engagement-des-intervenants\\\/\",\"url\":\"https:\\\/\\\/fsc-ccf.ca\\\/fr\\\/sengager\\\/engagement-des-intervenants\\\/\",\"name\":\"Engagement des intervenants - Future Skills Centre \u2022 Centre des Comp\u00e9tences futures\",\"isPartOf\":{\"@id\":\"https:\\\/\\\/fsc-ccf.ca\\\/fr\\\/#website\"},\"datePublished\":\"2019-09-13T17:54:09+00:00\",\"dateModified\":\"2019-11-20T15:29:09+00:00\",\"description\":\"Les comp\u00e9tences de l\u2019\u00e9cosyst\u00e8me canadien sont diversifi\u00e9es, dynamiques et souvent d\u00e9connect\u00e9es les unes des autres. Le Centre des Comp\u00e9tences futures\",\"breadcrumb\":{\"@id\":\"https:\\\/\\\/fsc-ccf.ca\\\/fr\\\/sengager\\\/engagement-des-intervenants\\\/#breadcrumb\"},\"inLanguage\":\"fr-FR\",\"potentialAction\":[{\"@type\":\"ReadAction\",\"target\":[\"https:\\\/\\\/fsc-ccf.ca\\\/fr\\\/sengager\\\/engagement-des-intervenants\\\/\"]}]},{\"@type\":\"BreadcrumbList\",\"@id\":\"https:\\\/\\\/fsc-ccf.ca\\\/fr\\\/sengager\\\/engagement-des-intervenants\\\/#breadcrumb\",\"itemListElement\":[{\"@type\":\"ListItem\",\"position\":1,\"name\":\"Home\",\"item\":\"https:\\\/\\\/fsc-ccf.ca\\\/fr\\\/\"},{\"@type\":\"ListItem\",\"position\":2,\"name\":\"S&#8217;engager\",\"item\":\"https:\\\/\\\/fsc-ccf.ca\\\/fr\\\/sengager\\\/\"},{\"@type\":\"ListItem\",\"position\":3,\"name\":\"Engagement des intervenants\"}]},{\"@type\":\"WebSite\",\"@id\":\"https:\\\/\\\/fsc-ccf.ca\\\/fr\\\/#website\",\"url\":\"https:\\\/\\\/fsc-ccf.ca\\\/fr\\\/\",\"name\":\"Future Skills Centre \u2022 Centre des Comp\u00e9tences futures\",\"description\":\"\",\"publisher\":{\"@id\":\"https:\\\/\\\/fsc-ccf.ca\\\/fr\\\/#organization\"},\"potentialAction\":[{\"@type\":\"SearchAction\",\"target\":{\"@type\":\"EntryPoint\",\"urlTemplate\":\"https:\\\/\\\/fsc-ccf.ca\\\/fr\\\/?s={search_term_string}\"},\"query-input\":{\"@type\":\"PropertyValueSpecification\",\"valueRequired\":true,\"valueName\":\"search_term_string\"}}],\"inLanguage\":\"fr-FR\"},{\"@type\":\"Organization\",\"@id\":\"https:\\\/\\\/fsc-ccf.ca\\\/fr\\\/#organization\",\"name\":\"Future Skills Centre \u2022 Centre des Comp\u00e9tences futures\",\"url\":\"https:\\\/\\\/fsc-ccf.ca\\\/fr\\\/\",\"logo\":{\"@type\":\"ImageObject\",\"inLanguage\":\"fr-FR\",\"@id\":\"https:\\\/\\\/fsc-ccf.ca\\\/fr\\\/#\\\/schema\\\/logo\\\/image\\\/\",\"url\":\"https:\\\/\\\/fsc-ccf.ca\\\/wp-content\\\/uploads\\\/2019\\\/08\\\/FSC_logo_colour_rgb_positive_ENG.png\",\"contentUrl\":\"https:\\\/\\\/fsc-ccf.ca\\\/wp-content\\\/uploads\\\/2019\\\/08\\\/FSC_logo_colour_rgb_positive_ENG.png\",\"width\":618,\"height\":528,\"caption\":\"Future Skills Centre \u2022 Centre des Comp\u00e9tences futures\"},\"image\":{\"@id\":\"https:\\\/\\\/fsc-ccf.ca\\\/fr\\\/#\\\/schema\\\/logo\\\/image\\\/\"},\"sameAs\":[\"https:\\\/\\\/www.facebook.com\\\/2161871137193201\\\/\",\"https:\\\/\\\/x.com\\\/fsc_ccf_en\",\"https:\\\/\\\/www.instagram.com\\\/fsc_ccf\\\/\",\"https:\\\/\\\/www.linkedin.com\\\/company\\\/fsc-ccf\\\/\"]}]}<\/script>\n<!-- \/ Yoast SEO plugin. -->","yoast_head_json":{"title":"Engagement des intervenants - Future Skills Centre \u2022 Centre des Comp\u00e9tences futures","description":"Les comp\u00e9tences de l\u2019\u00e9cosyst\u00e8me canadien sont diversifi\u00e9es, dynamiques et souvent d\u00e9connect\u00e9es les unes des autres. Le Centre des Comp\u00e9tences futures","robots":{"index":"index","follow":"follow","max-snippet":"max-snippet:-1","max-image-preview":"max-image-preview:large","max-video-preview":"max-video-preview:-1"},"canonical":"https:\/\/fsc-ccf.ca\/fr\/sengager\/engagement-des-intervenants\/","twitter_misc":{"Est. reading time":"2 minutes"},"schema":{"@context":"https:\/\/schema.org","@graph":[{"@type":"WebPage","@id":"https:\/\/fsc-ccf.ca\/fr\/sengager\/engagement-des-intervenants\/","url":"https:\/\/fsc-ccf.ca\/fr\/sengager\/engagement-des-intervenants\/","name":"Engagement des intervenants - Future Skills Centre \u2022 Centre des Comp\u00e9tences futures","isPartOf":{"@id":"https:\/\/fsc-ccf.ca\/fr\/#website"},"datePublished":"2019-09-13T17:54:09+00:00","dateModified":"2019-11-20T15:29:09+00:00","description":"Les comp\u00e9tences de l\u2019\u00e9cosyst\u00e8me canadien sont diversifi\u00e9es, dynamiques et souvent d\u00e9connect\u00e9es les unes des autres. Le Centre des Comp\u00e9tences futures","breadcrumb":{"@id":"https:\/\/fsc-ccf.ca\/fr\/sengager\/engagement-des-intervenants\/#breadcrumb"},"inLanguage":"fr-FR","potentialAction":[{"@type":"ReadAction","target":["https:\/\/fsc-ccf.ca\/fr\/sengager\/engagement-des-intervenants\/"]}]},{"@type":"BreadcrumbList","@id":"https:\/\/fsc-ccf.ca\/fr\/sengager\/engagement-des-intervenants\/#breadcrumb","itemListElement":[{"@type":"ListItem","position":1,"name":"Home","item":"https:\/\/fsc-ccf.ca\/fr\/"},{"@type":"ListItem","position":2,"name":"S&#8217;engager","item":"https:\/\/fsc-ccf.ca\/fr\/sengager\/"},{"@type":"ListItem","position":3,"name":"Engagement des intervenants"}]},{"@type":"WebSite","@id":"https:\/\/fsc-ccf.ca\/fr\/#website","url":"https:\/\/fsc-ccf.ca\/fr\/","name":"Future Skills Centre \u2022 Centre des Comp\u00e9tences futures","description":"","publisher":{"@id":"https:\/\/fsc-ccf.ca\/fr\/#organization"},"potentialAction":[{"@type":"SearchAction","target":{"@type":"EntryPoint","urlTemplate":"https:\/\/fsc-ccf.ca\/fr\/?s={search_term_string}"},"query-input":{"@type":"PropertyValueSpecification","valueRequired":true,"valueName":"search_term_string"}}],"inLanguage":"fr-FR"},{"@type":"Organization","@id":"https:\/\/fsc-ccf.ca\/fr\/#organization","name":"Future Skills Centre \u2022 Centre des Comp\u00e9tences futures","url":"https:\/\/fsc-ccf.ca\/fr\/","logo":{"@type":"ImageObject","inLanguage":"fr-FR","@id":"https:\/\/fsc-ccf.ca\/fr\/#\/schema\/logo\/image\/","url":"https:\/\/fsc-ccf.ca\/wp-content\/uploads\/2019\/08\/FSC_logo_colour_rgb_positive_ENG.png","contentUrl":"https:\/\/fsc-ccf.ca\/wp-content\/uploads\/2019\/08\/FSC_logo_colour_rgb_positive_ENG.png","width":618,"height":528,"caption":"Future Skills Centre \u2022 Centre des Comp\u00e9tences futures"},"image":{"@id":"https:\/\/fsc-ccf.ca\/fr\/#\/schema\/logo\/image\/"},"sameAs":["https:\/\/www.facebook.com\/2161871137193201\/","https:\/\/x.com\/fsc_ccf_en","https:\/\/www.instagram.com\/fsc_ccf\/","https:\/\/www.linkedin.com\/company\/fsc-ccf\/"]}]}},"_links":{"self":[{"href":"https:\/\/fsc-ccf.ca\/fr\/wp-json\/wp\/v2\/pages\/4744","targetHints":{"allow":["GET"]}}],"collection":[{"href":"https:\/\/fsc-ccf.ca\/fr\/wp-json\/wp\/v2\/pages"}],"about":[{"href":"https:\/\/fsc-ccf.ca\/fr\/wp-json\/wp\/v2\/types\/page"}],"author":[{"embeddable":true,"href":"https:\/\/fsc-ccf.ca\/fr\/wp-json\/wp\/v2\/users\/1"}],"replies":[{"embeddable":true,"href":"https:\/\/fsc-ccf.ca\/fr\/wp-json\/wp\/v2\/comments?post=4744"}],"version-history":[{"count":0,"href":"https:\/\/fsc-ccf.ca\/fr\/wp-json\/wp\/v2\/pages\/4744\/revisions"}],"up":[{"embeddable":true,"href":"https:\/\/fsc-ccf.ca\/fr\/wp-json\/wp\/v2\/pages\/4742"}],"wp:attachment":[{"href":"https:\/\/fsc-ccf.ca\/fr\/wp-json\/wp\/v2\/media?parent=4744"}],"curies":[{"name":"wp","href":"https:\/\/api.w.org\/{rel}","templated":true}]}}