			{"id":4736,"date":"2019-09-06T13:21:50","date_gmt":"2019-09-06T17:21:50","guid":{"rendered":"http:\/\/fscccf.alphabureau.ca\/?page_id=4736"},"modified":"2023-09-19T12:29:47","modified_gmt":"2023-09-19T16:29:47","slug":"projets-dinnovation","status":"publish","type":"page","link":"https:\/\/fsc-ccf.ca\/fr\/projets-dinnovation\/","title":{"rendered":"Projets d&#8217;innovation et partenariats"},"content":{"rendered":"<\/section>\n<section class=\"section-divider section-divider--white  \">\n    <div class=\"section-divider__anchor\" ><\/div>\n    <div class=\"page-block__bar\"><\/div>\n\n\n<h2 class=\"wp-block-heading\"><strong>Enseignements en mati\u00e8re d\u2019innovation, de production de donn\u00e9es probantes et de renforcement des capacit\u00e9s gr\u00e2ce \u00e0 des partenariats tourn\u00e9s vers l\u2019avenir<\/strong><\/h2>\n\n\n\n<p>En tant qu\u2019organisation pancanadienne, nous sommes d\u00e9termin\u00e9s \u00e0 cr\u00e9er un avenir dans lequel chacun aura acc\u00e8s, tout au long de sa vie, \u00e0 des conseils de carri\u00e8re et \u00e0 des possibilit\u00e9s d\u2019apprentissage de grande qualit\u00e9. En collaboration avec nos partenaires, nous testons et \u00e9valuons de nouvelles approches en mati\u00e8re de d\u00e9veloppement des comp\u00e9tences et de formation afin de d\u00e9terminer ce qui fonctionne, pour qui et dans quel contexte. Les connaissances que nous recueillons et partageons dans le cadre des projets d\u2019innovation contribuent \u00e0 informer les professionnels des comp\u00e9tences, les d\u00e9cideurs politiques, les employeurs et la main-d\u2019\u0153uvre sur la mani\u00e8re dont les tendances du march\u00e9 du travail et les pratiques de pointe ont un impact sur l\u2019\u00e9conomie d\u2019aujourd\u2019hui et de demain.<\/p>\n\n\n\n<p>Nous sommes d\u00e9termin\u00e9s \u00e0 aider la main-d\u2019\u0153uvre canadienne \u00e0 prendre des d\u00e9cisions \u00e9clair\u00e9es sur son parcours professionnel, afin qu\u2019elle ait la possibilit\u00e9 de contribuer \u00e0 notre prosp\u00e9rit\u00e9 commune et d\u2019en tirer profit. C\u2019est pourquoi nous nous sommes engag\u00e9s \u00e0 adopter une approche inclusive, en mettant l\u2019accent sur la suppression des obstacles syst\u00e9miques et sur la participation des populations autochtones et des groupes sous-repr\u00e9sent\u00e9s comme les nouveaux arrivants, les communaut\u00e9s noires et autres communaut\u00e9s racialis\u00e9es, les femmes, les jeunes, les personnes 2SLGBTQ+, les personnes handicap\u00e9es, les anciens combattants et les personnes vivant dans des communaut\u00e9s rurales, \u00e9loign\u00e9es et nordiques.<\/p>\n\n\n\n<div style=\"height:41px\" aria-hidden=\"true\" class=\"wp-block-spacer\"><\/div>\n\n\n\n<h2 class=\"wp-block-heading\"><strong>Notre approche en mati\u00e8re d\u2019\u00e9valuation<\/strong><\/h2>\n\n\n\n<p>Nous travaillons en \u00e9troite collaboration avec les partenaires de l\u2019innovation afin de d\u00e9terminer les solutions les plus prometteuses et les plus susceptibles d\u2019\u00eatre \u00e9tendues \u00e0 l\u2019ensemble du Canada pour r\u00e9pondre aux besoins des individus et des employeurs. Pour ce faire, nous soutenons des partenaires qui appliquent une s\u00e9rie de m\u00e9thodes rigoureuses afin d\u2019identifier syst\u00e9matiquement les hypoth\u00e8ses, de remettre en question les pr\u00e9somptions et d\u2019\u00e9valuer les r\u00e9sultats.<\/p>\n\n\n<div id=\"buttons-block-block_5dfee0334486676163b3dca523bfc3db\" class=\"buttons-block \">\n    <ul class=\"buttons-block__buttons\">\n                                                        <li class=\"buttons-block__item button-item section-title button-item--button\">\n                        <a  target=\"_blank\"  href=\"https:\/\/fsc-ccf.ca\/fr\/projets-dinnovation\/evaluation\/\" class=\"btn btn--light\" target=\"_blank\"><span>D\u00e9couvrez plus<\/span><\/a>\n                    <\/li>\n                                        <\/ul>\n<\/div>\n\n\n\n<figure class=\"wp-block-image size-inline-image\"><img loading=\"lazy\" decoding=\"async\" width=\"1024\" height=\"512\" src=\"https:\/\/fsc-ccf.ca\/wp-content\/uploads\/2023\/07\/3.1-Research-Strategy-edited-1024x512.jpg\" alt=\"\" class=\"wp-image-264834\" srcset=\"https:\/\/fsc-ccf.ca\/wp-content\/uploads\/2023\/07\/3.1-Research-Strategy-edited-1024x512.jpg 1024w, https:\/\/fsc-ccf.ca\/wp-content\/uploads\/2023\/07\/3.1-Research-Strategy-edited-10x6.jpg 10w\" sizes=\"auto, (max-width: 1024px) 100vw, 1024px\" \/><\/figure>\n\n\n\n<div style=\"height:87px\" aria-hidden=\"true\" class=\"wp-block-spacer\"><\/div>\n\n\n\n<h2 class=\"wp-block-heading\"><strong>Laboratoire d\u2019innovation<\/strong><\/h2>\n\n\n\n<p>D\u00e9di\u00e9 \u00e0 la promotion d\u2019id\u00e9es ambitieuses et tourn\u00e9es vers l\u2019avenir, le laboratoire d\u2019innovation collabore avec des partenaires afin de maximiser leur efficacit\u00e9 et de d\u00e9couvrir des solutions dans un environnement collaboratif et peu contraignant. Nous mettons l\u2019accent sur l\u2019apprentissage par l\u2019exp\u00e9rimentation et sur le d\u00e9veloppement de l\u2019exp\u00e9rimentation pour g\u00e9n\u00e9rer ces connaissances. Le laboratoire est le fer de lance de deux initiatives essentielles : le programme d\u2019acc\u00e9l\u00e9ration, qui aide les \u00e9quipes \u00e0 d\u00e9velopper ou \u00e0 am\u00e9liorer la conception de leur projet dans un d\u00e9lai rapide, et le r\u00e9seau d\u2019incubation, qui regroupe des projets partageant un objectif commun, afin de faire \u00e9merger des solutions originales ou hors du commun gr\u00e2ce \u00e0 l\u2019apprentissage par les pairs et \u00e0 des objectifs partag\u00e9s.\u00a0\u00a0<\/p>\n\n\n<div id=\"buttons-block-block_5f049462febf5cac5e8c5e9a820e92fb\" class=\"buttons-block \">\n    <ul class=\"buttons-block__buttons\">\n                                                        <li class=\"buttons-block__item button-item section-title button-item--button\">\n                        <a  target=\"_blank\"  href=\"https:\/\/fsc-ccf.ca\/fr\/engage\/le-laboratoire-dinnovation\/\" class=\"btn btn--light\" target=\"_blank\"><span>Pour en savoir plus sur ces initiatives, visitez le site du laboratoire d\u2019innovation<\/span><\/a>\n                    <\/li>\n                                        <\/ul>\n<\/div>\n\n\n\n<figure class=\"wp-block-image size-inline-image\"><img loading=\"lazy\" decoding=\"async\" width=\"1024\" height=\"512\" src=\"https:\/\/fsc-ccf.ca\/wp-content\/uploads\/2023\/06\/Incubation_Network_Web-1-1024x512.png\" alt=\"\" class=\"wp-image-263892\" srcset=\"https:\/\/fsc-ccf.ca\/wp-content\/uploads\/2023\/06\/Incubation_Network_Web-1-1024x512.png 1024w, https:\/\/fsc-ccf.ca\/wp-content\/uploads\/2023\/06\/Incubation_Network_Web-1-10x6.png 10w\" sizes=\"auto, (max-width: 1024px) 100vw, 1024px\" \/><\/figure>\n\n\n","protected":false},"excerpt":{"rendered":"<p>Enseignements en mati\u00e8re d\u2019innovation, de production de donn\u00e9es probantes et de renforcement des capacit\u00e9s gr\u00e2ce \u00e0 des partenariats tourn\u00e9s vers l\u2019avenir En tant qu\u2019organisation pancanadienne,&#8230;<\/p>\n","protected":false},"author":1,"featured_media":0,"parent":0,"menu_order":0,"comment_status":"closed","ping_status":"closed","template":"","meta":{"_acf_changed":false,"footnotes":""},"class_list":["post-4736","page","type-page","status-publish","hentry"],"acf":{"subtitle":"","highlight":"pink","thumbnail_image":false,"slider_image":false},"yoast_head":"<!-- This site is optimized with the Yoast SEO plugin v27.3 - https:\/\/yoast.com\/product\/yoast-seo-wordpress\/ -->\n<title>Projets d&#039;innovation et partenariats - Future Skills Centre \u2022 Centre des Comp\u00e9tences futures<\/title>\n<meta name=\"description\" content=\"Enseignements en mati\u00e8re d\u2019innovation, de production de donn\u00e9es probantes et de renforcement des capacit\u00e9s gr\u00e2ce \u00e0 des partenariats tourn\u00e9s vers l\u2019avenir\" \/>\n<meta name=\"robots\" content=\"index, follow, max-snippet:-1, max-image-preview:large, max-video-preview:-1\" \/>\n<link rel=\"canonical\" href=\"https:\/\/fsc-ccf.ca\/fr\/projets-dinnovation\/\" \/>\n<meta name=\"twitter:label1\" content=\"Est. reading time\" \/>\n\t<meta name=\"twitter:data1\" content=\"3 minutes\" \/>\n<script type=\"application\/ld+json\" class=\"yoast-schema-graph\">{\"@context\":\"https:\\\/\\\/schema.org\",\"@graph\":[{\"@type\":\"WebPage\",\"@id\":\"https:\\\/\\\/fsc-ccf.ca\\\/fr\\\/projets-dinnovation\\\/\",\"url\":\"https:\\\/\\\/fsc-ccf.ca\\\/fr\\\/projets-dinnovation\\\/\",\"name\":\"Projets d'innovation et partenariats - Future Skills Centre \u2022 Centre des Comp\u00e9tences futures\",\"isPartOf\":{\"@id\":\"https:\\\/\\\/fsc-ccf.ca\\\/fr\\\/#website\"},\"primaryImageOfPage\":{\"@id\":\"https:\\\/\\\/fsc-ccf.ca\\\/fr\\\/projets-dinnovation\\\/#primaryimage\"},\"image\":{\"@id\":\"https:\\\/\\\/fsc-ccf.ca\\\/fr\\\/projets-dinnovation\\\/#primaryimage\"},\"thumbnailUrl\":\"https:\\\/\\\/fsc-ccf.ca\\\/wp-content\\\/uploads\\\/2023\\\/07\\\/3.1-Research-Strategy-edited-1024x512.jpg\",\"datePublished\":\"2019-09-06T17:21:50+00:00\",\"dateModified\":\"2023-09-19T16:29:47+00:00\",\"description\":\"Enseignements en mati\u00e8re d\u2019innovation, de production de donn\u00e9es probantes et de renforcement des capacit\u00e9s gr\u00e2ce \u00e0 des partenariats tourn\u00e9s vers l\u2019avenir\",\"breadcrumb\":{\"@id\":\"https:\\\/\\\/fsc-ccf.ca\\\/fr\\\/projets-dinnovation\\\/#breadcrumb\"},\"inLanguage\":\"fr-FR\",\"potentialAction\":[{\"@type\":\"ReadAction\",\"target\":[\"https:\\\/\\\/fsc-ccf.ca\\\/fr\\\/projets-dinnovation\\\/\"]}]},{\"@type\":\"ImageObject\",\"inLanguage\":\"fr-FR\",\"@id\":\"https:\\\/\\\/fsc-ccf.ca\\\/fr\\\/projets-dinnovation\\\/#primaryimage\",\"url\":\"https:\\\/\\\/fsc-ccf.ca\\\/wp-content\\\/uploads\\\/2023\\\/07\\\/3.1-Research-Strategy-edited-1024x512.jpg\",\"contentUrl\":\"https:\\\/\\\/fsc-ccf.ca\\\/wp-content\\\/uploads\\\/2023\\\/07\\\/3.1-Research-Strategy-edited-1024x512.jpg\"},{\"@type\":\"BreadcrumbList\",\"@id\":\"https:\\\/\\\/fsc-ccf.ca\\\/fr\\\/projets-dinnovation\\\/#breadcrumb\",\"itemListElement\":[{\"@type\":\"ListItem\",\"position\":1,\"name\":\"Home\",\"item\":\"https:\\\/\\\/fsc-ccf.ca\\\/fr\\\/\"},{\"@type\":\"ListItem\",\"position\":2,\"name\":\"Projets d&#8217;innovation et partenariats\"}]},{\"@type\":\"WebSite\",\"@id\":\"https:\\\/\\\/fsc-ccf.ca\\\/fr\\\/#website\",\"url\":\"https:\\\/\\\/fsc-ccf.ca\\\/fr\\\/\",\"name\":\"Future Skills Centre \u2022 Centre des Comp\u00e9tences futures\",\"description\":\"\",\"publisher\":{\"@id\":\"https:\\\/\\\/fsc-ccf.ca\\\/fr\\\/#organization\"},\"potentialAction\":[{\"@type\":\"SearchAction\",\"target\":{\"@type\":\"EntryPoint\",\"urlTemplate\":\"https:\\\/\\\/fsc-ccf.ca\\\/fr\\\/?s={search_term_string}\"},\"query-input\":{\"@type\":\"PropertyValueSpecification\",\"valueRequired\":true,\"valueName\":\"search_term_string\"}}],\"inLanguage\":\"fr-FR\"},{\"@type\":\"Organization\",\"@id\":\"https:\\\/\\\/fsc-ccf.ca\\\/fr\\\/#organization\",\"name\":\"Future Skills Centre \u2022 Centre des Comp\u00e9tences futures\",\"url\":\"https:\\\/\\\/fsc-ccf.ca\\\/fr\\\/\",\"logo\":{\"@type\":\"ImageObject\",\"inLanguage\":\"fr-FR\",\"@id\":\"https:\\\/\\\/fsc-ccf.ca\\\/fr\\\/#\\\/schema\\\/logo\\\/image\\\/\",\"url\":\"https:\\\/\\\/fsc-ccf.ca\\\/wp-content\\\/uploads\\\/2019\\\/08\\\/FSC_logo_colour_rgb_positive_ENG.png\",\"contentUrl\":\"https:\\\/\\\/fsc-ccf.ca\\\/wp-content\\\/uploads\\\/2019\\\/08\\\/FSC_logo_colour_rgb_positive_ENG.png\",\"width\":618,\"height\":528,\"caption\":\"Future Skills Centre \u2022 Centre des Comp\u00e9tences futures\"},\"image\":{\"@id\":\"https:\\\/\\\/fsc-ccf.ca\\\/fr\\\/#\\\/schema\\\/logo\\\/image\\\/\"},\"sameAs\":[\"https:\\\/\\\/www.facebook.com\\\/2161871137193201\\\/\",\"https:\\\/\\\/x.com\\\/fsc_ccf_en\",\"https:\\\/\\\/www.instagram.com\\\/fsc_ccf\\\/\",\"https:\\\/\\\/www.linkedin.com\\\/company\\\/fsc-ccf\\\/\"]}]}<\/script>\n<!-- \/ Yoast SEO plugin. -->","yoast_head_json":{"title":"Projets d'innovation et partenariats - Future Skills Centre \u2022 Centre des Comp\u00e9tences futures","description":"Enseignements en mati\u00e8re d\u2019innovation, de production de donn\u00e9es probantes et de renforcement des capacit\u00e9s gr\u00e2ce \u00e0 des partenariats tourn\u00e9s vers l\u2019avenir","robots":{"index":"index","follow":"follow","max-snippet":"max-snippet:-1","max-image-preview":"max-image-preview:large","max-video-preview":"max-video-preview:-1"},"canonical":"https:\/\/fsc-ccf.ca\/fr\/projets-dinnovation\/","twitter_misc":{"Est. reading time":"3 minutes"},"schema":{"@context":"https:\/\/schema.org","@graph":[{"@type":"WebPage","@id":"https:\/\/fsc-ccf.ca\/fr\/projets-dinnovation\/","url":"https:\/\/fsc-ccf.ca\/fr\/projets-dinnovation\/","name":"Projets d'innovation et partenariats - Future Skills Centre \u2022 Centre des Comp\u00e9tences futures","isPartOf":{"@id":"https:\/\/fsc-ccf.ca\/fr\/#website"},"primaryImageOfPage":{"@id":"https:\/\/fsc-ccf.ca\/fr\/projets-dinnovation\/#primaryimage"},"image":{"@id":"https:\/\/fsc-ccf.ca\/fr\/projets-dinnovation\/#primaryimage"},"thumbnailUrl":"https:\/\/fsc-ccf.ca\/wp-content\/uploads\/2023\/07\/3.1-Research-Strategy-edited-1024x512.jpg","datePublished":"2019-09-06T17:21:50+00:00","dateModified":"2023-09-19T16:29:47+00:00","description":"Enseignements en mati\u00e8re d\u2019innovation, de production de donn\u00e9es probantes et de renforcement des capacit\u00e9s gr\u00e2ce \u00e0 des partenariats tourn\u00e9s vers l\u2019avenir","breadcrumb":{"@id":"https:\/\/fsc-ccf.ca\/fr\/projets-dinnovation\/#breadcrumb"},"inLanguage":"fr-FR","potentialAction":[{"@type":"ReadAction","target":["https:\/\/fsc-ccf.ca\/fr\/projets-dinnovation\/"]}]},{"@type":"ImageObject","inLanguage":"fr-FR","@id":"https:\/\/fsc-ccf.ca\/fr\/projets-dinnovation\/#primaryimage","url":"https:\/\/fsc-ccf.ca\/wp-content\/uploads\/2023\/07\/3.1-Research-Strategy-edited-1024x512.jpg","contentUrl":"https:\/\/fsc-ccf.ca\/wp-content\/uploads\/2023\/07\/3.1-Research-Strategy-edited-1024x512.jpg"},{"@type":"BreadcrumbList","@id":"https:\/\/fsc-ccf.ca\/fr\/projets-dinnovation\/#breadcrumb","itemListElement":[{"@type":"ListItem","position":1,"name":"Home","item":"https:\/\/fsc-ccf.ca\/fr\/"},{"@type":"ListItem","position":2,"name":"Projets d&#8217;innovation et partenariats"}]},{"@type":"WebSite","@id":"https:\/\/fsc-ccf.ca\/fr\/#website","url":"https:\/\/fsc-ccf.ca\/fr\/","name":"Future Skills Centre \u2022 Centre des Comp\u00e9tences futures","description":"","publisher":{"@id":"https:\/\/fsc-ccf.ca\/fr\/#organization"},"potentialAction":[{"@type":"SearchAction","target":{"@type":"EntryPoint","urlTemplate":"https:\/\/fsc-ccf.ca\/fr\/?s={search_term_string}"},"query-input":{"@type":"PropertyValueSpecification","valueRequired":true,"valueName":"search_term_string"}}],"inLanguage":"fr-FR"},{"@type":"Organization","@id":"https:\/\/fsc-ccf.ca\/fr\/#organization","name":"Future Skills Centre \u2022 Centre des Comp\u00e9tences futures","url":"https:\/\/fsc-ccf.ca\/fr\/","logo":{"@type":"ImageObject","inLanguage":"fr-FR","@id":"https:\/\/fsc-ccf.ca\/fr\/#\/schema\/logo\/image\/","url":"https:\/\/fsc-ccf.ca\/wp-content\/uploads\/2019\/08\/FSC_logo_colour_rgb_positive_ENG.png","contentUrl":"https:\/\/fsc-ccf.ca\/wp-content\/uploads\/2019\/08\/FSC_logo_colour_rgb_positive_ENG.png","width":618,"height":528,"caption":"Future Skills Centre \u2022 Centre des Comp\u00e9tences futures"},"image":{"@id":"https:\/\/fsc-ccf.ca\/fr\/#\/schema\/logo\/image\/"},"sameAs":["https:\/\/www.facebook.com\/2161871137193201\/","https:\/\/x.com\/fsc_ccf_en","https:\/\/www.instagram.com\/fsc_ccf\/","https:\/\/www.linkedin.com\/company\/fsc-ccf\/"]}]}},"_links":{"self":[{"href":"https:\/\/fsc-ccf.ca\/fr\/wp-json\/wp\/v2\/pages\/4736","targetHints":{"allow":["GET"]}}],"collection":[{"href":"https:\/\/fsc-ccf.ca\/fr\/wp-json\/wp\/v2\/pages"}],"about":[{"href":"https:\/\/fsc-ccf.ca\/fr\/wp-json\/wp\/v2\/types\/page"}],"author":[{"embeddable":true,"href":"https:\/\/fsc-ccf.ca\/fr\/wp-json\/wp\/v2\/users\/1"}],"replies":[{"embeddable":true,"href":"https:\/\/fsc-ccf.ca\/fr\/wp-json\/wp\/v2\/comments?post=4736"}],"version-history":[{"count":14,"href":"https:\/\/fsc-ccf.ca\/fr\/wp-json\/wp\/v2\/pages\/4736\/revisions"}],"predecessor-version":[{"id":268184,"href":"https:\/\/fsc-ccf.ca\/fr\/wp-json\/wp\/v2\/pages\/4736\/revisions\/268184"}],"wp:attachment":[{"href":"https:\/\/fsc-ccf.ca\/fr\/wp-json\/wp\/v2\/media?parent=4736"}],"curies":[{"name":"wp","href":"https:\/\/api.w.org\/{rel}","templated":true}]}}