			{"id":4539,"date":"2019-08-15T20:32:29","date_gmt":"2019-08-16T00:32:29","guid":{"rendered":"http:\/\/fscccf.alphabureau.ca\/call-for-proposals\/"},"modified":"2020-12-14T08:58:32","modified_gmt":"2020-12-14T13:58:32","slug":"appel-de-propositions","status":"publish","type":"page","link":"https:\/\/fsc-ccf.ca\/fr\/appel-de-propositions\/","title":{"rendered":"Appel de propositions"},"content":{"rendered":"\n<p class=\"is-style-large-paragraph\">Le Centre des Comp\u00e9tences futures concentre ses efforts sur l\u2019avancement de l\u2019innovation fond\u00e9e sur des donn\u00e9es probantes dans l\u2019\u00e9cosyst\u00e8me canadien des comp\u00e9tences et de la formation.<\/p>\n\n\n\n<p>Pour la prochaine \u00e9tape de notre plan de r\u00e9ponse \u00e0 la pand\u00e9mie, divers secteurs, dont l\u2019h\u00f4tellerie, les soins de sant\u00e9 et la technologie font face \u00e0 une demande importante de travailleurs poss\u00e9dant de nouvelles comp\u00e9tences. S\u2019adressant \u00e0 toutes les industries qui ont des d\u00e9fis \u00e0 relever, cet appel \u00e0 la recherche de nouvelles possibilit\u00e9s qui peuvent \u00eatre davantage exploit\u00e9es, afin d\u2019acc\u00e9l\u00e9rer la formation des comp\u00e9tences pour aider un grand nombre de personnes \u00e0 se frayer un chemin dans un march\u00e9 du travail en \u00e9volution.<\/p>\n\n\n\n<p class=\"is-style-default\"><strong>L&#8217;appel de propositions \u00ab\u2009Pr\u00e9parer l\u2019avenir du travail\u2009\u00bb <span style=\"text-decoration: underline;\">est d\u00e9sormais clos<\/span> \u00e0 17 h 00 HNE, le 1er septembre 2020.<\/strong><\/p>\n\n\n\n<p class=\"is-style-default\">Avec la pand\u00e9mie en cours, nous \u00e9prouvons des d\u00e9lais plus longs pour l&#8217;examen des propositions et les d\u00e9cisions de financement. Toutes les d\u00e9cisions de financement sont attendues dans les 8 \u00e0 12 semaines suivant la date de cl\u00f4ture de l&#8217;appel et les candidats seront inform\u00e9s par courrier \u00e9lectronique. Les candidats retenus peuvent \u00eatre invit\u00e9s \u00e0 un entretien et demand\u00e9s \u00e0 soumettre des informations suppl\u00e9mentaires.<\/p>\n\n\n\n<p class=\"is-style-default\">Abonnez-vous \u00e0 notre liste de diffusion pour \u00eatre parmi les premiers inform\u00e9s de notre prochain appel de propositions 2020-2021.<\/p>\n\n\n<div id=\"buttons-block-block_5de026c5c6f0a\" class=\"buttons-block \">\n    <ul class=\"buttons-block__buttons\">\n                                                        <li class=\"buttons-block__item button-item section-title button-item--button\">\n                        <a  href=\"https:\/\/fsc-ccf.ca\/fr\/mise-a-jour-11-decembre-2020-preparer-lavenir-du-travail-a-affronter-ladversite\/\" class=\"btn \" target=\"\"><span>Mise \u00e0 jour d\u00e9cembre 2020<\/span><\/a>\n                    <\/li>\n                                        <\/ul>\n<\/div>\n\n\n\n\t\t<div class=\"featured-content page-block full-width-block   \">\n\n\t\t\t<div class=\"container\">\n\t\t\t\t<div class=\"slide-featured content-card--no-image post-type--engagement \">\n\t\t\t\t\t<!-- image -->\n\t\t\t\t\t\n\t\t\t\t\t<!-- card content -->\n\t\t\t\t\t<div class=\"content-card content-card--engagement\">\n\t\t\t<div class=\"content-card__image\">\n\t\t\t<a href=\"https:\/\/fsc-ccf.ca\/fr\/engage\/lavenir-du-travail-a-lepreuve-des-chocs\/\" target=\"_self\"><img decoding=\"async\" src=\"https:\/\/fsc-ccf.ca\/wp-content\/uploads\/2020\/05\/Shock-Proofing-Images-collage-800x600.png\" alt=\" Shock-Proofing-Images-collage\"><\/a>\n\t\t<\/div>\n\t\t\t<div class=\"content-card__content\">\n\t\t<div class=\"content-card__text\">\n\t\t\t\t\t\t\t<div class=\"content-card__type\">\n\t\t\t\t\t<span>Communiqu\u00e9 de presse<\/span>\t\t\t\t<\/div>\n\t\t\t\n\t\t\t\n\t\t\t\t\t\t<h3 class=\"content-card__title\">\n\t\t\t\t<a href=\"https:\/\/fsc-ccf.ca\/fr\/engage\/lavenir-du-travail-a-lepreuve-des-chocs\/\" target=\"_self\">Pr\u00e9parer l\u2019avenir du travail : Le Centre des Comp\u00e9tences futures investit 15 millions de dollars dans des projets d\u2019innovation en vue d\u2019appuyer les travailleuses et les travailleurs des secteurs durement touch\u00e9s<\/a>\n\t\t\t<\/h3>\n\n\t\t\t<div class=\"metadata metadata--event\">\n\t<ul>\n\t\t<li class=\"metadata__date\">\n\t\t\t<div class=\"metadata__icon\"><svg width=\"10\" height=\"12\" viewBox=\"0 0 10 12\" fill=\"none\" xmlns=\"http:\/\/www.w3.org\/2000\/svg\">\n<path id=\"calendar_today\" d=\"M1.11111 11.5477C0.805556 11.5477 0.543982 11.4358 0.326389 11.212C0.108796 10.9882 0 10.7191 0 10.4049V2.40486C0 2.09057 0.108796 1.82152 0.326389 1.59771C0.543982 1.3739 0.805556 1.262 1.11111 1.262H1.66667V0.119141H2.77778V1.262H7.22222V0.119141H8.33333V1.262H8.88889C9.19444 1.262 9.45602 1.3739 9.67361 1.59771C9.8912 1.82152 10 2.09057 10 2.40486V10.4049C10 10.7191 9.8912 10.9882 9.67361 11.212C9.45602 11.4358 9.19444 11.5477 8.88889 11.5477H1.11111ZM1.11111 10.4049H8.88889V4.69057H1.11111V10.4049Z\" fill=\"#71136C\"\/>\n<\/svg>\n<\/div>\n\t\t\tMai 26, 2020\t\t<\/li>\n\n\t\t\n\t\t\n\t\t\t<\/ul>\n<\/div>\t\t\t<div class=\"content-card__deck\">\n\t\t\t\tLe financement de l\u2019innovation dans le d\u00e9veloppement des comp\u00e9tences fait partie d\u2019un plan d\u2019intervention rapide qui vise \u00e0 aider les plus touch\u00e9s par la crise de la COVID-19\t\t\t<\/div>\n\n\t\t\t\t\t\t\t\t\t\t\t\t\t<ul class=\"content-card__terms\">\n\t\t\t\t\t\t\t\t\t<\/ul>\n\t\t\t\t\t\t\n\t\t<\/div>\n\t\t\t<\/div>\n<\/div>\t\t\t\t<\/div>\n\t\t\t<\/div>\n\n\t\t<\/div>\n\n\t\t\n\n\n<figure class=\"wp-block-image\"><img loading=\"lazy\" decoding=\"async\" width=\"2048\" height=\"1365\" src=\"https:\/\/fsc-ccf.ca\/wp-content\/uploads\/2019\/09\/2.2-Card-Inaugural.jpeg\" alt=\"\" class=\"wp-image-6710\" srcset=\"https:\/\/fsc-ccf.ca\/wp-content\/uploads\/2019\/09\/2.2-Card-Inaugural.jpeg 2048w, https:\/\/fsc-ccf.ca\/wp-content\/uploads\/2019\/09\/2.2-Card-Inaugural-300x200.jpeg 300w, https:\/\/fsc-ccf.ca\/wp-content\/uploads\/2019\/09\/2.2-Card-Inaugural-1024x683.jpeg 1024w, https:\/\/fsc-ccf.ca\/wp-content\/uploads\/2019\/09\/2.2-Card-Inaugural-768x512.jpeg 768w, https:\/\/fsc-ccf.ca\/wp-content\/uploads\/2019\/09\/2.2-Card-Inaugural-1536x1024.jpeg 1536w, https:\/\/fsc-ccf.ca\/wp-content\/uploads\/2019\/09\/2.2-Card-Inaugural-10x7.jpeg 10w, https:\/\/fsc-ccf.ca\/wp-content\/uploads\/2019\/09\/2.2-Card-Inaugural-2000x1333.jpeg 2000w\" sizes=\"auto, (max-width: 2048px) 100vw, 2048px\" \/><\/figure>\n\n\n\n<p>Le Centre continuera de lancer des appels de proposition ouverts pour inviter des intervenants de partout au pays \u00e0 pr\u00e9senter des projets visant \u00e0 \u00e9laborer, mettre \u00e0 l\u2019essai et \u00e9valuer des approches novatrices en mati\u00e8re de d\u00e9veloppement des comp\u00e9tences.&nbsp;<\/p>\n\n\n\n<p>Tous les projets feront l\u2019objet d\u2019une <a href=\"https:\/\/fsc-ccf.ca\/innovation-projects\/evaluation-strategy\/?lang=fr\">\u00e9valuation rigoureuse<\/a> et les donn\u00e9es recueillies contribueront \u00e0 une base de recherche croissante sur ce qui fonctionne en mati\u00e8re de d\u00e9veloppement des comp\u00e9tences, pour qui cela fonctionne et dans quelles conditions.<\/p>\n\n\n\n<p><strong>Si vous avez des questions au sujet de notre processus d\u2019appel de propositions, envoyez un courriel \u00e0 <\/strong><a href=\"mailto:projects@fsc-ccf.ca\"><strong>projects@fsc-ccf.ca<\/strong><\/a><strong>.<\/strong><\/p>\n\n\n<\/section>\n<section class=\"section-divider section-divider--grey section-divider--nav section-divider--nav1 \">\n    <div class=\"section-divider__anchor\" id=\"appels-pr\u00e9c\u00e9dents\"><\/div>\n    <div class=\"page-block__bar\"><\/div>\n\n<div class=\"page-block cards-grid full-width-block card-style--default display-style--default page-block--grey  \" >\n\t<div class=\"container container--with-overflow\">\n\t\t<h2 class=\"cards-grid__section-title heading-content section-title\">Appels \u00e0 propositions pr\u00e9c\u00e9dents<\/h2>\t\t\t\t<div class=\"overflow\">\n\t\t\t\n\t\t\t<div class=\"overflow__content cards-grid__grid small\">\n\t\t\t\n\t\t\t<div class=\"content-card content-card--no-imagecontent-card--page\">\n\t\t\t<div class=\"content-card__content\">\n\t\t<div class=\"content-card__text\">\n\t\t\t\n\t\t\t\n\t\t\t\t\t\t<h3 class=\"content-card__title\">\n\t\t\t\t<a href=\"https:\/\/fsc-ccf.ca\/fr\/appel-de-propositions\/mai-2020\/\" target=\"_self\">Mai 2020: Pr\u00e9parer l\u2019avenir du travail \u00e0 affronter l\u2019adversit\u00e9<\/a>\n\t\t\t<\/h3>\n\n\t\t\t\t\t\t<div class=\"content-card__deck\">\n\t\t\t\tLe financement de l\u2019innovation dans le d\u00e9veloppement des comp\u00e9tences fait partie de la r\u00e9ponse rapide pour aider les personnes les plus touch\u00e9es par la crise de la COVID-19\t\t\t<\/div>\n\n\t\t\t\t\t\t\t\t\t\t\t\t\t<ul class=\"content-card__terms\">\n\t\t\t\t\t\t\t\t\t<\/ul>\n\t\t\t\t\t\t\n\t\t<\/div>\n\t\t\t<\/div>\n<\/div><div class=\"content-card content-card--page\">\n\t\t\t<div class=\"content-card__content\">\n\t\t<div class=\"content-card__text\">\n\t\t\t\n\t\t\t\n\t\t\t\t\t\t<h3 class=\"content-card__title\">\n\t\t\t\t<a href=\"https:\/\/fsc-ccf.ca\/fr\/appel-de-propositions\/aout-2019\/\" target=\"_self\">Ao\u00fbt 2019<\/a>\n\t\t\t<\/h3>\n\n\t\t\t\t\t\t<div class=\"content-card__deck\">\n\t\t\t\tL\u2019objectif de cet appel de propositions est de d\u00e9terminer, de mettre \u00e0 l\u2019essai et d\u2019\u00e9valuer des projets novateurs qui ont le potentiel de produire des donn\u00e9es probantes exploitables sur les fa\u00e7ons de mieux doter les travailleurs canadiens des comp\u00e9tences n\u00e9cessaires pour naviguer dans un march\u00e9 du travail qui \u00e9volue rapidement. \t\t\t<\/div>\n\n\t\t\t\t\t\t\t\t\t\t\t\t\t<ul class=\"content-card__terms\">\n\t\t\t\t\t\t\t\t\t<\/ul>\n\t\t\t\t\t\t\n\t\t<\/div>\n\t\t\t<\/div>\n<\/div><div class=\"content-card content-card--page\">\n\t\t\t<div class=\"content-card__content\">\n\t\t<div class=\"content-card__text\">\n\t\t\t\n\t\t\t\n\t\t\t\t\t\t<h3 class=\"content-card__title\">\n\t\t\t\t<a href=\"https:\/\/fsc-ccf.ca\/fr\/appel-de-propositions\/avril-2019\/\" target=\"_self\">Avril 2019<\/a>\n\t\t\t<\/h3>\n\n\t\t\t\t\t\t<div class=\"content-card__deck\">\n\t\t\t\tLe 2 avril 2019, le Centre des Comp\u00e9tences futures a lanc\u00e9 cet appel de propositions ouvert pour des projets novateurs qui aideront \u00e0 combler les lacunes dans les possibilit\u00e9s de formation pour les personnes qui en sont \u00e0 mi-carri\u00e8re. \t\t\t<\/div>\n\n\t\t\t\t\t\t\t\t\t\t\t\t\t<ul class=\"content-card__terms\">\n\t\t\t\t\t\t\t\t\t<\/ul>\n\t\t\t\t\t\t\n\t\t<\/div>\n\t\t\t<\/div>\n<\/div><div class=\"content-card content-card--page\">\n\t\t\t<div class=\"content-card__content\">\n\t\t<div class=\"content-card__text\">\n\t\t\t\n\t\t\t\n\t\t\t\t\t\t<h3 class=\"content-card__title\">\n\t\t\t\t<a href=\"https:\/\/fsc-ccf.ca\/fr\/appel-de-propositions\/february-2019\/\" target=\"_self\">F\u00e9vrier 2019 Premiers projets<\/a>\n\t\t\t<\/h3>\n\n\t\t\t\t\t\t<div class=\"content-card__deck\">\n\t\t\t\tLes partenaires du consortium ont rep\u00e9r\u00e9 12 projets gr\u00e2ce \u00e0 un engagement cibl\u00e9 d\u2019intervenants. Six projets ont \u00e9ventuellement \u00e9t\u00e9 retenus \u00e0 la suite d\u2019un processus de s\u00e9lection par le sous-comit\u00e9 provisoire des projets du Centre. \t\t\t<\/div>\n\n\t\t\t\t\t\t\t\t\t\t\t\t\t<ul class=\"content-card__terms\">\n\t\t\t\t\t\t\t\t\t<\/ul>\n\t\t\t\t\t\t\n\t\t<\/div>\n\t\t\t<\/div>\n<\/div>\t\t\t<\/div>\n\t\t\t\t\t<\/div>\n\t\t\t<\/div>\n<\/div>\n","protected":false},"excerpt":{"rendered":"<p>Le Centre des Comp\u00e9tences futures concentre ses efforts sur l\u2019avancement de l\u2019innovation fond\u00e9e sur des donn\u00e9es probantes dans l\u2019\u00e9cosyst\u00e8me canadien des comp\u00e9tences et de la&#8230;<\/p>\n","protected":false},"author":1,"featured_media":0,"parent":0,"menu_order":0,"comment_status":"closed","ping_status":"closed","template":"","meta":{"_acf_changed":false,"footnotes":""},"class_list":["post-4539","page","type-page","status-publish","hentry"],"acf":{"subtitle":"","highlight":"pink","thumbnail_image":false,"slider_image":false},"yoast_head":"<!-- This site is optimized with the Yoast SEO plugin v27.4 - https:\/\/yoast.com\/product\/yoast-seo-wordpress\/ -->\n<title>Appel de propositions - Future Skills Centre \u2022 Centre des Comp\u00e9tences futures<\/title>\n<meta name=\"description\" content=\"Le Centre des Comp\u00e9tences futures concentre ses efforts sur l\u2019avancement de l\u2019innovation fond\u00e9e sur des donn\u00e9es probantes dans l\u2019\u00e9cosyst\u00e8me canadien des\" \/>\n<meta name=\"robots\" content=\"index, follow, max-snippet:-1, max-image-preview:large, max-video-preview:-1\" \/>\n<link rel=\"canonical\" href=\"https:\/\/fsc-ccf.ca\/fr\/appel-de-propositions\/\" \/>\n<meta name=\"twitter:label1\" content=\"Est. reading time\" \/>\n\t<meta name=\"twitter:data1\" content=\"2 minutes\" \/>\n<script type=\"application\/ld+json\" class=\"yoast-schema-graph\">{\"@context\":\"https:\\\/\\\/schema.org\",\"@graph\":[{\"@type\":\"WebPage\",\"@id\":\"https:\\\/\\\/fsc-ccf.ca\\\/fr\\\/appel-de-propositions\\\/\",\"url\":\"https:\\\/\\\/fsc-ccf.ca\\\/fr\\\/appel-de-propositions\\\/\",\"name\":\"Appel de propositions - Future Skills Centre \u2022 Centre des Comp\u00e9tences futures\",\"isPartOf\":{\"@id\":\"https:\\\/\\\/fsc-ccf.ca\\\/fr\\\/#website\"},\"primaryImageOfPage\":{\"@id\":\"https:\\\/\\\/fsc-ccf.ca\\\/fr\\\/appel-de-propositions\\\/#primaryimage\"},\"image\":{\"@id\":\"https:\\\/\\\/fsc-ccf.ca\\\/fr\\\/appel-de-propositions\\\/#primaryimage\"},\"thumbnailUrl\":\"https:\\\/\\\/fsc-ccf.ca\\\/wp-content\\\/uploads\\\/2019\\\/09\\\/2.2-Card-Inaugural.jpeg\",\"datePublished\":\"2019-08-16T00:32:29+00:00\",\"dateModified\":\"2020-12-14T13:58:32+00:00\",\"description\":\"Le Centre des Comp\u00e9tences futures concentre ses efforts sur l\u2019avancement de l\u2019innovation fond\u00e9e sur des donn\u00e9es probantes dans l\u2019\u00e9cosyst\u00e8me canadien des\",\"breadcrumb\":{\"@id\":\"https:\\\/\\\/fsc-ccf.ca\\\/fr\\\/appel-de-propositions\\\/#breadcrumb\"},\"inLanguage\":\"fr-FR\",\"potentialAction\":[{\"@type\":\"ReadAction\",\"target\":[\"https:\\\/\\\/fsc-ccf.ca\\\/fr\\\/appel-de-propositions\\\/\"]}]},{\"@type\":\"ImageObject\",\"inLanguage\":\"fr-FR\",\"@id\":\"https:\\\/\\\/fsc-ccf.ca\\\/fr\\\/appel-de-propositions\\\/#primaryimage\",\"url\":\"https:\\\/\\\/fsc-ccf.ca\\\/wp-content\\\/uploads\\\/2019\\\/09\\\/2.2-Card-Inaugural.jpeg\",\"contentUrl\":\"https:\\\/\\\/fsc-ccf.ca\\\/wp-content\\\/uploads\\\/2019\\\/09\\\/2.2-Card-Inaugural.jpeg\"},{\"@type\":\"BreadcrumbList\",\"@id\":\"https:\\\/\\\/fsc-ccf.ca\\\/fr\\\/appel-de-propositions\\\/#breadcrumb\",\"itemListElement\":[{\"@type\":\"ListItem\",\"position\":1,\"name\":\"Home\",\"item\":\"https:\\\/\\\/fsc-ccf.ca\\\/fr\\\/\"},{\"@type\":\"ListItem\",\"position\":2,\"name\":\"Appel de propositions\"}]},{\"@type\":\"WebSite\",\"@id\":\"https:\\\/\\\/fsc-ccf.ca\\\/fr\\\/#website\",\"url\":\"https:\\\/\\\/fsc-ccf.ca\\\/fr\\\/\",\"name\":\"Future Skills Centre \u2022 Centre des Comp\u00e9tences futures\",\"description\":\"\",\"publisher\":{\"@id\":\"https:\\\/\\\/fsc-ccf.ca\\\/fr\\\/#organization\"},\"potentialAction\":[{\"@type\":\"SearchAction\",\"target\":{\"@type\":\"EntryPoint\",\"urlTemplate\":\"https:\\\/\\\/fsc-ccf.ca\\\/fr\\\/?s={search_term_string}\"},\"query-input\":{\"@type\":\"PropertyValueSpecification\",\"valueRequired\":true,\"valueName\":\"search_term_string\"}}],\"inLanguage\":\"fr-FR\"},{\"@type\":\"Organization\",\"@id\":\"https:\\\/\\\/fsc-ccf.ca\\\/fr\\\/#organization\",\"name\":\"Future Skills Centre \u2022 Centre des Comp\u00e9tences futures\",\"url\":\"https:\\\/\\\/fsc-ccf.ca\\\/fr\\\/\",\"logo\":{\"@type\":\"ImageObject\",\"inLanguage\":\"fr-FR\",\"@id\":\"https:\\\/\\\/fsc-ccf.ca\\\/fr\\\/#\\\/schema\\\/logo\\\/image\\\/\",\"url\":\"https:\\\/\\\/fsc-ccf.ca\\\/wp-content\\\/uploads\\\/2019\\\/08\\\/FSC_logo_colour_rgb_positive_ENG.png\",\"contentUrl\":\"https:\\\/\\\/fsc-ccf.ca\\\/wp-content\\\/uploads\\\/2019\\\/08\\\/FSC_logo_colour_rgb_positive_ENG.png\",\"width\":618,\"height\":528,\"caption\":\"Future Skills Centre \u2022 Centre des Comp\u00e9tences futures\"},\"image\":{\"@id\":\"https:\\\/\\\/fsc-ccf.ca\\\/fr\\\/#\\\/schema\\\/logo\\\/image\\\/\"},\"sameAs\":[\"https:\\\/\\\/www.facebook.com\\\/2161871137193201\\\/\",\"https:\\\/\\\/x.com\\\/fsc_ccf_en\",\"https:\\\/\\\/www.instagram.com\\\/fsc_ccf\\\/\",\"https:\\\/\\\/www.linkedin.com\\\/company\\\/fsc-ccf\\\/\"]}]}<\/script>\n<!-- \/ Yoast SEO plugin. -->","yoast_head_json":{"title":"Appel de propositions - Future Skills Centre \u2022 Centre des Comp\u00e9tences futures","description":"Le Centre des Comp\u00e9tences futures concentre ses efforts sur l\u2019avancement de l\u2019innovation fond\u00e9e sur des donn\u00e9es probantes dans l\u2019\u00e9cosyst\u00e8me canadien des","robots":{"index":"index","follow":"follow","max-snippet":"max-snippet:-1","max-image-preview":"max-image-preview:large","max-video-preview":"max-video-preview:-1"},"canonical":"https:\/\/fsc-ccf.ca\/fr\/appel-de-propositions\/","twitter_misc":{"Est. reading time":"2 minutes"},"schema":{"@context":"https:\/\/schema.org","@graph":[{"@type":"WebPage","@id":"https:\/\/fsc-ccf.ca\/fr\/appel-de-propositions\/","url":"https:\/\/fsc-ccf.ca\/fr\/appel-de-propositions\/","name":"Appel de propositions - Future Skills Centre \u2022 Centre des Comp\u00e9tences futures","isPartOf":{"@id":"https:\/\/fsc-ccf.ca\/fr\/#website"},"primaryImageOfPage":{"@id":"https:\/\/fsc-ccf.ca\/fr\/appel-de-propositions\/#primaryimage"},"image":{"@id":"https:\/\/fsc-ccf.ca\/fr\/appel-de-propositions\/#primaryimage"},"thumbnailUrl":"https:\/\/fsc-ccf.ca\/wp-content\/uploads\/2019\/09\/2.2-Card-Inaugural.jpeg","datePublished":"2019-08-16T00:32:29+00:00","dateModified":"2020-12-14T13:58:32+00:00","description":"Le Centre des Comp\u00e9tences futures concentre ses efforts sur l\u2019avancement de l\u2019innovation fond\u00e9e sur des donn\u00e9es probantes dans l\u2019\u00e9cosyst\u00e8me canadien des","breadcrumb":{"@id":"https:\/\/fsc-ccf.ca\/fr\/appel-de-propositions\/#breadcrumb"},"inLanguage":"fr-FR","potentialAction":[{"@type":"ReadAction","target":["https:\/\/fsc-ccf.ca\/fr\/appel-de-propositions\/"]}]},{"@type":"ImageObject","inLanguage":"fr-FR","@id":"https:\/\/fsc-ccf.ca\/fr\/appel-de-propositions\/#primaryimage","url":"https:\/\/fsc-ccf.ca\/wp-content\/uploads\/2019\/09\/2.2-Card-Inaugural.jpeg","contentUrl":"https:\/\/fsc-ccf.ca\/wp-content\/uploads\/2019\/09\/2.2-Card-Inaugural.jpeg"},{"@type":"BreadcrumbList","@id":"https:\/\/fsc-ccf.ca\/fr\/appel-de-propositions\/#breadcrumb","itemListElement":[{"@type":"ListItem","position":1,"name":"Home","item":"https:\/\/fsc-ccf.ca\/fr\/"},{"@type":"ListItem","position":2,"name":"Appel de propositions"}]},{"@type":"WebSite","@id":"https:\/\/fsc-ccf.ca\/fr\/#website","url":"https:\/\/fsc-ccf.ca\/fr\/","name":"Future Skills Centre \u2022 Centre des Comp\u00e9tences futures","description":"","publisher":{"@id":"https:\/\/fsc-ccf.ca\/fr\/#organization"},"potentialAction":[{"@type":"SearchAction","target":{"@type":"EntryPoint","urlTemplate":"https:\/\/fsc-ccf.ca\/fr\/?s={search_term_string}"},"query-input":{"@type":"PropertyValueSpecification","valueRequired":true,"valueName":"search_term_string"}}],"inLanguage":"fr-FR"},{"@type":"Organization","@id":"https:\/\/fsc-ccf.ca\/fr\/#organization","name":"Future Skills Centre \u2022 Centre des Comp\u00e9tences futures","url":"https:\/\/fsc-ccf.ca\/fr\/","logo":{"@type":"ImageObject","inLanguage":"fr-FR","@id":"https:\/\/fsc-ccf.ca\/fr\/#\/schema\/logo\/image\/","url":"https:\/\/fsc-ccf.ca\/wp-content\/uploads\/2019\/08\/FSC_logo_colour_rgb_positive_ENG.png","contentUrl":"https:\/\/fsc-ccf.ca\/wp-content\/uploads\/2019\/08\/FSC_logo_colour_rgb_positive_ENG.png","width":618,"height":528,"caption":"Future Skills Centre \u2022 Centre des Comp\u00e9tences futures"},"image":{"@id":"https:\/\/fsc-ccf.ca\/fr\/#\/schema\/logo\/image\/"},"sameAs":["https:\/\/www.facebook.com\/2161871137193201\/","https:\/\/x.com\/fsc_ccf_en","https:\/\/www.instagram.com\/fsc_ccf\/","https:\/\/www.linkedin.com\/company\/fsc-ccf\/"]}]}},"_links":{"self":[{"href":"https:\/\/fsc-ccf.ca\/fr\/wp-json\/wp\/v2\/pages\/4539","targetHints":{"allow":["GET"]}}],"collection":[{"href":"https:\/\/fsc-ccf.ca\/fr\/wp-json\/wp\/v2\/pages"}],"about":[{"href":"https:\/\/fsc-ccf.ca\/fr\/wp-json\/wp\/v2\/types\/page"}],"author":[{"embeddable":true,"href":"https:\/\/fsc-ccf.ca\/fr\/wp-json\/wp\/v2\/users\/1"}],"replies":[{"embeddable":true,"href":"https:\/\/fsc-ccf.ca\/fr\/wp-json\/wp\/v2\/comments?post=4539"}],"version-history":[{"count":5,"href":"https:\/\/fsc-ccf.ca\/fr\/wp-json\/wp\/v2\/pages\/4539\/revisions"}],"predecessor-version":[{"id":145375,"href":"https:\/\/fsc-ccf.ca\/fr\/wp-json\/wp\/v2\/pages\/4539\/revisions\/145375"}],"wp:attachment":[{"href":"https:\/\/fsc-ccf.ca\/fr\/wp-json\/wp\/v2\/media?parent=4539"}],"curies":[{"name":"wp","href":"https:\/\/api.w.org\/{rel}","templated":true}]}}