			{"id":4443,"date":"2019-09-03T19:52:07","date_gmt":"2019-09-03T23:52:07","guid":{"rendered":"http:\/\/fscccf.alphabureau.ca\/?page_id=4443"},"modified":"2024-08-28T10:13:47","modified_gmt":"2024-08-28T14:13:47","slug":"information-financiere","status":"publish","type":"page","link":"https:\/\/fsc-ccf.ca\/fr\/information-financiere\/","title":{"rendered":"Renseignements financiers"},"content":{"rendered":"\n<p class=\"is-style-large-paragraph\">Le Centre des Comp\u00e9tences futures s&#8217;est engag\u00e9 \u00e0 maintenir une totale transparence et responsabilit\u00e9 financi\u00e8re, y compris en publiant nos rapports financiers annuels audit\u00e9s sur notre site internet pour les mettre \u00e0 disposition du public.<\/p>\n\n\n\n<p>Le CCF a termin\u00e9 son audit pour l&#8217;ann\u00e9e fiscale 2023-2024 et est heureux d\u2019annoncer que notre auditeur ind\u00e9pendant, KPMG Canada, a confirm\u00e9 que les m\u00e9canismes et syst\u00e8mes de contr\u00f4le financier du Centre sont effectivement en place, et que notre budget correspond aux obligations contractuelles avec le Gouvernement du Canada.<\/p>\n\n\n\n<p>Cet audit couvre la p\u00e9riode du 1er avril 2023 au 31 Mars 2024.<\/p>\n\n\n<div id=\"buttons-block-block_e266e76bd0325a0351bcffb555cee625\" class=\"buttons-block \">\n    <ul class=\"buttons-block__buttons\">\n                                    <li class=\"buttons-block__item button-item section-title button-item--button\">\n                    <a  target=\"_blank\" class=\"btn btn--download btn-dark\" href=\"https:\/\/fsc-ccf.ca\/wp-content\/uploads\/2024\/08\/2024-03-31-TMU-Future-Skills-Centre-26961-AUD-Stmt_FR.pdf\" download>Centre des Comp\u00e9tences futures \u2013 E\u0301tats financiers \u2013 2023\/2024 <span class=\"filesize\">PDF 103.16 KB<\/span><\/a>\n                <\/li>\n                        <\/ul>\n<\/div>\n\n\n\n<p><em>N&#8217;h\u00e9sitez pas \u00e0 nous contacter \u00e0 info@fsc-ccf.ca pour toute question, nous serons heureux de vous r\u00e9pondre.<\/em><\/p>\n\n\n<\/section>\n<section class=\"section-divider section-divider--grey  \">\n    <div class=\"section-divider__anchor\" ><\/div>\n    <div class=\"page-block__bar\"><\/div>\n\n\n<p class=\"is-style-default has-normal-font-size\"><strong>2022-2023 Rapport<\/strong><\/p>\n\n\n<div id=\"buttons-block-block_4216e6095f625b6b4d5fda736ded4c9e\" class=\"buttons-block \">\n    <ul class=\"buttons-block__buttons\">\n                                    <li class=\"buttons-block__item button-item section-title button-item--button\">\n                    <a class=\"btn btn--download btn-dark\" href=\"https:\/\/fsc-ccf.ca\/wp-content\/uploads\/2023\/07\/2023-03-31-Toronto-Metro-Future-Skills-Centre-26961-AUD-Stmt-23_FR.pdf\" download>Centre des Comp\u00e9tences futures \u2013 E\u0301tats financiers \u2013 2022\/2023 <span class=\"filesize\">PDF 127.58 KB<\/span><\/a>\n                <\/li>\n                        <\/ul>\n<\/div>\n\n\n\n<p class=\"is-style-default has-normal-font-size\"><strong>2021-2022 Rapport<\/strong><\/p>\n\n\n<div id=\"buttons-block-block_58bd6be177080f46c5ce871cdb7dc815\" class=\"buttons-block \">\n    <ul class=\"buttons-block__buttons\">\n                                    <li class=\"buttons-block__item button-item section-title button-item--button\">\n                    <a class=\"btn btn--download btn-dark\" href=\"https:\/\/fsc-ccf.ca\/wp-content\/uploads\/2022\/07\/2022-03-31-Toronto-Metro-Future-Skills-Centre-24078-AUD-Stmt_FR.pdf\" download>Centre des Comp\u00e9tences futures \u2013 E\u0301tats financiers \u2013 2021\/2022 <span class=\"filesize\">PDF 129.50 KB<\/span><\/a>\n                <\/li>\n                        <\/ul>\n<\/div>\n\n\n\n<p class=\"is-style-default has-normal-font-size\"><strong>2020-2021 Rapport<\/strong><\/p>\n\n\n<div id=\"buttons-block-block_a59808f44e8e0c68c60b1747611d5f50\" class=\"buttons-block \">\n    <ul class=\"buttons-block__buttons\">\n                                    <li class=\"buttons-block__item button-item section-title button-item--button\">\n                    <a class=\"btn btn--download btn-dark\" href=\"https:\/\/fsc-ccf.ca\/wp-content\/uploads\/2021\/09\/2021-03-31-Ryerson-Future-Skills-Centre-24078-AUD-Stmt-FR.pdf\" download>Centre des Comp\u00e9tences futures \u2013 E\u0301tats financiers \u2013 2020\/2021 <span class=\"filesize\">PDF 175.17 KB<\/span><\/a>\n                <\/li>\n                        <\/ul>\n<\/div>\n\n\n\n<p class=\"is-style-default has-normal-font-size\"><strong>2019-2020 Rapport<\/strong><\/p>\n\n\n<div id=\"buttons-block-block_0cbeb2a9ddc60a980865bd7f162ed682\" class=\"buttons-block \">\n    <ul class=\"buttons-block__buttons\">\n                                    <li class=\"buttons-block__item button-item section-title button-item--button\">\n                    <a class=\"btn btn--download btn-dark\" href=\"https:\/\/fsc-ccf.ca\/wp-content\/uploads\/2020\/07\/Financial-Statement-Report-2019-2020_FR.pdf\" download>Centre des Comp\u00e9tences futures &#8211; E\u0301tats financiers &#8211; 2019\/2020 <span class=\"filesize\">PDF 168.85 KB<\/span><\/a>\n                <\/li>\n                        <\/ul>\n<\/div>\n\n\n\n<p class=\"is-style-default has-normal-font-size\"><strong>2018-2019 Rapport<\/strong><\/p>\n\n\n<div id=\"buttons-block-block_ad1263cdddeae0d0a3cdb7de941d6e57\" class=\"buttons-block \">\n    <ul class=\"buttons-block__buttons\">\n                                    <li class=\"buttons-block__item button-item section-title button-item--button\">\n                    <a class=\"btn btn--download btn-dark\" href=\"https:\/\/fsc-ccf.ca\/wp-content\/uploads\/2019\/09\/2019-03-31-Future-Skills-Centre-24078-AUD-Stmt-FR.pdf\" download>Centre des Comp\u00e9tences futures \u2013 E\u0301tats financiers \u2013 2018\/2019 <span class=\"filesize\">PDF 126.67 KB<\/span><\/a>\n                <\/li>\n                        <\/ul>\n<\/div>\n","protected":false},"excerpt":{"rendered":"<p>Le Centre des Comp\u00e9tences futures s&#8217;est engag\u00e9 \u00e0 maintenir une totale transparence et responsabilit\u00e9 financi\u00e8re, y compris en publiant nos rapports financiers annuels audit\u00e9s sur&#8230;<\/p>\n","protected":false},"author":1,"featured_media":0,"parent":0,"menu_order":0,"comment_status":"open","ping_status":"closed","template":"","meta":{"_acf_changed":false,"footnotes":""},"class_list":["post-4443","page","type-page","status-publish","hentry"],"acf":{"subtitle":"2023\/24","highlight":"pink","thumbnail_image":false,"slider_image":false},"yoast_head":"<!-- This site is optimized with the Yoast SEO plugin v27.4 - https:\/\/yoast.com\/product\/yoast-seo-wordpress\/ -->\n<title>Renseignements financiers - Future Skills Centre \u2022 Centre des Comp\u00e9tences futures<\/title>\n<meta name=\"description\" content=\"Le Centre des Comp\u00e9tences futures s&#039;est engag\u00e9 \u00e0 maintenir une totale transparence et responsabilit\u00e9 financi\u00e8re, y compris en publiant nos rapports\" \/>\n<meta name=\"robots\" content=\"index, follow, max-snippet:-1, max-image-preview:large, max-video-preview:-1\" \/>\n<link rel=\"canonical\" href=\"https:\/\/fsc-ccf.ca\/fr\/information-financiere\/\" \/>\n<meta name=\"twitter:label1\" content=\"Est. reading time\" \/>\n\t<meta name=\"twitter:data1\" content=\"1 minute\" \/>\n<script type=\"application\/ld+json\" class=\"yoast-schema-graph\">{\"@context\":\"https:\\\/\\\/schema.org\",\"@graph\":[{\"@type\":\"WebPage\",\"@id\":\"https:\\\/\\\/fsc-ccf.ca\\\/fr\\\/information-financiere\\\/\",\"url\":\"https:\\\/\\\/fsc-ccf.ca\\\/fr\\\/information-financiere\\\/\",\"name\":\"Renseignements financiers - Future Skills Centre \u2022 Centre des Comp\u00e9tences futures\",\"isPartOf\":{\"@id\":\"https:\\\/\\\/fsc-ccf.ca\\\/fr\\\/#website\"},\"datePublished\":\"2019-09-03T23:52:07+00:00\",\"dateModified\":\"2024-08-28T14:13:47+00:00\",\"description\":\"Le Centre des Comp\u00e9tences futures s'est engag\u00e9 \u00e0 maintenir une totale transparence et responsabilit\u00e9 financi\u00e8re, y compris en publiant nos rapports\",\"breadcrumb\":{\"@id\":\"https:\\\/\\\/fsc-ccf.ca\\\/fr\\\/information-financiere\\\/#breadcrumb\"},\"inLanguage\":\"fr-FR\",\"potentialAction\":[{\"@type\":\"ReadAction\",\"target\":[\"https:\\\/\\\/fsc-ccf.ca\\\/fr\\\/information-financiere\\\/\"]}]},{\"@type\":\"BreadcrumbList\",\"@id\":\"https:\\\/\\\/fsc-ccf.ca\\\/fr\\\/information-financiere\\\/#breadcrumb\",\"itemListElement\":[{\"@type\":\"ListItem\",\"position\":1,\"name\":\"Home\",\"item\":\"https:\\\/\\\/fsc-ccf.ca\\\/fr\\\/\"},{\"@type\":\"ListItem\",\"position\":2,\"name\":\"Renseignements financiers\"}]},{\"@type\":\"WebSite\",\"@id\":\"https:\\\/\\\/fsc-ccf.ca\\\/fr\\\/#website\",\"url\":\"https:\\\/\\\/fsc-ccf.ca\\\/fr\\\/\",\"name\":\"Future Skills Centre \u2022 Centre des Comp\u00e9tences futures\",\"description\":\"\",\"publisher\":{\"@id\":\"https:\\\/\\\/fsc-ccf.ca\\\/fr\\\/#organization\"},\"potentialAction\":[{\"@type\":\"SearchAction\",\"target\":{\"@type\":\"EntryPoint\",\"urlTemplate\":\"https:\\\/\\\/fsc-ccf.ca\\\/fr\\\/?s={search_term_string}\"},\"query-input\":{\"@type\":\"PropertyValueSpecification\",\"valueRequired\":true,\"valueName\":\"search_term_string\"}}],\"inLanguage\":\"fr-FR\"},{\"@type\":\"Organization\",\"@id\":\"https:\\\/\\\/fsc-ccf.ca\\\/fr\\\/#organization\",\"name\":\"Future Skills Centre \u2022 Centre des Comp\u00e9tences futures\",\"url\":\"https:\\\/\\\/fsc-ccf.ca\\\/fr\\\/\",\"logo\":{\"@type\":\"ImageObject\",\"inLanguage\":\"fr-FR\",\"@id\":\"https:\\\/\\\/fsc-ccf.ca\\\/fr\\\/#\\\/schema\\\/logo\\\/image\\\/\",\"url\":\"https:\\\/\\\/fsc-ccf.ca\\\/wp-content\\\/uploads\\\/2019\\\/08\\\/FSC_logo_colour_rgb_positive_ENG.png\",\"contentUrl\":\"https:\\\/\\\/fsc-ccf.ca\\\/wp-content\\\/uploads\\\/2019\\\/08\\\/FSC_logo_colour_rgb_positive_ENG.png\",\"width\":618,\"height\":528,\"caption\":\"Future Skills Centre \u2022 Centre des Comp\u00e9tences futures\"},\"image\":{\"@id\":\"https:\\\/\\\/fsc-ccf.ca\\\/fr\\\/#\\\/schema\\\/logo\\\/image\\\/\"},\"sameAs\":[\"https:\\\/\\\/www.facebook.com\\\/2161871137193201\\\/\",\"https:\\\/\\\/x.com\\\/fsc_ccf_en\",\"https:\\\/\\\/www.instagram.com\\\/fsc_ccf\\\/\",\"https:\\\/\\\/www.linkedin.com\\\/company\\\/fsc-ccf\\\/\"]}]}<\/script>\n<!-- \/ Yoast SEO plugin. -->","yoast_head_json":{"title":"Renseignements financiers - Future Skills Centre \u2022 Centre des Comp\u00e9tences futures","description":"Le Centre des Comp\u00e9tences futures s'est engag\u00e9 \u00e0 maintenir une totale transparence et responsabilit\u00e9 financi\u00e8re, y compris en publiant nos rapports","robots":{"index":"index","follow":"follow","max-snippet":"max-snippet:-1","max-image-preview":"max-image-preview:large","max-video-preview":"max-video-preview:-1"},"canonical":"https:\/\/fsc-ccf.ca\/fr\/information-financiere\/","twitter_misc":{"Est. reading time":"1 minute"},"schema":{"@context":"https:\/\/schema.org","@graph":[{"@type":"WebPage","@id":"https:\/\/fsc-ccf.ca\/fr\/information-financiere\/","url":"https:\/\/fsc-ccf.ca\/fr\/information-financiere\/","name":"Renseignements financiers - Future Skills Centre \u2022 Centre des Comp\u00e9tences futures","isPartOf":{"@id":"https:\/\/fsc-ccf.ca\/fr\/#website"},"datePublished":"2019-09-03T23:52:07+00:00","dateModified":"2024-08-28T14:13:47+00:00","description":"Le Centre des Comp\u00e9tences futures s'est engag\u00e9 \u00e0 maintenir une totale transparence et responsabilit\u00e9 financi\u00e8re, y compris en publiant nos rapports","breadcrumb":{"@id":"https:\/\/fsc-ccf.ca\/fr\/information-financiere\/#breadcrumb"},"inLanguage":"fr-FR","potentialAction":[{"@type":"ReadAction","target":["https:\/\/fsc-ccf.ca\/fr\/information-financiere\/"]}]},{"@type":"BreadcrumbList","@id":"https:\/\/fsc-ccf.ca\/fr\/information-financiere\/#breadcrumb","itemListElement":[{"@type":"ListItem","position":1,"name":"Home","item":"https:\/\/fsc-ccf.ca\/fr\/"},{"@type":"ListItem","position":2,"name":"Renseignements financiers"}]},{"@type":"WebSite","@id":"https:\/\/fsc-ccf.ca\/fr\/#website","url":"https:\/\/fsc-ccf.ca\/fr\/","name":"Future Skills Centre \u2022 Centre des Comp\u00e9tences futures","description":"","publisher":{"@id":"https:\/\/fsc-ccf.ca\/fr\/#organization"},"potentialAction":[{"@type":"SearchAction","target":{"@type":"EntryPoint","urlTemplate":"https:\/\/fsc-ccf.ca\/fr\/?s={search_term_string}"},"query-input":{"@type":"PropertyValueSpecification","valueRequired":true,"valueName":"search_term_string"}}],"inLanguage":"fr-FR"},{"@type":"Organization","@id":"https:\/\/fsc-ccf.ca\/fr\/#organization","name":"Future Skills Centre \u2022 Centre des Comp\u00e9tences futures","url":"https:\/\/fsc-ccf.ca\/fr\/","logo":{"@type":"ImageObject","inLanguage":"fr-FR","@id":"https:\/\/fsc-ccf.ca\/fr\/#\/schema\/logo\/image\/","url":"https:\/\/fsc-ccf.ca\/wp-content\/uploads\/2019\/08\/FSC_logo_colour_rgb_positive_ENG.png","contentUrl":"https:\/\/fsc-ccf.ca\/wp-content\/uploads\/2019\/08\/FSC_logo_colour_rgb_positive_ENG.png","width":618,"height":528,"caption":"Future Skills Centre \u2022 Centre des Comp\u00e9tences futures"},"image":{"@id":"https:\/\/fsc-ccf.ca\/fr\/#\/schema\/logo\/image\/"},"sameAs":["https:\/\/www.facebook.com\/2161871137193201\/","https:\/\/x.com\/fsc_ccf_en","https:\/\/www.instagram.com\/fsc_ccf\/","https:\/\/www.linkedin.com\/company\/fsc-ccf\/"]}]}},"_links":{"self":[{"href":"https:\/\/fsc-ccf.ca\/fr\/wp-json\/wp\/v2\/pages\/4443","targetHints":{"allow":["GET"]}}],"collection":[{"href":"https:\/\/fsc-ccf.ca\/fr\/wp-json\/wp\/v2\/pages"}],"about":[{"href":"https:\/\/fsc-ccf.ca\/fr\/wp-json\/wp\/v2\/types\/page"}],"author":[{"embeddable":true,"href":"https:\/\/fsc-ccf.ca\/fr\/wp-json\/wp\/v2\/users\/1"}],"replies":[{"embeddable":true,"href":"https:\/\/fsc-ccf.ca\/fr\/wp-json\/wp\/v2\/comments?post=4443"}],"version-history":[{"count":22,"href":"https:\/\/fsc-ccf.ca\/fr\/wp-json\/wp\/v2\/pages\/4443\/revisions"}],"predecessor-version":[{"id":284847,"href":"https:\/\/fsc-ccf.ca\/fr\/wp-json\/wp\/v2\/pages\/4443\/revisions\/284847"}],"wp:attachment":[{"href":"https:\/\/fsc-ccf.ca\/fr\/wp-json\/wp\/v2\/media?parent=4443"}],"curies":[{"name":"wp","href":"https:\/\/api.w.org\/{rel}","templated":true}]}}