			{"id":333096,"date":"2026-03-03T10:00:19","date_gmt":"2026-03-03T15:00:19","guid":{"rendered":"https:\/\/fsc-ccf.ca\/?page_id=333096"},"modified":"2026-03-03T10:33:52","modified_gmt":"2026-03-03T15:33:52","slug":"nos-initiatives","status":"publish","type":"page","link":"https:\/\/fsc-ccf.ca\/fr\/nos-initiatives\/","title":{"rendered":"Nos initiatives"},"content":{"rendered":"\n<div style=\"height:70px\" aria-hidden=\"true\" class=\"wp-block-spacer\"><\/div>\n\n\n\n<div class=\"wp-block-columns is-style-half-margin is-layout-flex wp-container-core-columns-is-layout-28f84493 wp-block-columns-is-layout-flex\">\n<div class=\"wp-block-column is-layout-flow wp-block-column-is-layout-flow\" style=\"flex-basis:35%\">\n<p><\/p>\n<\/div>\n\n\n\n<div class=\"wp-block-column is-layout-flow wp-block-column-is-layout-flow\">\n<p>Nos initiatives rassemblent un r\u00e9seau diversifi\u00e9 de partenaires issus de l\u2019industrie, du milieu universitaire et d\u2019organismes communautaires afin de fa\u00e7onner activement l\u2019avenir du travail au Canada. Gr\u00e2ce \u00e0 la collaboration, \u00e0 des partenariats strat\u00e9giques et au d\u00e9veloppement de donn\u00e9es probantes, nous transformons des id\u00e9es audacieuses en retomb\u00e9es concr\u00e8tes et mesurables, contribuant ainsi \u00e0 b\u00e2tir une main-d\u2019\u0153uvre plus r\u00e9siliente, inclusive et comp\u00e9titive pour les ann\u00e9es \u00e0 venir.<\/p>\n\n\n\n<p>Voici quelques-unes de nos initiatives.<\/p>\n<\/div>\n<\/div>\n\n\n<div class=\"page-block cards-grid full-width-block card-style--default display-style--default page-block--white  \" >\n\t<div class=\"container container--with-overflow\">\n\t\t\t\t\t\t<div class=\"overflow\">\n\t\t\t\n\t\t\t<div class=\"overflow__content cards-grid__grid large\">\n\t\t\t\n\t\t\t<div class=\"content-card content-card--engagement\">\n\t\t\t<div class=\"content-card__image\">\n\t\t\t<a href=\"https:\/\/fsc-ccf.ca\/fr\/engage\/resilient-workforce-working-table\/\" target=\"_self\"><img decoding=\"async\" src=\"https:\/\/fsc-ccf.ca\/wp-content\/uploads\/2025\/07\/DSC_9867-800x600.jpg\" alt=\"\"><\/a>\n\t\t<\/div>\n\t\t\t<div class=\"content-card__content\">\n\t\t<div class=\"content-card__text\">\n\t\t\t\t\t\t\t<div class=\"content-card__type\">\n\t\t\t\t\t<span>Initiatives<\/span>\t\t\t\t<\/div>\n\t\t\t\n\t\t\t\n\t\t\t\t\t\t<h3 class=\"content-card__title\">\n\t\t\t\t<a href=\"https:\/\/fsc-ccf.ca\/fr\/engage\/resilient-workforce-working-table\/\" target=\"_self\">Membres du groupe de travail sur la main-d\u2019\u0153uvre r\u00e9siliente<\/a>\n\t\t\t<\/h3>\n\n\t\t\t<div class=\"metadata metadata--event\">\n\t<ul>\n\t\t<li class=\"metadata__date\">\n\t\t\t<div class=\"metadata__icon\"><svg width=\"10\" height=\"12\" viewBox=\"0 0 10 12\" fill=\"none\" xmlns=\"http:\/\/www.w3.org\/2000\/svg\">\n<path id=\"calendar_today\" d=\"M1.11111 11.5477C0.805556 11.5477 0.543982 11.4358 0.326389 11.212C0.108796 10.9882 0 10.7191 0 10.4049V2.40486C0 2.09057 0.108796 1.82152 0.326389 1.59771C0.543982 1.3739 0.805556 1.262 1.11111 1.262H1.66667V0.119141H2.77778V1.262H7.22222V0.119141H8.33333V1.262H8.88889C9.19444 1.262 9.45602 1.3739 9.67361 1.59771C9.8912 1.82152 10 2.09057 10 2.40486V10.4049C10 10.7191 9.8912 10.9882 9.67361 11.212C9.45602 11.4358 9.19444 11.5477 8.88889 11.5477H1.11111ZM1.11111 10.4049H8.88889V4.69057H1.11111V10.4049Z\" fill=\"#71136C\"\/>\n<\/svg>\n<\/div>\n\t\t\tJuillet 17, 2025\t\t<\/li>\n\n\t\t\n\t\t\n\t\t\t<\/ul>\n<\/div>\t\t\t<div class=\"content-card__deck\">\n\t\t\t\tThe\u00a0Resilient Workforce Working Table\u00a0is a pan-Canadian initiative from the Future Skills Centre that convenes skills development experts, employer and labour representatives, and policy leaders to provide insights on building a more resilient Canadian workforce.\t\t\t<\/div>\n\n\t\t\t\t\t\t\t\t\t\t\t\t\t<ul class=\"content-card__terms\">\n\t\t\t\t\t\t\t\t\t<\/ul>\n\t\t\t\t\t\t\n\t\t<\/div>\n\t\t\t<\/div>\n<\/div><div class=\"content-card content-card--engagement\">\n\t\t\t<div class=\"content-card__image\">\n\t\t\t<a href=\"https:\/\/fsc-ccf.ca\/fr\/engage\/formation-pour-les-competences-et-lemploi-destine-aux-autochtones\/\" target=\"_self\"><img decoding=\"async\" src=\"https:\/\/fsc-ccf.ca\/wp-content\/uploads\/2026\/02\/ISET-crop-800x600.jpeg\" alt=\"\"><\/a>\n\t\t<\/div>\n\t\t\t<div class=\"content-card__content\">\n\t\t<div class=\"content-card__text\">\n\t\t\t\t\t\t\t<div class=\"content-card__type\">\n\t\t\t\t\t<span>Initiatives<\/span>\t\t\t\t<\/div>\n\t\t\t\n\t\t\t\n\t\t\t\t\t\t<h3 class=\"content-card__title\">\n\t\t\t\t<a href=\"https:\/\/fsc-ccf.ca\/fr\/engage\/formation-pour-les-competences-et-lemploi-destine-aux-autochtones\/\" target=\"_self\">Formation pour les comp\u00e9tences et l\u2019emploi destin\u00e9 aux Autochtones<\/a>\n\t\t\t<\/h3>\n\n\t\t\t<div class=\"metadata metadata--event\">\n\t<ul>\n\t\t<li class=\"metadata__date\">\n\t\t\t<div class=\"metadata__icon\"><svg width=\"10\" height=\"12\" viewBox=\"0 0 10 12\" fill=\"none\" xmlns=\"http:\/\/www.w3.org\/2000\/svg\">\n<path id=\"calendar_today\" d=\"M1.11111 11.5477C0.805556 11.5477 0.543982 11.4358 0.326389 11.212C0.108796 10.9882 0 10.7191 0 10.4049V2.40486C0 2.09057 0.108796 1.82152 0.326389 1.59771C0.543982 1.3739 0.805556 1.262 1.11111 1.262H1.66667V0.119141H2.77778V1.262H7.22222V0.119141H8.33333V1.262H8.88889C9.19444 1.262 9.45602 1.3739 9.67361 1.59771C9.8912 1.82152 10 2.09057 10 2.40486V10.4049C10 10.7191 9.8912 10.9882 9.67361 11.212C9.45602 11.4358 9.19444 11.5477 8.88889 11.5477H1.11111ZM1.11111 10.4049H8.88889V4.69057H1.11111V10.4049Z\" fill=\"#71136C\"\/>\n<\/svg>\n<\/div>\n\t\t\tF\u00e9vrier 10, 2026\t\t<\/li>\n\n\t\t\n\t\t\n\t\t\t<\/ul>\n<\/div>\t\t\t<div class=\"content-card__deck\">\n\t\t\t\tLe Programme de formation pour les comp\u00e9tences et l\u2019emploi destin\u00e9 aux Autochtones est une initiative f\u00e9d\u00e9rale qui aide les organisations et les communaut\u00e9s autochtones \u00e0 concevoir et \u00e0 offrir des services d\u2019emploi et de formation professionnelle adapt\u00e9s \u00e0 leur culture.\t\t\t<\/div>\n\n\t\t\t\t\t\t\t\t\t\t\t\t\t<ul class=\"content-card__terms\">\n\t\t\t\t\t\t\t\t\t<\/ul>\n\t\t\t\t\t\t\n\t\t<\/div>\n\t\t\t<\/div>\n<\/div><div class=\"content-card content-card--engagement\">\n\t\t\t<div class=\"content-card__image\">\n\t\t\t<a href=\"https:\/\/fsc-ccf.ca\/fr\/engage\/le-laboratoire-dinnovation\/\" target=\"_self\"><img decoding=\"async\" src=\"https:\/\/fsc-ccf.ca\/wp-content\/uploads\/2022\/10\/Innovation-Lab-Web-Header-800x600.png\" alt=\"two people looking at a mood board and brainstorming\"><\/a>\n\t\t<\/div>\n\t\t\t<div class=\"content-card__content\">\n\t\t<div class=\"content-card__text\">\n\t\t\t\t\t\t\t<div class=\"content-card__type\">\n\t\t\t\t\t<span>Initiatives<\/span>\t\t\t\t<\/div>\n\t\t\t\n\t\t\t\n\t\t\t\t\t\t<h3 class=\"content-card__title\">\n\t\t\t\t<a href=\"https:\/\/fsc-ccf.ca\/fr\/engage\/le-laboratoire-dinnovation\/\" target=\"_self\">Le Laboratoire d\u2019innovation<\/a>\n\t\t\t<\/h3>\n\n\t\t\t<div class=\"metadata metadata--event\">\n\t<ul>\n\t\t<li class=\"metadata__date\">\n\t\t\t<div class=\"metadata__icon\"><svg width=\"10\" height=\"12\" viewBox=\"0 0 10 12\" fill=\"none\" xmlns=\"http:\/\/www.w3.org\/2000\/svg\">\n<path id=\"calendar_today\" d=\"M1.11111 11.5477C0.805556 11.5477 0.543982 11.4358 0.326389 11.212C0.108796 10.9882 0 10.7191 0 10.4049V2.40486C0 2.09057 0.108796 1.82152 0.326389 1.59771C0.543982 1.3739 0.805556 1.262 1.11111 1.262H1.66667V0.119141H2.77778V1.262H7.22222V0.119141H8.33333V1.262H8.88889C9.19444 1.262 9.45602 1.3739 9.67361 1.59771C9.8912 1.82152 10 2.09057 10 2.40486V10.4049C10 10.7191 9.8912 10.9882 9.67361 11.212C9.45602 11.4358 9.19444 11.5477 8.88889 11.5477H1.11111ZM1.11111 10.4049H8.88889V4.69057H1.11111V10.4049Z\" fill=\"#71136C\"\/>\n<\/svg>\n<\/div>\n\t\t\tOctobre 12, 2022\t\t<\/li>\n\n\t\t\n\t\t\t\t\t<li class=\"metadata__regions\">\n\t\t\t\t<div class=\"metadata__icon\"><svg width=\"10\" height=\"12\" viewBox=\"0 0 10 12\" fill=\"none\" xmlns=\"http:\/\/www.w3.org\/2000\/svg\">\n<path id=\"location_on\" d=\"M5 5.83333C5.34375 5.83333 5.63802 5.7191 5.88281 5.49062C6.1276 5.26215 6.25 4.9875 6.25 4.66667C6.25 4.34583 6.1276 4.07118 5.88281 3.84271C5.63802 3.61424 5.34375 3.5 5 3.5C4.65625 3.5 4.36198 3.61424 4.11719 3.84271C3.8724 4.07118 3.75 4.34583 3.75 4.66667C3.75 4.9875 3.8724 5.26215 4.11719 5.49062C4.36198 5.7191 4.65625 5.83333 5 5.83333ZM5 11.6667C3.32292 10.3347 2.07031 9.09757 1.24219 7.95521C0.414062 6.81285 0 5.75556 0 4.78333C0 3.325 0.502604 2.16319 1.50781 1.29792C2.51302 0.432639 3.67708 0 5 0C6.32292 0 7.48698 0.432639 8.49219 1.29792C9.4974 2.16319 10 3.325 10 4.78333C10 5.75556 9.58594 6.81285 8.75781 7.95521C7.92969 9.09757 6.67708 10.3347 5 11.6667Z\" fill=\"#71136C\"\/>\n<\/svg>\n<\/div>\n\t\t\t\t<div class=\"metadata__list\">\n\t\t\t\t\t<span>Across Canada<\/span>\t\t\t\t<\/div>\n\t\t\t<\/li>\n\t\t\n\t\t\t<\/ul>\n<\/div>\t\t\t<div class=\"content-card__deck\">\n\t\t\t\tNombreux sont les innovateurs qui passent par un processus frustrant en essayant de d\u00e9velopper et de mettre en \u0153uvre de nouvelles id\u00e9es. Le laboratoire d\u2019innovation&#8230;\t\t\t<\/div>\n\n\t\t\t\t\t\t\t\t\t\t\t\t\t<ul class=\"content-card__terms\">\n\t\t\t\t\t\t\t\t\t\t\t\t<li>\n\t\t\t\t\t\t\t\t\t\t\t\t\t\t\t\t\t<span class=\"term-square\" style=\"background-color:#ec008c\"><\/span>\n\t\t\t\t\t\t\t\t\t\t\t\t\t\t\t\t<a href=\"https:\/\/fsc-ccf.ca\/fr\/themes\/pathways-to-jobs\/\">Pathways to Jobs<\/a>\n\t\t\t\t\t\t\t<\/li>\n\t\t\t\t\t\t\t\t\t\t\t\t\t\t\t<\/ul>\n\t\t\t\t\t\t\n\t\t<\/div>\n\t\t\t<\/div>\n<\/div><div class=\"content-card content-card--engagement\">\n\t\t\t<div class=\"content-card__image\">\n\t\t\t<a href=\"https:\/\/researchimpact.ca\/about-us\/future-skills-cop\/\" target=\"_blank\"><img decoding=\"async\" src=\"https:\/\/fsc-ccf.ca\/wp-content\/uploads\/2025\/05\/FSC-at-AI-Remote-Work-and-Productivity-800x600.png\" alt=\"\"><\/a>\n\t\t<\/div>\n\t\t\t<div class=\"content-card__content\">\n\t\t<div class=\"content-card__text\">\n\t\t\t\t\t\t\t<div class=\"content-card__type\">\n\t\t\t\t\t<span>Initiatives<\/span>\t\t\t\t<\/div>\n\t\t\t\n\t\t\t\n\t\t\t\t\t\t<h3 class=\"content-card__title\">\n\t\t\t\t<a href=\"https:\/\/researchimpact.ca\/about-us\/future-skills-cop\/\" target=\"_blank\">Community of Practice<img decoding=\"async\" src=\"https:\/\/fsc-ccf.ca\/wp-content\/themes\/ob-fsc-2.0\/images\/icons\/external-link.svg\" alt=\"external link icon\"\/><\/a>\n\t\t\t<\/h3>\n\n\t\t\t<div class=\"metadata metadata--event\">\n\t<ul>\n\t\t<li class=\"metadata__date\">\n\t\t\t<div class=\"metadata__icon\"><svg width=\"10\" height=\"12\" viewBox=\"0 0 10 12\" fill=\"none\" xmlns=\"http:\/\/www.w3.org\/2000\/svg\">\n<path id=\"calendar_today\" d=\"M1.11111 11.5477C0.805556 11.5477 0.543982 11.4358 0.326389 11.212C0.108796 10.9882 0 10.7191 0 10.4049V2.40486C0 2.09057 0.108796 1.82152 0.326389 1.59771C0.543982 1.3739 0.805556 1.262 1.11111 1.262H1.66667V0.119141H2.77778V1.262H7.22222V0.119141H8.33333V1.262H8.88889C9.19444 1.262 9.45602 1.3739 9.67361 1.59771C9.8912 1.82152 10 2.09057 10 2.40486V10.4049C10 10.7191 9.8912 10.9882 9.67361 11.212C9.45602 11.4358 9.19444 11.5477 8.88889 11.5477H1.11111ZM1.11111 10.4049H8.88889V4.69057H1.11111V10.4049Z\" fill=\"#71136C\"\/>\n<\/svg>\n<\/div>\n\t\t\tJanvier 1, 2019\t\t<\/li>\n\n\t\t\n\t\t\t\t\t<li class=\"metadata__regions\">\n\t\t\t\t<div class=\"metadata__icon\"><svg width=\"10\" height=\"12\" viewBox=\"0 0 10 12\" fill=\"none\" xmlns=\"http:\/\/www.w3.org\/2000\/svg\">\n<path id=\"location_on\" d=\"M5 5.83333C5.34375 5.83333 5.63802 5.7191 5.88281 5.49062C6.1276 5.26215 6.25 4.9875 6.25 4.66667C6.25 4.34583 6.1276 4.07118 5.88281 3.84271C5.63802 3.61424 5.34375 3.5 5 3.5C4.65625 3.5 4.36198 3.61424 4.11719 3.84271C3.8724 4.07118 3.75 4.34583 3.75 4.66667C3.75 4.9875 3.8724 5.26215 4.11719 5.49062C4.36198 5.7191 4.65625 5.83333 5 5.83333ZM5 11.6667C3.32292 10.3347 2.07031 9.09757 1.24219 7.95521C0.414062 6.81285 0 5.75556 0 4.78333C0 3.325 0.502604 2.16319 1.50781 1.29792C2.51302 0.432639 3.67708 0 5 0C6.32292 0 7.48698 0.432639 8.49219 1.29792C9.4974 2.16319 10 3.325 10 4.78333C10 5.75556 9.58594 6.81285 8.75781 7.95521C7.92969 9.09757 6.67708 10.3347 5 11.6667Z\" fill=\"#71136C\"\/>\n<\/svg>\n<\/div>\n\t\t\t\t<div class=\"metadata__list\">\n\t\t\t\t\t<span>Across Canada<\/span>\t\t\t\t<\/div>\n\t\t\t<\/li>\n\t\t\n\t\t\t<\/ul>\n<\/div>\t\t\t<div class=\"content-card__deck\">\n\t\t\t\tThe FSC Community of Practice is an inclusive and pan-Canadian network designed to foster knowledge sharing and collaboration among stakeholders in the skills development ecosystem.\t\t\t<\/div>\n\n\t\t\t\t\t\t\t\t\t\t\t\t\t<ul class=\"content-card__terms\">\n\t\t\t\t\t\t\t\t\t<\/ul>\n\t\t\t\t\t\t\n\t\t<\/div>\n\t\t\t<\/div>\n<\/div>\t\t\t<\/div>\n\t\t\t\t\t<\/div>\n\t\t\t<\/div>\n<\/div>\n","protected":false},"excerpt":{"rendered":"<p>Nos initiatives rassemblent un r\u00e9seau diversifi\u00e9 de partenaires issus de l\u2019industrie, du milieu universitaire et d\u2019organismes communautaires afin de fa\u00e7onner activement l\u2019avenir du travail au&#8230;<\/p>\n","protected":false},"author":16,"featured_media":0,"parent":0,"menu_order":0,"comment_status":"closed","ping_status":"closed","template":"","meta":{"_acf_changed":false,"footnotes":""},"class_list":["post-333096","page","type-page","status-publish","hentry"],"acf":{"slider_image":false,"subtitle":"","highlight":"pink","thumbnail_image":{"ID":263894,"id":263894,"title":"Incubation_Network_Web-1","filename":"Incubation_Network_Web-1-edited.png","filesize":675417,"url":"https:\/\/fsc-ccf.ca\/wp-content\/uploads\/2023\/06\/Incubation_Network_Web-1-edited.png","link":"https:\/\/fsc-ccf.ca\/fr\/?attachment_id=263894","alt":"","author":"8","description":"","caption":"","name":"incubation_network_web-1-2","status":"inherit","uploaded_to":290888,"date":"2023-06-26 22:30:38","modified":"2023-06-26 22:30:38","menu_order":0,"mime_type":"image\/png","type":"image","subtype":"png","icon":"https:\/\/fsc-ccf.ca\/wp-includes\/images\/media\/default.png","width":675,"height":675,"sizes":{"thumbnail":"https:\/\/fsc-ccf.ca\/wp-content\/uploads\/2023\/06\/Incubation_Network_Web-1-edited-150x150.png","thumbnail-width":150,"thumbnail-height":150,"medium":"https:\/\/fsc-ccf.ca\/wp-content\/uploads\/2023\/06\/Incubation_Network_Web-1-edited-300x300.png","medium-width":300,"medium-height":300,"medium_large":"https:\/\/fsc-ccf.ca\/wp-content\/uploads\/2023\/06\/Incubation_Network_Web-1-edited.png","medium_large-width":675,"medium_large-height":675,"large":"https:\/\/fsc-ccf.ca\/wp-content\/uploads\/2023\/06\/Incubation_Network_Web-1-edited.png","large-width":675,"large-height":675,"1536x1536":"https:\/\/fsc-ccf.ca\/wp-content\/uploads\/2023\/06\/Incubation_Network_Web-1-edited.png","1536x1536-width":675,"1536x1536-height":675,"2048x2048":"https:\/\/fsc-ccf.ca\/wp-content\/uploads\/2023\/06\/Incubation_Network_Web-1-edited.png","2048x2048-width":675,"2048x2048-height":675,"preview":"https:\/\/fsc-ccf.ca\/wp-content\/uploads\/2023\/06\/Incubation_Network_Web-1-edited-10x10.png","preview-width":10,"preview-height":10,"content-card-thumbnail":"https:\/\/fsc-ccf.ca\/wp-content\/uploads\/2023\/06\/Incubation_Network_Web-1-edited-675x600.png","content-card-thumbnail-width":675,"content-card-thumbnail-height":600,"slider-image":"https:\/\/fsc-ccf.ca\/wp-content\/uploads\/2023\/06\/Incubation_Network_Web-1-edited.png","slider-image-width":675,"slider-image-height":675,"hero-image":"https:\/\/fsc-ccf.ca\/wp-content\/uploads\/2023\/06\/Incubation_Network_Web-1-edited.png","hero-image-width":675,"hero-image-height":675,"inline-image":"https:\/\/fsc-ccf.ca\/wp-content\/uploads\/2023\/06\/Incubation_Network_Web-1-edited-675x512.png","inline-image-width":675,"inline-image-height":512,"content-card-thumbnail-vertical":"https:\/\/fsc-ccf.ca\/wp-content\/uploads\/2023\/06\/Incubation_Network_Web-1-edited-400x600.png","content-card-thumbnail-vertical-width":400,"content-card-thumbnail-vertical-height":600}}},"yoast_head":"<!-- This site is optimized with the Yoast SEO plugin v27.4 - https:\/\/yoast.com\/product\/yoast-seo-wordpress\/ -->\n<title>Nos initiatives - Future Skills Centre \u2022 Centre des Comp\u00e9tences futures<\/title>\n<meta name=\"description\" content=\"Nos initiatives rassemblent un r\u00e9seau diversifi\u00e9 de partenaires issus de l\u2019industrie, du milieu universitaire et d\u2019organismes communautaires afin de\" \/>\n<meta name=\"robots\" content=\"index, follow, max-snippet:-1, max-image-preview:large, max-video-preview:-1\" \/>\n<link rel=\"canonical\" href=\"https:\/\/fsc-ccf.ca\/fr\/nos-initiatives\/\" \/>\n<meta name=\"twitter:label1\" content=\"Est. reading time\" \/>\n\t<meta name=\"twitter:data1\" content=\"1 minute\" \/>\n<script type=\"application\/ld+json\" class=\"yoast-schema-graph\">{\"@context\":\"https:\\\/\\\/schema.org\",\"@graph\":[{\"@type\":\"WebPage\",\"@id\":\"https:\\\/\\\/fsc-ccf.ca\\\/fr\\\/nos-initiatives\\\/\",\"url\":\"https:\\\/\\\/fsc-ccf.ca\\\/fr\\\/nos-initiatives\\\/\",\"name\":\"Nos initiatives - Future Skills Centre \u2022 Centre des Comp\u00e9tences futures\",\"isPartOf\":{\"@id\":\"https:\\\/\\\/fsc-ccf.ca\\\/fr\\\/#website\"},\"datePublished\":\"2026-03-03T15:00:19+00:00\",\"dateModified\":\"2026-03-03T15:33:52+00:00\",\"description\":\"Nos initiatives rassemblent un r\u00e9seau diversifi\u00e9 de partenaires issus de l\u2019industrie, du milieu universitaire et d\u2019organismes communautaires afin de\",\"breadcrumb\":{\"@id\":\"https:\\\/\\\/fsc-ccf.ca\\\/fr\\\/nos-initiatives\\\/#breadcrumb\"},\"inLanguage\":\"fr-FR\",\"potentialAction\":[{\"@type\":\"ReadAction\",\"target\":[\"https:\\\/\\\/fsc-ccf.ca\\\/fr\\\/nos-initiatives\\\/\"]}]},{\"@type\":\"BreadcrumbList\",\"@id\":\"https:\\\/\\\/fsc-ccf.ca\\\/fr\\\/nos-initiatives\\\/#breadcrumb\",\"itemListElement\":[{\"@type\":\"ListItem\",\"position\":1,\"name\":\"Home\",\"item\":\"https:\\\/\\\/fsc-ccf.ca\\\/fr\\\/\"},{\"@type\":\"ListItem\",\"position\":2,\"name\":\"Nos initiatives\"}]},{\"@type\":\"WebSite\",\"@id\":\"https:\\\/\\\/fsc-ccf.ca\\\/fr\\\/#website\",\"url\":\"https:\\\/\\\/fsc-ccf.ca\\\/fr\\\/\",\"name\":\"Future Skills Centre \u2022 Centre des Comp\u00e9tences futures\",\"description\":\"\",\"publisher\":{\"@id\":\"https:\\\/\\\/fsc-ccf.ca\\\/fr\\\/#organization\"},\"potentialAction\":[{\"@type\":\"SearchAction\",\"target\":{\"@type\":\"EntryPoint\",\"urlTemplate\":\"https:\\\/\\\/fsc-ccf.ca\\\/fr\\\/?s={search_term_string}\"},\"query-input\":{\"@type\":\"PropertyValueSpecification\",\"valueRequired\":true,\"valueName\":\"search_term_string\"}}],\"inLanguage\":\"fr-FR\"},{\"@type\":\"Organization\",\"@id\":\"https:\\\/\\\/fsc-ccf.ca\\\/fr\\\/#organization\",\"name\":\"Future Skills Centre \u2022 Centre des Comp\u00e9tences futures\",\"url\":\"https:\\\/\\\/fsc-ccf.ca\\\/fr\\\/\",\"logo\":{\"@type\":\"ImageObject\",\"inLanguage\":\"fr-FR\",\"@id\":\"https:\\\/\\\/fsc-ccf.ca\\\/fr\\\/#\\\/schema\\\/logo\\\/image\\\/\",\"url\":\"https:\\\/\\\/fsc-ccf.ca\\\/wp-content\\\/uploads\\\/2019\\\/08\\\/FSC_logo_colour_rgb_positive_ENG.png\",\"contentUrl\":\"https:\\\/\\\/fsc-ccf.ca\\\/wp-content\\\/uploads\\\/2019\\\/08\\\/FSC_logo_colour_rgb_positive_ENG.png\",\"width\":618,\"height\":528,\"caption\":\"Future Skills Centre \u2022 Centre des Comp\u00e9tences futures\"},\"image\":{\"@id\":\"https:\\\/\\\/fsc-ccf.ca\\\/fr\\\/#\\\/schema\\\/logo\\\/image\\\/\"},\"sameAs\":[\"https:\\\/\\\/www.facebook.com\\\/2161871137193201\\\/\",\"https:\\\/\\\/x.com\\\/fsc_ccf_en\",\"https:\\\/\\\/www.instagram.com\\\/fsc_ccf\\\/\",\"https:\\\/\\\/www.linkedin.com\\\/company\\\/fsc-ccf\\\/\"]}]}<\/script>\n<!-- \/ Yoast SEO plugin. -->","yoast_head_json":{"title":"Nos initiatives - Future Skills Centre \u2022 Centre des Comp\u00e9tences futures","description":"Nos initiatives rassemblent un r\u00e9seau diversifi\u00e9 de partenaires issus de l\u2019industrie, du milieu universitaire et d\u2019organismes communautaires afin de","robots":{"index":"index","follow":"follow","max-snippet":"max-snippet:-1","max-image-preview":"max-image-preview:large","max-video-preview":"max-video-preview:-1"},"canonical":"https:\/\/fsc-ccf.ca\/fr\/nos-initiatives\/","twitter_misc":{"Est. reading time":"1 minute"},"schema":{"@context":"https:\/\/schema.org","@graph":[{"@type":"WebPage","@id":"https:\/\/fsc-ccf.ca\/fr\/nos-initiatives\/","url":"https:\/\/fsc-ccf.ca\/fr\/nos-initiatives\/","name":"Nos initiatives - Future Skills Centre \u2022 Centre des Comp\u00e9tences futures","isPartOf":{"@id":"https:\/\/fsc-ccf.ca\/fr\/#website"},"datePublished":"2026-03-03T15:00:19+00:00","dateModified":"2026-03-03T15:33:52+00:00","description":"Nos initiatives rassemblent un r\u00e9seau diversifi\u00e9 de partenaires issus de l\u2019industrie, du milieu universitaire et d\u2019organismes communautaires afin de","breadcrumb":{"@id":"https:\/\/fsc-ccf.ca\/fr\/nos-initiatives\/#breadcrumb"},"inLanguage":"fr-FR","potentialAction":[{"@type":"ReadAction","target":["https:\/\/fsc-ccf.ca\/fr\/nos-initiatives\/"]}]},{"@type":"BreadcrumbList","@id":"https:\/\/fsc-ccf.ca\/fr\/nos-initiatives\/#breadcrumb","itemListElement":[{"@type":"ListItem","position":1,"name":"Home","item":"https:\/\/fsc-ccf.ca\/fr\/"},{"@type":"ListItem","position":2,"name":"Nos initiatives"}]},{"@type":"WebSite","@id":"https:\/\/fsc-ccf.ca\/fr\/#website","url":"https:\/\/fsc-ccf.ca\/fr\/","name":"Future Skills Centre \u2022 Centre des Comp\u00e9tences futures","description":"","publisher":{"@id":"https:\/\/fsc-ccf.ca\/fr\/#organization"},"potentialAction":[{"@type":"SearchAction","target":{"@type":"EntryPoint","urlTemplate":"https:\/\/fsc-ccf.ca\/fr\/?s={search_term_string}"},"query-input":{"@type":"PropertyValueSpecification","valueRequired":true,"valueName":"search_term_string"}}],"inLanguage":"fr-FR"},{"@type":"Organization","@id":"https:\/\/fsc-ccf.ca\/fr\/#organization","name":"Future Skills Centre \u2022 Centre des Comp\u00e9tences futures","url":"https:\/\/fsc-ccf.ca\/fr\/","logo":{"@type":"ImageObject","inLanguage":"fr-FR","@id":"https:\/\/fsc-ccf.ca\/fr\/#\/schema\/logo\/image\/","url":"https:\/\/fsc-ccf.ca\/wp-content\/uploads\/2019\/08\/FSC_logo_colour_rgb_positive_ENG.png","contentUrl":"https:\/\/fsc-ccf.ca\/wp-content\/uploads\/2019\/08\/FSC_logo_colour_rgb_positive_ENG.png","width":618,"height":528,"caption":"Future Skills Centre \u2022 Centre des Comp\u00e9tences futures"},"image":{"@id":"https:\/\/fsc-ccf.ca\/fr\/#\/schema\/logo\/image\/"},"sameAs":["https:\/\/www.facebook.com\/2161871137193201\/","https:\/\/x.com\/fsc_ccf_en","https:\/\/www.instagram.com\/fsc_ccf\/","https:\/\/www.linkedin.com\/company\/fsc-ccf\/"]}]}},"_links":{"self":[{"href":"https:\/\/fsc-ccf.ca\/fr\/wp-json\/wp\/v2\/pages\/333096","targetHints":{"allow":["GET"]}}],"collection":[{"href":"https:\/\/fsc-ccf.ca\/fr\/wp-json\/wp\/v2\/pages"}],"about":[{"href":"https:\/\/fsc-ccf.ca\/fr\/wp-json\/wp\/v2\/types\/page"}],"author":[{"embeddable":true,"href":"https:\/\/fsc-ccf.ca\/fr\/wp-json\/wp\/v2\/users\/16"}],"replies":[{"embeddable":true,"href":"https:\/\/fsc-ccf.ca\/fr\/wp-json\/wp\/v2\/comments?post=333096"}],"version-history":[{"count":4,"href":"https:\/\/fsc-ccf.ca\/fr\/wp-json\/wp\/v2\/pages\/333096\/revisions"}],"predecessor-version":[{"id":333121,"href":"https:\/\/fsc-ccf.ca\/fr\/wp-json\/wp\/v2\/pages\/333096\/revisions\/333121"}],"wp:attachment":[{"href":"https:\/\/fsc-ccf.ca\/fr\/wp-json\/wp\/v2\/media?parent=333096"}],"curies":[{"name":"wp","href":"https:\/\/api.w.org\/{rel}","templated":true}]}}