			{"id":251097,"date":"2022-09-24T12:00:36","date_gmt":"2022-09-24T16:00:36","guid":{"rendered":"https:\/\/fsc-ccf.ca\/?page_id=251097"},"modified":"2023-05-19T14:06:37","modified_gmt":"2023-05-19T18:06:37","slug":"impact-report","status":"publish","type":"page","link":"https:\/\/fsc-ccf.ca\/fr\/impact-report\/","title":{"rendered":"Impact Report"},"content":{"rendered":"\n<p class=\"is-style-large-paragraph\"><strong>Nous sommes heureux de vous pr\u00e9senter ce rapport et de mettre en lumi\u00e8re une partie de l&#8217;impact que nous avons eu, avec nos incroyables partenaires, sur l&#8217;\u00e9cosyst\u00e8me du d\u00e9veloppement des comp\u00e9tences au cours de ces derni\u00e8res ann\u00e9es.<\/strong><\/p>\n","protected":false},"excerpt":{"rendered":"<p>Nous sommes heureux de vous pr\u00e9senter ce rapport et de mettre en lumi\u00e8re une partie de l&#8217;impact que nous avons eu, avec nos incroyables partenaires, sur l&#8217;\u00e9cosyst\u00e8me du d\u00e9veloppement des comp\u00e9tences au cours de ces derni\u00e8res ann\u00e9es.<\/p>\n","protected":false},"author":19,"featured_media":0,"parent":0,"menu_order":0,"comment_status":"closed","ping_status":"closed","template":"impact-report\/impact-report.php","meta":{"_acf_changed":false,"footnotes":""},"class_list":["post-251097","page","type-page","status-publish","hentry"],"acf":{"thumbnail_image":false,"slider_image":{"ID":262122,"id":262122,"title":"flipped-DIR_Blank-15","filename":"flipped-DIR_Blank-15.png","filesize":2759509,"url":"https:\/\/fsc-ccf.ca\/wp-content\/uploads\/2023\/05\/flipped-DIR_Blank-15.png","link":"https:\/\/fsc-ccf.ca\/fr\/impact-report\/flipped-dir_blank-15-2\/","alt":"person looking at tablet with bright purple background","author":"16","description":"","caption":"","name":"flipped-dir_blank-15-2","status":"inherit","uploaded_to":251097,"date":"2023-05-19 18:05:06","modified":"2023-05-19 18:06:04","menu_order":0,"mime_type":"image\/png","type":"image","subtype":"png","icon":"https:\/\/fsc-ccf.ca\/wp-includes\/images\/media\/default.png","width":5855,"height":3221,"sizes":{"thumbnail":"https:\/\/fsc-ccf.ca\/wp-content\/uploads\/2023\/05\/flipped-DIR_Blank-15-150x150.png","thumbnail-width":150,"thumbnail-height":150,"medium":"https:\/\/fsc-ccf.ca\/wp-content\/uploads\/2023\/05\/flipped-DIR_Blank-15-300x165.png","medium-width":300,"medium-height":165,"medium_large":"https:\/\/fsc-ccf.ca\/wp-content\/uploads\/2023\/05\/flipped-DIR_Blank-15-768x422.png","medium_large-width":768,"medium_large-height":422,"large":"https:\/\/fsc-ccf.ca\/wp-content\/uploads\/2023\/05\/flipped-DIR_Blank-15-1024x563.png","large-width":1024,"large-height":563,"1536x1536":"https:\/\/fsc-ccf.ca\/wp-content\/uploads\/2023\/05\/flipped-DIR_Blank-15-1536x845.png","1536x1536-width":1536,"1536x1536-height":845,"2048x2048":"https:\/\/fsc-ccf.ca\/wp-content\/uploads\/2023\/05\/flipped-DIR_Blank-15-2048x1127.png","2048x2048-width":2048,"2048x2048-height":1127,"preview":"https:\/\/fsc-ccf.ca\/wp-content\/uploads\/2023\/05\/flipped-DIR_Blank-15-10x6.png","preview-width":10,"preview-height":6,"content-card-thumbnail":"https:\/\/fsc-ccf.ca\/wp-content\/uploads\/2023\/05\/flipped-DIR_Blank-15-800x600.png","content-card-thumbnail-width":800,"content-card-thumbnail-height":600,"slider-image":"https:\/\/fsc-ccf.ca\/wp-content\/uploads\/2023\/05\/flipped-DIR_Blank-15-1600x1200.png","slider-image-width":1600,"slider-image-height":1200,"hero-image":"https:\/\/fsc-ccf.ca\/wp-content\/uploads\/2023\/05\/flipped-DIR_Blank-15-2000x1100.png","hero-image-width":2000,"hero-image-height":1100,"inline-image":"https:\/\/fsc-ccf.ca\/wp-content\/uploads\/2023\/05\/flipped-DIR_Blank-15-1024x512.png","inline-image-width":1024,"inline-image-height":512,"content-card-thumbnail-vertical":"https:\/\/fsc-ccf.ca\/wp-content\/uploads\/2023\/05\/flipped-DIR_Blank-15-400x600.png","content-card-thumbnail-vertical-width":400,"content-card-thumbnail-vertical-height":600}},"subtitle":"","highlight":"pink"},"yoast_head":"<!-- This site is optimized with the Yoast SEO plugin v27.4 - https:\/\/yoast.com\/product\/yoast-seo-wordpress\/ -->\n<title>Impact Report - Future Skills Centre \u2022 Centre des Comp\u00e9tences futures<\/title>\n<meta name=\"description\" content=\"Nous sommes heureux de vous pr\u00e9senter ce rapport et de mettre en lumi\u00e8re une partie de l&#039;impact que nous avons eu, avec nos incroyables partenaires, sur l&#039;\u00e9cosyst\u00e8me du d\u00e9veloppement des comp\u00e9tences au cours de ces derni\u00e8res ann\u00e9es.\" \/>\n<meta name=\"robots\" content=\"index, follow, max-snippet:-1, max-image-preview:large, max-video-preview:-1\" \/>\n<link rel=\"canonical\" href=\"https:\/\/fsc-ccf.ca\/fr\/impact-report\/\" \/>\n<meta name=\"twitter:label1\" content=\"Est. reading time\" \/>\n\t<meta name=\"twitter:data1\" content=\"1 minute\" \/>\n<script type=\"application\/ld+json\" class=\"yoast-schema-graph\">{\"@context\":\"https:\\\/\\\/schema.org\",\"@graph\":[{\"@type\":\"WebPage\",\"@id\":\"https:\\\/\\\/fsc-ccf.ca\\\/fr\\\/impact-report\\\/\",\"url\":\"https:\\\/\\\/fsc-ccf.ca\\\/fr\\\/impact-report\\\/\",\"name\":\"Impact Report - Future Skills Centre \u2022 Centre des Comp\u00e9tences futures\",\"isPartOf\":{\"@id\":\"https:\\\/\\\/fsc-ccf.ca\\\/fr\\\/#website\"},\"datePublished\":\"2022-09-24T16:00:36+00:00\",\"dateModified\":\"2023-05-19T18:06:37+00:00\",\"description\":\"Nous sommes heureux de vous pr\u00e9senter ce rapport et de mettre en lumi\u00e8re une partie de l'impact que nous avons eu, avec nos incroyables partenaires, sur l'\u00e9cosyst\u00e8me du d\u00e9veloppement des comp\u00e9tences au cours de ces derni\u00e8res ann\u00e9es.\",\"breadcrumb\":{\"@id\":\"https:\\\/\\\/fsc-ccf.ca\\\/fr\\\/impact-report\\\/#breadcrumb\"},\"inLanguage\":\"fr-FR\",\"potentialAction\":[{\"@type\":\"ReadAction\",\"target\":[\"https:\\\/\\\/fsc-ccf.ca\\\/fr\\\/impact-report\\\/\"]}]},{\"@type\":\"BreadcrumbList\",\"@id\":\"https:\\\/\\\/fsc-ccf.ca\\\/fr\\\/impact-report\\\/#breadcrumb\",\"itemListElement\":[{\"@type\":\"ListItem\",\"position\":1,\"name\":\"Home\",\"item\":\"https:\\\/\\\/fsc-ccf.ca\\\/fr\\\/\"},{\"@type\":\"ListItem\",\"position\":2,\"name\":\"Impact Report\"}]},{\"@type\":\"WebSite\",\"@id\":\"https:\\\/\\\/fsc-ccf.ca\\\/fr\\\/#website\",\"url\":\"https:\\\/\\\/fsc-ccf.ca\\\/fr\\\/\",\"name\":\"Future Skills Centre \u2022 Centre des Comp\u00e9tences futures\",\"description\":\"\",\"publisher\":{\"@id\":\"https:\\\/\\\/fsc-ccf.ca\\\/fr\\\/#organization\"},\"potentialAction\":[{\"@type\":\"SearchAction\",\"target\":{\"@type\":\"EntryPoint\",\"urlTemplate\":\"https:\\\/\\\/fsc-ccf.ca\\\/fr\\\/?s={search_term_string}\"},\"query-input\":{\"@type\":\"PropertyValueSpecification\",\"valueRequired\":true,\"valueName\":\"search_term_string\"}}],\"inLanguage\":\"fr-FR\"},{\"@type\":\"Organization\",\"@id\":\"https:\\\/\\\/fsc-ccf.ca\\\/fr\\\/#organization\",\"name\":\"Future Skills Centre \u2022 Centre des Comp\u00e9tences futures\",\"url\":\"https:\\\/\\\/fsc-ccf.ca\\\/fr\\\/\",\"logo\":{\"@type\":\"ImageObject\",\"inLanguage\":\"fr-FR\",\"@id\":\"https:\\\/\\\/fsc-ccf.ca\\\/fr\\\/#\\\/schema\\\/logo\\\/image\\\/\",\"url\":\"https:\\\/\\\/fsc-ccf.ca\\\/wp-content\\\/uploads\\\/2019\\\/08\\\/FSC_logo_colour_rgb_positive_ENG.png\",\"contentUrl\":\"https:\\\/\\\/fsc-ccf.ca\\\/wp-content\\\/uploads\\\/2019\\\/08\\\/FSC_logo_colour_rgb_positive_ENG.png\",\"width\":618,\"height\":528,\"caption\":\"Future Skills Centre \u2022 Centre des Comp\u00e9tences futures\"},\"image\":{\"@id\":\"https:\\\/\\\/fsc-ccf.ca\\\/fr\\\/#\\\/schema\\\/logo\\\/image\\\/\"},\"sameAs\":[\"https:\\\/\\\/www.facebook.com\\\/2161871137193201\\\/\",\"https:\\\/\\\/x.com\\\/fsc_ccf_en\",\"https:\\\/\\\/www.instagram.com\\\/fsc_ccf\\\/\",\"https:\\\/\\\/www.linkedin.com\\\/company\\\/fsc-ccf\\\/\"]}]}<\/script>\n<!-- \/ Yoast SEO plugin. -->","yoast_head_json":{"title":"Impact Report - Future Skills Centre \u2022 Centre des Comp\u00e9tences futures","description":"Nous sommes heureux de vous pr\u00e9senter ce rapport et de mettre en lumi\u00e8re une partie de l'impact que nous avons eu, avec nos incroyables partenaires, sur l'\u00e9cosyst\u00e8me du d\u00e9veloppement des comp\u00e9tences au cours de ces derni\u00e8res ann\u00e9es.","robots":{"index":"index","follow":"follow","max-snippet":"max-snippet:-1","max-image-preview":"max-image-preview:large","max-video-preview":"max-video-preview:-1"},"canonical":"https:\/\/fsc-ccf.ca\/fr\/impact-report\/","twitter_misc":{"Est. reading time":"1 minute"},"schema":{"@context":"https:\/\/schema.org","@graph":[{"@type":"WebPage","@id":"https:\/\/fsc-ccf.ca\/fr\/impact-report\/","url":"https:\/\/fsc-ccf.ca\/fr\/impact-report\/","name":"Impact Report - Future Skills Centre \u2022 Centre des Comp\u00e9tences futures","isPartOf":{"@id":"https:\/\/fsc-ccf.ca\/fr\/#website"},"datePublished":"2022-09-24T16:00:36+00:00","dateModified":"2023-05-19T18:06:37+00:00","description":"Nous sommes heureux de vous pr\u00e9senter ce rapport et de mettre en lumi\u00e8re une partie de l'impact que nous avons eu, avec nos incroyables partenaires, sur l'\u00e9cosyst\u00e8me du d\u00e9veloppement des comp\u00e9tences au cours de ces derni\u00e8res ann\u00e9es.","breadcrumb":{"@id":"https:\/\/fsc-ccf.ca\/fr\/impact-report\/#breadcrumb"},"inLanguage":"fr-FR","potentialAction":[{"@type":"ReadAction","target":["https:\/\/fsc-ccf.ca\/fr\/impact-report\/"]}]},{"@type":"BreadcrumbList","@id":"https:\/\/fsc-ccf.ca\/fr\/impact-report\/#breadcrumb","itemListElement":[{"@type":"ListItem","position":1,"name":"Home","item":"https:\/\/fsc-ccf.ca\/fr\/"},{"@type":"ListItem","position":2,"name":"Impact Report"}]},{"@type":"WebSite","@id":"https:\/\/fsc-ccf.ca\/fr\/#website","url":"https:\/\/fsc-ccf.ca\/fr\/","name":"Future Skills Centre \u2022 Centre des Comp\u00e9tences futures","description":"","publisher":{"@id":"https:\/\/fsc-ccf.ca\/fr\/#organization"},"potentialAction":[{"@type":"SearchAction","target":{"@type":"EntryPoint","urlTemplate":"https:\/\/fsc-ccf.ca\/fr\/?s={search_term_string}"},"query-input":{"@type":"PropertyValueSpecification","valueRequired":true,"valueName":"search_term_string"}}],"inLanguage":"fr-FR"},{"@type":"Organization","@id":"https:\/\/fsc-ccf.ca\/fr\/#organization","name":"Future Skills Centre \u2022 Centre des Comp\u00e9tences futures","url":"https:\/\/fsc-ccf.ca\/fr\/","logo":{"@type":"ImageObject","inLanguage":"fr-FR","@id":"https:\/\/fsc-ccf.ca\/fr\/#\/schema\/logo\/image\/","url":"https:\/\/fsc-ccf.ca\/wp-content\/uploads\/2019\/08\/FSC_logo_colour_rgb_positive_ENG.png","contentUrl":"https:\/\/fsc-ccf.ca\/wp-content\/uploads\/2019\/08\/FSC_logo_colour_rgb_positive_ENG.png","width":618,"height":528,"caption":"Future Skills Centre \u2022 Centre des Comp\u00e9tences futures"},"image":{"@id":"https:\/\/fsc-ccf.ca\/fr\/#\/schema\/logo\/image\/"},"sameAs":["https:\/\/www.facebook.com\/2161871137193201\/","https:\/\/x.com\/fsc_ccf_en","https:\/\/www.instagram.com\/fsc_ccf\/","https:\/\/www.linkedin.com\/company\/fsc-ccf\/"]}]}},"_links":{"self":[{"href":"https:\/\/fsc-ccf.ca\/fr\/wp-json\/wp\/v2\/pages\/251097","targetHints":{"allow":["GET"]}}],"collection":[{"href":"https:\/\/fsc-ccf.ca\/fr\/wp-json\/wp\/v2\/pages"}],"about":[{"href":"https:\/\/fsc-ccf.ca\/fr\/wp-json\/wp\/v2\/types\/page"}],"author":[{"embeddable":true,"href":"https:\/\/fsc-ccf.ca\/fr\/wp-json\/wp\/v2\/users\/19"}],"replies":[{"embeddable":true,"href":"https:\/\/fsc-ccf.ca\/fr\/wp-json\/wp\/v2\/comments?post=251097"}],"version-history":[{"count":6,"href":"https:\/\/fsc-ccf.ca\/fr\/wp-json\/wp\/v2\/pages\/251097\/revisions"}],"predecessor-version":[{"id":262124,"href":"https:\/\/fsc-ccf.ca\/fr\/wp-json\/wp\/v2\/pages\/251097\/revisions\/262124"}],"wp:attachment":[{"href":"https:\/\/fsc-ccf.ca\/fr\/wp-json\/wp\/v2\/media?parent=251097"}],"curies":[{"name":"wp","href":"https:\/\/api.w.org\/{rel}","templated":true}]}}