			{"id":250563,"date":"2022-09-07T18:23:38","date_gmt":"2022-09-07T22:23:38","guid":{"rendered":"https:\/\/fsc-ccf.ca\/events-2\/"},"modified":"2026-03-06T14:00:27","modified_gmt":"2026-03-06T19:00:27","slug":"events","status":"publish","type":"page","link":"https:\/\/fsc-ccf.ca\/fr\/events\/","title":{"rendered":"\u00c9v\u00e9nements"},"content":{"rendered":"\n<p class=\"has-text-align-center\">Here are details about upcoming and past events from the Future Skills Centre and its partners across the country. <br>We look forward to connecting with you soon!<\/p>\n\n\n\n<div class=\"reports-block event\" id=\"ob-sortfilterevents\" data-language=\"fr\" data-posttype=\"event\" data-numposts=\"8\" data-pastonly=\"\">\n    <p class=\"ob-gb-hide\">[ Search and Filter &#8211; See sidebar for options ]<\/p>\n    <div class=\"searchfilter-block__form-container\">\n        <form id=\"ob-filter\" class=\"searchfilter-block__form\">\n                            <div class=\"searchfilter-block__form-search-container\">\n                    <input class=\"searchfilter-block__form-search\" id=\"search\" aria-label=\"Search\" type=\"text\" name=\"s\" placeholder=\"Filtrer par mot-cl\u00e9\">\n                    <button type=\"submit\" aria-label=\"Submit Search\" class=\"form__submit-search btn--search\">\n                        <svg width=\"28px\" height=\"27px\" viewBox=\"0 0 28 27\" version=\"1.1\" xmlns=\"http:\/\/www.w3.org\/2000\/svg\" xmlns:xlink=\"http:\/\/www.w3.org\/1999\/xlink\">\n                            <g stroke=\"none\" stroke-width=\"1\" fill=\"none\" fill-rule=\"evenodd\">\n                                <g transform=\"translate(-257.000000, -14.000000)\" fill=\"#EC008C\" stroke=\"#EC008C\" stroke-width=\"0.5\">\n                                    <g>\n                                        <g transform=\"translate(258.000000, 15.000000)\">\n                                            <path d=\"M18.7485037,16.5340557 C20.0483447,14.7611963 20.7446645,12.6178516 20.7349559,10.4195495 C20.7101542,4.68125135 16.0689159,0.0332484596 10.3306762,0.000105410581 C7.58460504,-0.0123190141 4.9476205,1.07403475 3.00716815,3.01715782 C1.0667158,4.96028089 -0.016014453,7.5987615 0.000179064889,10.3448208 C0.0249807917,16.0836413 4.6666425,20.7320677 10.4054046,20.7652108 C12.6126561,20.7747773 14.7638254,20.0703279 16.5378662,18.7569965 L16.5454337,18.751321 L23.7903085,26 L26,23.7884103 L18.7485037,16.5340557 Z M10.4283618,18.1998716 C6.11102635,18.1750711 2.61891794,14.6831496 2.59996567,10.3718942 C2.58831308,8.30908685 3.40297478,6.3272327 4.86260384,4.86750032 C6.3222329,3.40776794 8.30568217,2.59131307 10.371428,2.59988178 C14.6887635,2.62468219 18.1808719,6.11660378 18.1998241,10.4278591 C18.2114767,12.4906665 17.396815,14.4725206 15.937186,15.932253 C14.4775569,17.3919854 12.4941076,18.2084403 10.4283618,18.1998716 Z\" transform=\"translate(13.000000, 13.000000) scale(-1, 1) translate(-13.000000, -13.000000) \"><\/path>\n                                        <\/g>\n                                    <\/g>\n                                <\/g>\n                            <\/g>\n                        <\/svg>                            \n                    <\/button>\n                <\/div>\n                                        <div class=\"searchfilter-block__form-select-container\">\n                    <select class=\"searchfilter-block__form-select\" name=\"themes\" id=\"ob-select-themes\">\n                        <option value=\"all\" selected=\"\" disabled=\"\">Filter By Themes<\/option>\n                                                    <option value=\"adaptabilite-des-pme\">Adaptabilit\u00e9 des PME<\/option>\n                                                    <option value=\"apprentissage-integre-travail\">Apprentissage int\u00e9gr\u00e9 au travail<\/option>\n                                                    <option value=\"competences-futures\">Comp\u00e9tences de futures<\/option>\n                                                    <option value=\"economie-inclusive\">\u00c9conomie inclusive<\/option>\n                                                    <option value=\"emplois-durables\">Emplois durables<\/option>\n                                                    <option value=\"formation-professionnelle\">Formation Professionnelle<\/option>\n                                                    <option value=\"lmi-fr\">Information sur le march\u00e9 du travail<\/option>\n                                                    <option value=\"innovation-mise-echelle\">Innovation et mise \u00e0 l\u2019\u00e9chelle<\/option>\n                                                    <option value=\"intelligence-artificielle\">Intelligence Artificielle<\/option>\n                                                    <option value=\"skilled-trades\">M\u00e9tiers sp\u00e9cialis\u00e9s<\/option>\n                                                    <option value=\"microcertifications\">Microcertifications<\/option>\n                                                    <option value=\"parcours-vers-lemploi\">Parcours vers L\u2019emploi<\/option>\n                                                    <option value=\"qualite-de-lemploi\">Qualit\u00e9 de l&#8217;emploi<\/option>\n                                                    <option value=\"secteurs\">Secteurs<\/option>\n                                                    <option value=\"services-carriere\">Services de Carri\u00e8re<\/option>\n                                                    <option value=\"technologie-et-automatisation\">Technologie et automatisation<\/option>\n                                            <\/select>\n                    <ul class=\"searchfilter-block__form-ui\" data-name=\"themes\" id=\"ob-select-themes\">\n                        <li tabindex=\"0\" class=\"trigger-open\">Filtrer par Themes<\/li>\n                                                    <li data-value=\"adaptabilite-des-pme\">Adaptabilit\u00e9 des PME<\/li>\n                                                    <li data-value=\"apprentissage-integre-travail\">Apprentissage int\u00e9gr\u00e9 au travail<\/li>\n                                                    <li data-value=\"competences-futures\">Comp\u00e9tences de futures<\/li>\n                                                    <li data-value=\"economie-inclusive\">\u00c9conomie inclusive<\/li>\n                                                    <li data-value=\"emplois-durables\">Emplois durables<\/li>\n                                                    <li data-value=\"formation-professionnelle\">Formation Professionnelle<\/li>\n                                                    <li data-value=\"lmi-fr\">Information sur le march\u00e9 du travail<\/li>\n                                                    <li data-value=\"innovation-mise-echelle\">Innovation et mise \u00e0 l\u2019\u00e9chelle<\/li>\n                                                    <li data-value=\"intelligence-artificielle\">Intelligence Artificielle<\/li>\n                                                    <li data-value=\"skilled-trades\">M\u00e9tiers sp\u00e9cialis\u00e9s<\/li>\n                                                    <li data-value=\"microcertifications\">Microcertifications<\/li>\n                                                    <li data-value=\"parcours-vers-lemploi\">Parcours vers L\u2019emploi<\/li>\n                                                    <li data-value=\"qualite-de-lemploi\">Qualit\u00e9 de l&#8217;emploi<\/li>\n                                                    <li data-value=\"secteurs\">Secteurs<\/li>\n                                                    <li data-value=\"services-carriere\">Services de Carri\u00e8re<\/li>\n                                                    <li data-value=\"technologie-et-automatisation\">Technologie et automatisation<\/li>\n                                                <li style=\"display: none\" data-value=\"all\">All Themes<\/li>\n                    <\/ul>\n                <\/div>\n                    <\/form>\n        <form id=\"ob-sort\" class=\"filter-block__sort\">\n            <ul class=\"ob-sort\">\n                <li class=\"ob-dropdown\"><span class=\"ob-sort__label\">Trier par<\/span><button aria-label=\"Show Sort Options\" class=\"ob-dropdown__arrow\"><span class=\"triangle triangle--down\"><\/span><\/button><\/li>\n                <li class=\"ob-sort-value\" data-value=\"upcoming\">\u00c0 venir<\/li>\n                <li class=\"ob-sort-value\" data-value=\"ongoing\">En cours<\/li>\n                <li class=\"ob-sort-value\" data-value=\"past\">\u00c9v\u00e9nement pr\u00e9c\u00e9dent<\/li>\n            <\/ul>\n            <select name=\"sort\" id=\"ob-sort-select\" aria-label=\"Sort By\">\n                <!-- Decoy first option so that a value of none gets sent to query if no sortby is selected -->\n                <option selected disabled><\/option>\n                <option value=\"upcoming\">\u00c0 venir<\/option>\n                <option value=\"ongoing\">En cours<\/option>\n                <option value=\"past\">\u00c9v\u00e9nement pr\u00e9c\u00e9dent<\/option>\n            <\/select>\n            <input type=\"submit\" aria-label=\"Submit Sort By Form\">\n        <\/form>\n    <\/div>\n    <div class=\"searchfilter-block__count\" data-resultname=\"r\u00e9sultats\"><span>1<\/span> r\u00e9sultats<\/div>\n    <div class=\"searchfilter-block__clear\">Effacer les filtres<\/div>\n    <div class=\"filter-block__loader\"><span><\/span><span><\/span><span><\/span><\/div>\n    <div class=\"searchfilter-block__noresults\">D\u00e9sol\u00e9, votre recherche n&#8217;a donn\u00e9 aucun r\u00e9sultat. Veuillez essayer d&#8217;autres termes de recherche et v\u00e9rifier votre orthographe, ou faire une autre s\u00e9lection dans le menu d\u00e9roulant.<\/div>\n            <div class=\"searchfilter-block__posts searchfilter-block__posts--event\">\n            <h3>Mai 2026<\/h3>                <div class=\"content-card content-card--event\">\n\t\t\t<div class=\"content-card__image\">\n\t\t\t<a href=\"https:\/\/fsc-ccf.ca\/fr\/event\/skills-solutions-for-canadas-healthcare-workforce\/\" target=\"_self\"><img decoding=\"async\" src=\"https:\/\/fsc-ccf.ca\/wp-content\/uploads\/2026\/04\/2026-05-Healthcare-Web-2-800x600.png\" alt=\"\"><\/a>\n\t\t<\/div>\n\t\t\t<div class=\"content-card__content\">\n\t\t<div class=\"content-card__text\">\n\t\t\t\t\t\t\t<div class=\"content-card__type\">\n\t\t\t\t\t<span href=\"https:\/\/fsc-ccf.ca\/fr\/event\/\">\u00c9v\u00e9nement<\/span>\t\t\t\t<\/div>\n\t\t\t\n\t\t\t\n\t\t\t\t\t\t<h3 class=\"content-card__title\">\n\t\t\t\t<a href=\"https:\/\/fsc-ccf.ca\/fr\/event\/skills-solutions-for-canadas-healthcare-workforce\/\" target=\"_self\">Solutions en mati\u00e8re de comp\u00e9tences pour la main-d&#8217;\u0153uvre du secteur de la sant\u00e9 au Canada<\/a>\n\t\t\t<\/h3>\n\n\t\t\t<div class=\"metadata metadata--event\">\n\t<ul>\n\t\t\t\t\t<li class=\"metadata__date\">\n\t\t\t<div class=\"metadata__icon\"><svg width=\"10\" height=\"12\" viewBox=\"0 0 10 12\" fill=\"none\" xmlns=\"http:\/\/www.w3.org\/2000\/svg\">\n<path id=\"calendar_today\" d=\"M1.11111 11.5477C0.805556 11.5477 0.543982 11.4358 0.326389 11.212C0.108796 10.9882 0 10.7191 0 10.4049V2.40486C0 2.09057 0.108796 1.82152 0.326389 1.59771C0.543982 1.3739 0.805556 1.262 1.11111 1.262H1.66667V0.119141H2.77778V1.262H7.22222V0.119141H8.33333V1.262H8.88889C9.19444 1.262 9.45602 1.3739 9.67361 1.59771C9.8912 1.82152 10 2.09057 10 2.40486V10.4049C10 10.7191 9.8912 10.9882 9.67361 11.212C9.45602 11.4358 9.19444 11.5477 8.88889 11.5477H1.11111ZM1.11111 10.4049H8.88889V4.69057H1.11111V10.4049Z\" fill=\"#71136C\"\/>\n<\/svg>\n<\/div>\n\t\t\t\tMai 12, 2026\t\t\t<\/li>\n\t\t\n\t\t\t\t\t<li class=\"metadata__organizer\">\n\t\t\t<div class=\"metadata__icon\"><svg width=\"12\" height=\"9\" viewBox=\"0 0 12 9\" fill=\"none\" xmlns=\"http:\/\/www.w3.org\/2000\/svg\">\n<path id=\"Parnter Icon\" d=\"M0 9.00014V7.50014C0 7.19657 0.0795454 6.91755 0.238636 6.66309C0.397727 6.40862 0.609091 6.21443 0.872727 6.0805C1.43636 5.80371 2.00909 5.59612 2.59091 5.45773C3.17273 5.31934 3.76364 5.25014 4.36364 5.25014C4.96364 5.25014 5.55455 5.31934 6.13636 5.45773C6.71818 5.59612 7.29091 5.80371 7.85455 6.0805C8.11818 6.21443 8.32955 6.40862 8.48864 6.66309C8.64773 6.91755 8.72727 7.19657 8.72727 7.50014V9.00014H0ZM9.81818 9.00014V7.393C9.81818 7.00014 9.70682 6.62291 9.48409 6.2613C9.26136 5.89969 8.94546 5.58943 8.53636 5.3305C9 5.38407 9.43636 5.47559 9.84546 5.60505C10.2545 5.73451 10.6364 5.893 10.9909 6.0805C11.3182 6.25907 11.5682 6.45773 11.7409 6.67648C11.9136 6.89523 12 7.13407 12 7.393V9.00014H9.81818ZM4.36364 4.71443C3.76364 4.71443 3.25 4.5046 2.82273 4.08496C2.39545 3.66532 2.18182 3.16085 2.18182 2.57157C2.18182 1.98228 2.39545 1.47782 2.82273 1.05818C3.25 0.638532 3.76364 0.428711 4.36364 0.428711C4.96364 0.428711 5.47727 0.638532 5.90455 1.05818C6.33182 1.47782 6.54545 1.98228 6.54545 2.57157C6.54545 3.16085 6.33182 3.66532 5.90455 4.08496C5.47727 4.5046 4.96364 4.71443 4.36364 4.71443ZM9.81818 2.57157C9.81818 3.16085 9.60455 3.66532 9.17727 4.08496C8.75 4.5046 8.23636 4.71443 7.63636 4.71443C7.53636 4.71443 7.40909 4.70326 7.25455 4.68094C7.1 4.65862 6.97273 4.63407 6.87273 4.60728C7.11818 4.32157 7.30682 4.0046 7.43864 3.65639C7.57045 3.30818 7.63636 2.94657 7.63636 2.57157C7.63636 2.19657 7.57045 1.83496 7.43864 1.48675C7.30682 1.13853 7.11818 0.821568 6.87273 0.535854C7 0.491211 7.12727 0.462193 7.25455 0.4488C7.38182 0.435407 7.50909 0.428711 7.63636 0.428711C8.23636 0.428711 8.75 0.638532 9.17727 1.05818C9.60455 1.47782 9.81818 1.98228 9.81818 2.57157Z\" fill=\"#71136C\"\/>\n<\/svg>\n<\/div>\n\t\t\t\tFuture Skills Centre\t\t\t<\/li>\n\t\t\n\t\t\t\t\t<li class=\"metadata__location\">\n\t\t\t\t<div class=\"metadata__icon\"><svg width=\"10\" height=\"12\" viewBox=\"0 0 10 12\" fill=\"none\" xmlns=\"http:\/\/www.w3.org\/2000\/svg\">\n<path id=\"location_on\" d=\"M5 5.83333C5.34375 5.83333 5.63802 5.7191 5.88281 5.49062C6.1276 5.26215 6.25 4.9875 6.25 4.66667C6.25 4.34583 6.1276 4.07118 5.88281 3.84271C5.63802 3.61424 5.34375 3.5 5 3.5C4.65625 3.5 4.36198 3.61424 4.11719 3.84271C3.8724 4.07118 3.75 4.34583 3.75 4.66667C3.75 4.9875 3.8724 5.26215 4.11719 5.49062C4.36198 5.7191 4.65625 5.83333 5 5.83333ZM5 11.6667C3.32292 10.3347 2.07031 9.09757 1.24219 7.95521C0.414062 6.81285 0 5.75556 0 4.78333C0 3.325 0.502604 2.16319 1.50781 1.29792C2.51302 0.432639 3.67708 0 5 0C6.32292 0 7.48698 0.432639 8.49219 1.29792C9.4974 2.16319 10 3.325 10 4.78333C10 5.75556 9.58594 6.81285 8.75781 7.95521C7.92969 9.09757 6.67708 10.3347 5 11.6667Z\" fill=\"#71136C\"\/>\n<\/svg>\n<\/div>\n\t\t\t\tVirtual\t\t\t<\/li>\n\t\t\t<\/ul>\n<\/div>\t\t\t<div class=\"content-card__deck\">\n\t\t\t\tLa main-d&#8217;\u0153uvre du secteur de la sant\u00e9 au Canada fait face \u00e0 des pressions, des millions de personnes ne b\u00e9n\u00e9ficient pas d&#8217;un acc\u00e8s rapide aux soins, les postes vacants dans les domaines des soins infirmiers et des professions param\u00e9dicales sont en hausse, et les pr\u00e9pos\u00e9s aux services de soutien \u00e0 la personne sont confront\u00e9s \u00e0 des difficult\u00e9s persistantes en mati\u00e8re de formation et de fid\u00e9lisation.\t\t\t<\/div>\n\n\t\t\t\t\t\t\t\t\t\t\t\t\t<ul class=\"content-card__terms\">\n\t\t\t\t\t\t\t\t\t\t\t\t<li>\n\t\t\t\t\t\t\t\t\t\t\t\t\t\t\t\t\t<span class=\"term-square\" style=\"background-color:#d218c0\"><\/span>\n\t\t\t\t\t\t\t\t\t\t\t\t\t\t\t\t<a href=\"https:\/\/fsc-ccf.ca\/fr\/themes\/economie-inclusive\/\">\u00c9conomie inclusive<\/a>\n\t\t\t\t\t\t\t<\/li>\n\t\t\t\t\t\t\t\t\t\t\t\t\t\t\t<\/ul>\n\t\t\t\t\t\t\n\t\t<\/div>\n\t\t\t<\/div>\n<\/div>        <\/div>\n        <div class=\"searchfilter-block__loadmore filter-block__loadmore hide-me\" data-month=\"May 2026\">\n            <a>Charger plus d&#8217;\u00e9v\u00e9nements<span class=\"triangle triangle--down\"><\/span><\/a>\n        <\/div>\n        <div class=\"content-card content-card--clone\">\n        <div class=\"content-card__image\" data-clone=\"post_thumbnail\"><\/div>\n        <div class=\"content-card__content\">\n            <div class=\"content-card__type\"><span data-clone=\"post_type\"><\/span><\/div>\n            <div class=\"content-card__title\" data-clone=\"post_title\"><\/div>\n            <div class=\"content-card__metadata\" data-clone=\"metadata\"><\/div>\n            <div class=\"content-card__deck\" data-clone=\"post_deck\"><\/div>\n            <ul class=\"content-card__terms\" data-clone=\"post_themes\"><\/ul>\n        <\/div>\n    <\/div>\n<\/div>","protected":false},"excerpt":{"rendered":"<p>Here are details about upcoming and past events from the Future Skills Centre and its partners across the country. We look forward to connecting with&#8230;<\/p>\n","protected":false},"author":1,"featured_media":0,"parent":0,"menu_order":0,"comment_status":"closed","ping_status":"closed","template":"page-events.php","meta":{"_acf_changed":false,"footnotes":""},"class_list":["post-250563","page","type-page","status-publish","hentry"],"acf":{"slider_image":false,"subtitle":"","highlight":"pink","page_mode":"light","thumbnail_image":{"ID":332712,"id":332712,"title":"Screenshot 2026-02-24 at 4.53.54\u202fPM","filename":"Screenshot-2026-02-24-at-4.53.54-PM.png","filesize":1153452,"url":"https:\/\/fsc-ccf.ca\/wp-content\/uploads\/2026\/02\/Screenshot-2026-02-24-at-4.53.54-PM.png","link":"https:\/\/fsc-ccf.ca\/fr\/events\/screenshot-2026-02-24-at-4-53-54-pm-2\/","alt":"","author":"25","description":"","caption":"","name":"screenshot-2026-02-24-at-4-53-54-pm-2","status":"inherit","uploaded_to":250563,"date":"2026-02-24 21:56:17","modified":"2026-02-24 22:16:06","menu_order":0,"mime_type":"image\/png","type":"image","subtype":"png","icon":"https:\/\/fsc-ccf.ca\/wp-includes\/images\/media\/default.png","width":1394,"height":586,"sizes":{"thumbnail":"https:\/\/fsc-ccf.ca\/wp-content\/uploads\/2026\/02\/Screenshot-2026-02-24-at-4.53.54-PM-150x150.png","thumbnail-width":150,"thumbnail-height":150,"medium":"https:\/\/fsc-ccf.ca\/wp-content\/uploads\/2026\/02\/Screenshot-2026-02-24-at-4.53.54-PM-300x126.png","medium-width":300,"medium-height":126,"medium_large":"https:\/\/fsc-ccf.ca\/wp-content\/uploads\/2026\/02\/Screenshot-2026-02-24-at-4.53.54-PM-768x323.png","medium_large-width":768,"medium_large-height":323,"large":"https:\/\/fsc-ccf.ca\/wp-content\/uploads\/2026\/02\/Screenshot-2026-02-24-at-4.53.54-PM-1024x430.png","large-width":1024,"large-height":430,"1536x1536":"https:\/\/fsc-ccf.ca\/wp-content\/uploads\/2026\/02\/Screenshot-2026-02-24-at-4.53.54-PM.png","1536x1536-width":1394,"1536x1536-height":586,"2048x2048":"https:\/\/fsc-ccf.ca\/wp-content\/uploads\/2026\/02\/Screenshot-2026-02-24-at-4.53.54-PM.png","2048x2048-width":1394,"2048x2048-height":586,"preview":"https:\/\/fsc-ccf.ca\/wp-content\/uploads\/2026\/02\/Screenshot-2026-02-24-at-4.53.54-PM-10x4.png","preview-width":10,"preview-height":4,"content-card-thumbnail":"https:\/\/fsc-ccf.ca\/wp-content\/uploads\/2026\/02\/Screenshot-2026-02-24-at-4.53.54-PM-800x586.png","content-card-thumbnail-width":800,"content-card-thumbnail-height":586,"slider-image":"https:\/\/fsc-ccf.ca\/wp-content\/uploads\/2026\/02\/Screenshot-2026-02-24-at-4.53.54-PM.png","slider-image-width":1394,"slider-image-height":586,"hero-image":"https:\/\/fsc-ccf.ca\/wp-content\/uploads\/2026\/02\/Screenshot-2026-02-24-at-4.53.54-PM.png","hero-image-width":1394,"hero-image-height":586,"inline-image":"https:\/\/fsc-ccf.ca\/wp-content\/uploads\/2026\/02\/Screenshot-2026-02-24-at-4.53.54-PM-1024x512.png","inline-image-width":1024,"inline-image-height":512,"content-card-thumbnail-vertical":"https:\/\/fsc-ccf.ca\/wp-content\/uploads\/2026\/02\/Screenshot-2026-02-24-at-4.53.54-PM-400x586.png","content-card-thumbnail-vertical-width":400,"content-card-thumbnail-vertical-height":586}}},"yoast_head":"<!-- This site is optimized with the Yoast SEO plugin v27.5 - https:\/\/yoast.com\/product\/yoast-seo-wordpress\/ -->\n<title>\u00c9v\u00e9nements - Future Skills Centre \u2022 Centre des Comp\u00e9tences futures<\/title>\n<meta name=\"description\" content=\"Here are details about upcoming and past events from the Future Skills Centre and its partners across the country. We look forward to connecting with you\" \/>\n<meta name=\"robots\" content=\"index, follow, max-snippet:-1, max-image-preview:large, max-video-preview:-1\" \/>\n<link rel=\"canonical\" href=\"https:\/\/fsc-ccf.ca\/fr\/events\/\" \/>\n<meta name=\"twitter:label1\" content=\"Est. reading time\" \/>\n\t<meta name=\"twitter:data1\" content=\"1 minute\" \/>\n<script type=\"application\/ld+json\" class=\"yoast-schema-graph\">{\"@context\":\"https:\\\/\\\/schema.org\",\"@graph\":[{\"@type\":\"WebPage\",\"@id\":\"https:\\\/\\\/fsc-ccf.ca\\\/fr\\\/events\\\/\",\"url\":\"https:\\\/\\\/fsc-ccf.ca\\\/fr\\\/events\\\/\",\"name\":\"\u00c9v\u00e9nements - Future Skills Centre \u2022 Centre des Comp\u00e9tences futures\",\"isPartOf\":{\"@id\":\"https:\\\/\\\/fsc-ccf.ca\\\/fr\\\/#website\"},\"datePublished\":\"2022-09-07T22:23:38+00:00\",\"dateModified\":\"2026-03-06T19:00:27+00:00\",\"description\":\"Here are details about upcoming and past events from the Future Skills Centre and its partners across the country. We look forward to connecting with you\",\"breadcrumb\":{\"@id\":\"https:\\\/\\\/fsc-ccf.ca\\\/fr\\\/events\\\/#breadcrumb\"},\"inLanguage\":\"fr-FR\",\"potentialAction\":[{\"@type\":\"ReadAction\",\"target\":[\"https:\\\/\\\/fsc-ccf.ca\\\/fr\\\/events\\\/\"]}]},{\"@type\":\"BreadcrumbList\",\"@id\":\"https:\\\/\\\/fsc-ccf.ca\\\/fr\\\/events\\\/#breadcrumb\",\"itemListElement\":[{\"@type\":\"ListItem\",\"position\":1,\"name\":\"Home\",\"item\":\"https:\\\/\\\/fsc-ccf.ca\\\/fr\\\/\"},{\"@type\":\"ListItem\",\"position\":2,\"name\":\"\u00c9v\u00e9nements\"}]},{\"@type\":\"WebSite\",\"@id\":\"https:\\\/\\\/fsc-ccf.ca\\\/fr\\\/#website\",\"url\":\"https:\\\/\\\/fsc-ccf.ca\\\/fr\\\/\",\"name\":\"Future Skills Centre \u2022 Centre des Comp\u00e9tences futures\",\"description\":\"\",\"publisher\":{\"@id\":\"https:\\\/\\\/fsc-ccf.ca\\\/fr\\\/#organization\"},\"potentialAction\":[{\"@type\":\"SearchAction\",\"target\":{\"@type\":\"EntryPoint\",\"urlTemplate\":\"https:\\\/\\\/fsc-ccf.ca\\\/fr\\\/?s={search_term_string}\"},\"query-input\":{\"@type\":\"PropertyValueSpecification\",\"valueRequired\":true,\"valueName\":\"search_term_string\"}}],\"inLanguage\":\"fr-FR\"},{\"@type\":\"Organization\",\"@id\":\"https:\\\/\\\/fsc-ccf.ca\\\/fr\\\/#organization\",\"name\":\"Future Skills Centre \u2022 Centre des Comp\u00e9tences futures\",\"url\":\"https:\\\/\\\/fsc-ccf.ca\\\/fr\\\/\",\"logo\":{\"@type\":\"ImageObject\",\"inLanguage\":\"fr-FR\",\"@id\":\"https:\\\/\\\/fsc-ccf.ca\\\/fr\\\/#\\\/schema\\\/logo\\\/image\\\/\",\"url\":\"https:\\\/\\\/fsc-ccf.ca\\\/wp-content\\\/uploads\\\/2019\\\/08\\\/FSC_logo_colour_rgb_positive_ENG.png\",\"contentUrl\":\"https:\\\/\\\/fsc-ccf.ca\\\/wp-content\\\/uploads\\\/2019\\\/08\\\/FSC_logo_colour_rgb_positive_ENG.png\",\"width\":618,\"height\":528,\"caption\":\"Future Skills Centre \u2022 Centre des Comp\u00e9tences futures\"},\"image\":{\"@id\":\"https:\\\/\\\/fsc-ccf.ca\\\/fr\\\/#\\\/schema\\\/logo\\\/image\\\/\"},\"sameAs\":[\"https:\\\/\\\/www.facebook.com\\\/2161871137193201\\\/\",\"https:\\\/\\\/x.com\\\/fsc_ccf_en\",\"https:\\\/\\\/www.instagram.com\\\/fsc_ccf\\\/\",\"https:\\\/\\\/www.linkedin.com\\\/company\\\/fsc-ccf\\\/\"]}]}<\/script>\n<!-- \/ Yoast SEO plugin. -->","yoast_head_json":{"title":"\u00c9v\u00e9nements - Future Skills Centre \u2022 Centre des Comp\u00e9tences futures","description":"Here are details about upcoming and past events from the Future Skills Centre and its partners across the country. We look forward to connecting with you","robots":{"index":"index","follow":"follow","max-snippet":"max-snippet:-1","max-image-preview":"max-image-preview:large","max-video-preview":"max-video-preview:-1"},"canonical":"https:\/\/fsc-ccf.ca\/fr\/events\/","twitter_misc":{"Est. reading time":"1 minute"},"schema":{"@context":"https:\/\/schema.org","@graph":[{"@type":"WebPage","@id":"https:\/\/fsc-ccf.ca\/fr\/events\/","url":"https:\/\/fsc-ccf.ca\/fr\/events\/","name":"\u00c9v\u00e9nements - Future Skills Centre \u2022 Centre des Comp\u00e9tences futures","isPartOf":{"@id":"https:\/\/fsc-ccf.ca\/fr\/#website"},"datePublished":"2022-09-07T22:23:38+00:00","dateModified":"2026-03-06T19:00:27+00:00","description":"Here are details about upcoming and past events from the Future Skills Centre and its partners across the country. We look forward to connecting with you","breadcrumb":{"@id":"https:\/\/fsc-ccf.ca\/fr\/events\/#breadcrumb"},"inLanguage":"fr-FR","potentialAction":[{"@type":"ReadAction","target":["https:\/\/fsc-ccf.ca\/fr\/events\/"]}]},{"@type":"BreadcrumbList","@id":"https:\/\/fsc-ccf.ca\/fr\/events\/#breadcrumb","itemListElement":[{"@type":"ListItem","position":1,"name":"Home","item":"https:\/\/fsc-ccf.ca\/fr\/"},{"@type":"ListItem","position":2,"name":"\u00c9v\u00e9nements"}]},{"@type":"WebSite","@id":"https:\/\/fsc-ccf.ca\/fr\/#website","url":"https:\/\/fsc-ccf.ca\/fr\/","name":"Future Skills Centre \u2022 Centre des Comp\u00e9tences futures","description":"","publisher":{"@id":"https:\/\/fsc-ccf.ca\/fr\/#organization"},"potentialAction":[{"@type":"SearchAction","target":{"@type":"EntryPoint","urlTemplate":"https:\/\/fsc-ccf.ca\/fr\/?s={search_term_string}"},"query-input":{"@type":"PropertyValueSpecification","valueRequired":true,"valueName":"search_term_string"}}],"inLanguage":"fr-FR"},{"@type":"Organization","@id":"https:\/\/fsc-ccf.ca\/fr\/#organization","name":"Future Skills Centre \u2022 Centre des Comp\u00e9tences futures","url":"https:\/\/fsc-ccf.ca\/fr\/","logo":{"@type":"ImageObject","inLanguage":"fr-FR","@id":"https:\/\/fsc-ccf.ca\/fr\/#\/schema\/logo\/image\/","url":"https:\/\/fsc-ccf.ca\/wp-content\/uploads\/2019\/08\/FSC_logo_colour_rgb_positive_ENG.png","contentUrl":"https:\/\/fsc-ccf.ca\/wp-content\/uploads\/2019\/08\/FSC_logo_colour_rgb_positive_ENG.png","width":618,"height":528,"caption":"Future Skills Centre \u2022 Centre des Comp\u00e9tences futures"},"image":{"@id":"https:\/\/fsc-ccf.ca\/fr\/#\/schema\/logo\/image\/"},"sameAs":["https:\/\/www.facebook.com\/2161871137193201\/","https:\/\/x.com\/fsc_ccf_en","https:\/\/www.instagram.com\/fsc_ccf\/","https:\/\/www.linkedin.com\/company\/fsc-ccf\/"]}]}},"_links":{"self":[{"href":"https:\/\/fsc-ccf.ca\/fr\/wp-json\/wp\/v2\/pages\/250563","targetHints":{"allow":["GET"]}}],"collection":[{"href":"https:\/\/fsc-ccf.ca\/fr\/wp-json\/wp\/v2\/pages"}],"about":[{"href":"https:\/\/fsc-ccf.ca\/fr\/wp-json\/wp\/v2\/types\/page"}],"author":[{"embeddable":true,"href":"https:\/\/fsc-ccf.ca\/fr\/wp-json\/wp\/v2\/users\/1"}],"replies":[{"embeddable":true,"href":"https:\/\/fsc-ccf.ca\/fr\/wp-json\/wp\/v2\/comments?post=250563"}],"version-history":[{"count":7,"href":"https:\/\/fsc-ccf.ca\/fr\/wp-json\/wp\/v2\/pages\/250563\/revisions"}],"predecessor-version":[{"id":333506,"href":"https:\/\/fsc-ccf.ca\/fr\/wp-json\/wp\/v2\/pages\/250563\/revisions\/333506"}],"wp:attachment":[{"href":"https:\/\/fsc-ccf.ca\/fr\/wp-json\/wp\/v2\/media?parent=250563"}],"curies":[{"name":"wp","href":"https:\/\/api.w.org\/{rel}","templated":true}]}}