			{"id":244366,"date":"2022-04-04T15:59:10","date_gmt":"2022-04-04T19:59:10","guid":{"rendered":"https:\/\/fsc-ccf.ca\/building-an-inclusive-workforce\/"},"modified":"2022-04-11T08:43:54","modified_gmt":"2022-04-11T12:43:54","slug":"building-an-inclusive-workforce","status":"publish","type":"page","link":"https:\/\/fsc-ccf.ca\/fr\/building-an-inclusive-workforce\/","title":{"rendered":"Cr\u00e9er une main-d\u2019\u0153uvre inclusive"},"content":{"rendered":"\n<div class=\"wp-block-cover is-light ob-short-hero\" style=\"min-height:300px;aspect-ratio:unset;\"><span aria-hidden=\"true\" class=\"has-background-dim-0 wp-block-cover__gradient-background has-background-dim\"><\/span><img decoding=\"async\" class=\"wp-block-cover__image-background wp-image-243914\" alt=\"\" src=\"https:\/\/fsc-ccf.ca\/wp-content\/uploads\/2022\/04\/iStock-134574937-e1649103869184.jpg\" style=\"object-position:57% 46%\" data-object-fit=\"cover\" data-object-position=\"57% 46%\"\/><div class=\"wp-block-cover__inner-container is-layout-flow wp-block-cover-is-layout-flow\">\n<h1 class=\"has-white-color has-black-background-color has-text-color has-background wp-block-heading\"><strong>Cr\u00e9er une main-d\u2019\u0153uvre inclusive<\/strong><\/h1>\n<\/div><\/div>\n\n\n\n<div class=\"wp-block-columns has-e-933-dd-color has-text-color is-layout-flex wp-container-core-columns-is-layout-28f84493 wp-block-columns-is-layout-flex\">\n<div class=\"wp-block-column is-layout-flow wp-block-column-is-layout-flow\" style=\"flex-basis:33.333%\">\n<div class=\"themes-block cards-grid full-width-block themes-block--list \">\n\t<div class=\"container\">\n\t\t<h2><\/h2>\n\t\t<div class=\"cards-grid__grid\">\n\t\t\t\t\t<\/div>\n\t<\/div>\n<\/div><\/div>\n\n\n\n<div class=\"wp-block-column is-layout-flow wp-block-column-is-layout-flow\" style=\"flex-basis:67%\">\n<p>Au CCF, nous croyons que le Canada est plus fort lorsque chacun a la possibilit\u00e9 de contribuer \u00e0 notre prosp\u00e9rit\u00e9 commune et d\u2019en tirer profit.&nbsp;<\/p>\n\n\n\n<p>C\u2019est pourquoi nous nous engageons \u00e0 adopter une approche inclusive du d\u00e9veloppement des comp\u00e9tences, en mettant l\u2019accent sur l\u2019engagement et le soutien des groupes moins bien desservis. Il s\u2019agit notamment des femmes, des jeunes, des peuples autochtones, des nouveaux arrivants, des populations racialis\u00e9es, des personnes LGBTQ2S+, des personnes handicap\u00e9es, des anciens combattants, de la main-d\u2019\u0153uvre \u00e0 mi-carri\u00e8re et de la population canadienne vivant dans les communaut\u00e9s rurales, \u00e9loign\u00e9es et nordiques.&nbsp;<\/p>\n\n\n\n<p>Nous mettons l\u2019accent sur le renforcement de l\u2019\u00e9cosyst\u00e8me de d\u00e9veloppement des comp\u00e9tences du Canada afin que les Canadiens puissent envisager un avenir fait de possibilit\u00e9s d\u2019apprentissage continu qui soient significatives et pertinentes. Dans notre travail, nous suivons cinq principes&nbsp;: agilit\u00e9, collaboration, inclusion, excellence et impact. L\u2019inclusion est un th\u00e8me qui sous-tend tout ce que nous faisons. Notre mandat consiste \u00e0 g\u00e9n\u00e9rer des id\u00e9es qui contribuent \u00e0 un avenir o\u00f9 la prosp\u00e9rit\u00e9 est partag\u00e9e et qui ne laisse personne pour compte. Nous travaillons en \u00e9troite collaboration avec nos partenaires afin de tisser un r\u00e9seau pancanadien, d\u2019\u00e9changer des id\u00e9es, de partager des connaissances et d\u2019encourager l\u2019adoption des meilleures pratiques, en particulier parmi les groupes moins bien desservis.&nbsp;<\/p>\n<\/div>\n<\/div>\n\n\n\n<div class=\"wp-block-columns are-vertically-aligned-center has-e-933-dd-color has-purple-background-color has-text-color has-background is-layout-flex wp-container-core-columns-is-layout-28f84493 wp-block-columns-is-layout-flex\">\n<div class=\"wp-block-column is-vertically-aligned-center is-layout-flow wp-block-column-is-layout-flow\">\n<h2 class=\"has-text-align-center has-pink-color has-text-color has-huge-font-size wp-block-heading\">350,000<\/h2>\n\n\n\n<p class=\"has-text-align-center has-white-color has-text-color\"><strong>Indigenous youths will come of age by 2026 jeunes autochtones atteindront l\u2019\u00e2ge adulte d\u2019ici 2026<\/strong> (Source&nbsp;: Forum des politiques publiques)<\/p>\n<\/div>\n\n\n\n<div class=\"wp-block-column is-vertically-aligned-center is-layout-flow wp-block-column-is-layout-flow\">\n<h2 class=\"has-text-align-center has-pink-color has-text-color has-huge-font-size wp-block-heading\">1 jeune sur 4<\/h2>\n\n\n\n<p class=\"has-text-align-center has-white-color has-text-color\">a arr\u00eat\u00e9 ou report\u00e9 ses \u00e9tudes postsecondaires \u00e0 cause de la COVID-19 (Source&nbsp;: rapport Environics&nbsp;: Making up time)<\/p>\n<\/div>\n\n\n\n<div class=\"wp-block-column is-vertically-aligned-center is-layout-flow wp-block-column-is-layout-flow\">\n<p class=\"has-text-align-center has-white-color has-text-color\">Les femmes canadiennes ont gagn\u00e9<\/p>\n\n\n\n<h2 class=\"has-text-align-center has-pink-color has-text-color has-huge-font-size wp-block-heading\">87 cents<\/h2>\n\n\n\n<p class=\"has-text-align-center has-white-color has-text-color\">87&nbsp;cents pour chaque dollar gagn\u00e9 par les hommes (Source&nbsp;: rapport <em>Bats-toi, signe et persiste<\/em>)<\/p>\n<\/div>\n<\/div>\n\n\n\n<div class=\"themes-block cards-grid full-width-block themes-block--image_card \">\n\t<div class=\"container\">\n\t\t<h2><\/h2>\n\t\t<div class=\"cards-grid__grid\">\n\t\t\t\t\t<\/div>\n\t<\/div>\n<\/div>\n\n\n<div class=\"wp-block-ob-blocks-content-cards has-numbers\">\n<div class=\"wp-block-ob-blocks-content-card wp-block-ob-blocks-content-card--title\"><h3 class=\"numbered-card__title\" style=\"color:#000000\">Voici les principales conclusions\u00a0:\u00a0<\/h3><div class=\"numbered-card__text\" style=\"color:#e933dd\"><\/div><div class=\"numbered-card__background\" style=\"background-color:#e933dd\"><\/div><div class=\"numbered-card__number\"><\/div><\/div>\n\n\n\n<div class=\"wp-block-ob-blocks-content-card\"><h3 class=\"numbered-card__title\" style=\"color:#e933dd\"><\/h3><div class=\"numbered-card__text\" style=\"color:#000000\"><p>La requalification sera un facteur indispensable puisque certains secteurs seront \u00e0 jamais boulevers\u00e9s par l\u2019impact de la pand\u00e9mie. Cependant, des obstacles syst\u00e9miques pr\u00e9existants peuvent emp\u00eacher de nombreuses personnes au Canada \u00e0 acqu\u00e9rir et \u00e0 exploiter efficacement des comp\u00e9tences pour lesquelles la demande est croissante. (Source\u00a0: <a href=\"https:\/\/fsc-ccf.ca\/fr\/recherche\/batir-des-lieux-de-travail-inclusifs\/\">B\u00e2tir des lieux de travail inclusifs<\/a>)<\/p><\/div><div class=\"numbered-card__background\" style=\"background-color:#e933dd\"><\/div><div class=\"numbered-card__number\"><\/div><\/div>\n\n\n\n<div class=\"wp-block-ob-blocks-content-card\"><h3 class=\"numbered-card__title\" style=\"color:#e933dd\"><\/h3><div class=\"numbered-card__text\" style=\"color:#000000\"><p>Les prestataires de services d\u2019\u00e9ducation et de formation du Nord sont confront\u00e9s \u00e0 des d\u00e9fis uniques en raison de la taille r\u00e9duite et de l\u2019\u00e9loignement des \u00e9coles secondaires, de la p\u00e9nurie d\u2019enseignants et d\u2019\u00e9ducateurs d\u2019adultes qualifi\u00e9s, du manque de soutien en cours d\u2019emploi, de la raret\u00e9 des \u00e9tablissements d\u2019enseignement postsecondaire et de la m\u00e9diocrit\u00e9 des services sur l\u2019internet. (Source\u00a0: <a href=\"https:\/\/fsc-ccf.ca\/fr\/recherche\/developpement-competences-nord-defis-particuliers\/\">D\u00e9veloppement des comp\u00e9tences dans le Nord : Un \u00e9cosyst\u00e8me d\u00e9fini par des d\u00e9fis particuliers<\/a>)<\/p><\/div><div class=\"numbered-card__background\" style=\"background-color:#e933dd\"><\/div><div class=\"numbered-card__number\"><\/div><\/div>\n\n\n\n<div class=\"wp-block-ob-blocks-content-card\"><h3 class=\"numbered-card__title\" style=\"color:#e933dd\"><\/h3><div class=\"numbered-card__text\" style=\"color:#000000\"><p>Bien que la politique canadienne d\u2019immigration fond\u00e9e sur les comp\u00e9tences attire une main-d\u2019\u0153uvre hautement qualifi\u00e9e, un \u00e9cart persiste entre ces comp\u00e9tences et la r\u00e9ussite des personnes immigr\u00e9es sur le march\u00e9 du travail. (Source\u00a0: <a href=\"https:\/\/fsc-ccf.ca\/fr\/recherche\/immigration-canada-economie-post-pandemie\/\">Immigration et succ\u00e8s de l&#8217;\u00e9conomie post-pand\u00e9mique du Canada<\/a>)<\/p><\/div><div class=\"numbered-card__background\" style=\"background-color:#e933dd\"><\/div><div class=\"numbered-card__number\"><\/div><\/div>\n<\/div>\n\n\n\n\t\t<div class=\"featured-content page-block full-width-block   longtile\">\n\n\t\t\t<div class=\"container\">\n\t\t\t\t<div class=\"slide-featured  post-type--project longtile\">\n\t\t\t\t\t<!-- image -->\n\t\t\t\t\t\t\t\t\t\t\t<img loading=\"lazy\" decoding=\"async\" width=\"1600\" height=\"1080\" src=\"https:\/\/fsc-ccf.ca\/wp-content\/uploads\/2020\/04\/north-inline-1600x1080.jpg\" class=\"attachment-slider-image size-slider-image\" alt=\"Hands gesticulating in front of open laptop; person on laptop in background\" srcset=\"https:\/\/fsc-ccf.ca\/wp-content\/uploads\/2020\/04\/north-inline-1600x1080.jpg 1600w, https:\/\/fsc-ccf.ca\/wp-content\/uploads\/2020\/04\/north-inline-10x6.jpg 10w\" sizes=\"auto, (max-width: 1600px) 100vw, 1600px\" \/>\t\t\t\t\t\n\t\t\t\t\t<!-- card content -->\n\t\t\t\t\t<div class=\"content-card content-card--project\">\n\t\t\t<div class=\"content-card__image\">\n\t\t\t<a href=\"https:\/\/fsc-ccf.ca\/fr\/projets\/une-main-doeuvre-jeune-du-nord-entre-dans-le-monde-des-tic\/\" target=\"_self\"><img decoding=\"async\" src=\"https:\/\/fsc-ccf.ca\/wp-content\/uploads\/2020\/04\/north-inline-800x600.jpg\" alt=\"Hands gesticulating in front of open laptop; person on laptop in background\"><\/a>\n\t\t<\/div>\n\t\t\t<div class=\"content-card__content\">\n\t\t<div class=\"content-card__text\">\n\t\t\t\t\t\t\t<div class=\"content-card__type\">\n\t\t\t\t\t<span href=\"https:\/\/fsc-ccf.ca\/fr\/projets\/\">Projet<\/span>\t\t\t\t<\/div>\n\t\t\t\n\t\t\t\n\t\t\t\t\t\t<h3 class=\"content-card__title\">\n\t\t\t\t<a href=\"https:\/\/fsc-ccf.ca\/fr\/projets\/une-main-doeuvre-jeune-du-nord-entre-dans-le-monde-des-tic\/\" target=\"_self\">InTeRN\u00a0: une main-d\u2019\u0153uvre jeune et nordique fait son entr\u00e9e dans le monde des TIC<\/a>\n\t\t\t<\/h3>\n\n\t\t\t<div class=\"metadata metadata--event\">\n\t<ul>\n\t\t<li class=\"metadata__date\">\n\t\t\t<div class=\"metadata__icon\"><svg width=\"10\" height=\"12\" viewBox=\"0 0 10 12\" fill=\"none\" xmlns=\"http:\/\/www.w3.org\/2000\/svg\">\n<path id=\"calendar_today\" d=\"M1.11111 11.5477C0.805556 11.5477 0.543982 11.4358 0.326389 11.212C0.108796 10.9882 0 10.7191 0 10.4049V2.40486C0 2.09057 0.108796 1.82152 0.326389 1.59771C0.543982 1.3739 0.805556 1.262 1.11111 1.262H1.66667V0.119141H2.77778V1.262H7.22222V0.119141H8.33333V1.262H8.88889C9.19444 1.262 9.45602 1.3739 9.67361 1.59771C9.8912 1.82152 10 2.09057 10 2.40486V10.4049C10 10.7191 9.8912 10.9882 9.67361 11.212C9.45602 11.4358 9.19444 11.5477 8.88889 11.5477H1.11111ZM1.11111 10.4049H8.88889V4.69057H1.11111V10.4049Z\" fill=\"#71136C\"\/>\n<\/svg>\n<\/div>\n\t\t\tMai 2022\t\t<\/li>\n\n\t\t\t\t\t<li class=\"metadata__partners\">\n\t\t\t\t<div class=\"metadata__icon\"><svg width=\"12\" height=\"9\" viewBox=\"0 0 12 9\" fill=\"none\" xmlns=\"http:\/\/www.w3.org\/2000\/svg\">\n<path id=\"Parnter Icon\" d=\"M0 9.00014V7.50014C0 7.19657 0.0795454 6.91755 0.238636 6.66309C0.397727 6.40862 0.609091 6.21443 0.872727 6.0805C1.43636 5.80371 2.00909 5.59612 2.59091 5.45773C3.17273 5.31934 3.76364 5.25014 4.36364 5.25014C4.96364 5.25014 5.55455 5.31934 6.13636 5.45773C6.71818 5.59612 7.29091 5.80371 7.85455 6.0805C8.11818 6.21443 8.32955 6.40862 8.48864 6.66309C8.64773 6.91755 8.72727 7.19657 8.72727 7.50014V9.00014H0ZM9.81818 9.00014V7.393C9.81818 7.00014 9.70682 6.62291 9.48409 6.2613C9.26136 5.89969 8.94546 5.58943 8.53636 5.3305C9 5.38407 9.43636 5.47559 9.84546 5.60505C10.2545 5.73451 10.6364 5.893 10.9909 6.0805C11.3182 6.25907 11.5682 6.45773 11.7409 6.67648C11.9136 6.89523 12 7.13407 12 7.393V9.00014H9.81818ZM4.36364 4.71443C3.76364 4.71443 3.25 4.5046 2.82273 4.08496C2.39545 3.66532 2.18182 3.16085 2.18182 2.57157C2.18182 1.98228 2.39545 1.47782 2.82273 1.05818C3.25 0.638532 3.76364 0.428711 4.36364 0.428711C4.96364 0.428711 5.47727 0.638532 5.90455 1.05818C6.33182 1.47782 6.54545 1.98228 6.54545 2.57157C6.54545 3.16085 6.33182 3.66532 5.90455 4.08496C5.47727 4.5046 4.96364 4.71443 4.36364 4.71443ZM9.81818 2.57157C9.81818 3.16085 9.60455 3.66532 9.17727 4.08496C8.75 4.5046 8.23636 4.71443 7.63636 4.71443C7.53636 4.71443 7.40909 4.70326 7.25455 4.68094C7.1 4.65862 6.97273 4.63407 6.87273 4.60728C7.11818 4.32157 7.30682 4.0046 7.43864 3.65639C7.57045 3.30818 7.63636 2.94657 7.63636 2.57157C7.63636 2.19657 7.57045 1.83496 7.43864 1.48675C7.30682 1.13853 7.11818 0.821568 6.87273 0.535854C7 0.491211 7.12727 0.462193 7.25455 0.4488C7.38182 0.435407 7.50909 0.428711 7.63636 0.428711C8.23636 0.428711 8.75 0.638532 9.17727 1.05818C9.60455 1.47782 9.81818 1.98228 9.81818 2.57157Z\" fill=\"#71136C\"\/>\n<\/svg>\n<\/div>\n\t\t\t\t<div class=\"metadata__list\">\n\t\t\t\t\t<span>University College of the North<\/span>\t\t\t\t<\/div>\n\t\t\t<\/li>\n\t\t\t<\/ul>\n<\/div>\t\t\t<div class=\"content-card__deck\">\n\t\t\t\tUn programme de deux ans en technologie des r\u00e9seaux informatiques visant \u00e0 fournir des comp\u00e9tences de premier \u00e9chelon et du soutien aux jeunes autochtones du nord du Manitoba.\t\t\t<\/div>\n\n\t\t\t\t\t\t\t\t\t\t\t\t\t<ul class=\"content-card__terms\">\n\t\t\t\t\t\t\t\t\t\t\t\t<li>\n\t\t\t\t\t\t\t\t\t\t\t\t\t\t\t\t\t<span class=\"term-square\" style=\"background-color:#d218c0\"><\/span>\n\t\t\t\t\t\t\t\t\t\t\t\t\t\t\t\t<a href=\"https:\/\/fsc-ccf.ca\/fr\/themes\/economie-inclusive\/\">\u00c9conomie inclusive<\/a>\n\t\t\t\t\t\t\t<\/li>\n\t\t\t\t\t\t\t\t\t\t\t\t\t\t\t\t\t\t\t\t<\/ul>\n\t\t\t\t\t\t\n\t\t<\/div>\n\t\t\t<\/div>\n<\/div>\t\t\t\t<\/div>\n\t\t\t<\/div>\n\n\t\t<\/div>\n\n\t\t","protected":false},"excerpt":{"rendered":"<p>Au CCF, nous croyons que le Canada est plus fort lorsque chacun a la possibilit\u00e9 de contribuer \u00e0 notre prosp\u00e9rit\u00e9 commune et d\u2019en tirer profit.&nbsp;&#8230;<\/p>\n","protected":false},"author":1,"featured_media":0,"parent":0,"menu_order":0,"comment_status":"closed","ping_status":"closed","template":"page-blocks-only.php","meta":{"_acf_changed":false,"footnotes":""},"class_list":["post-244366","page","type-page","status-publish","hentry"],"acf":{"thumbnail_image":false,"slider_image":false,"subtitle":"","highlight":"pink"},"yoast_head":"<!-- This site is optimized with the Yoast SEO plugin v27.4 - https:\/\/yoast.com\/product\/yoast-seo-wordpress\/ -->\n<title>Cr\u00e9er une main-d\u2019\u0153uvre inclusive - Future Skills Centre \u2022 Centre des Comp\u00e9tences futures<\/title>\n<meta name=\"description\" content=\"Cr\u00e9er une main-d\u2019\u0153uvre inclusive Au CCF, nous croyons que le Canada est plus fort lorsque chacun a la possibilit\u00e9 de contribuer \u00e0 notre prosp\u00e9rit\u00e9 commune\" \/>\n<meta name=\"robots\" content=\"index, follow, max-snippet:-1, max-image-preview:large, max-video-preview:-1\" \/>\n<link rel=\"canonical\" href=\"https:\/\/fsc-ccf.ca\/fr\/building-an-inclusive-workforce\/\" \/>\n<meta name=\"twitter:label1\" content=\"Est. reading time\" \/>\n\t<meta name=\"twitter:data1\" content=\"3 minutes\" \/>\n<script type=\"application\/ld+json\" class=\"yoast-schema-graph\">{\"@context\":\"https:\\\/\\\/schema.org\",\"@graph\":[{\"@type\":\"WebPage\",\"@id\":\"https:\\\/\\\/fsc-ccf.ca\\\/fr\\\/building-an-inclusive-workforce\\\/\",\"url\":\"https:\\\/\\\/fsc-ccf.ca\\\/fr\\\/building-an-inclusive-workforce\\\/\",\"name\":\"Cr\u00e9er une main-d\u2019\u0153uvre inclusive - Future Skills Centre \u2022 Centre des Comp\u00e9tences futures\",\"isPartOf\":{\"@id\":\"https:\\\/\\\/fsc-ccf.ca\\\/fr\\\/#website\"},\"primaryImageOfPage\":{\"@id\":\"https:\\\/\\\/fsc-ccf.ca\\\/fr\\\/building-an-inclusive-workforce\\\/#primaryimage\"},\"image\":{\"@id\":\"https:\\\/\\\/fsc-ccf.ca\\\/fr\\\/building-an-inclusive-workforce\\\/#primaryimage\"},\"thumbnailUrl\":\"https:\\\/\\\/fsc-ccf.ca\\\/wp-content\\\/uploads\\\/2022\\\/04\\\/iStock-134574937-e1649103869184.jpg\",\"datePublished\":\"2022-04-04T19:59:10+00:00\",\"dateModified\":\"2022-04-11T12:43:54+00:00\",\"description\":\"Cr\u00e9er une main-d\u2019\u0153uvre inclusive Au CCF, nous croyons que le Canada est plus fort lorsque chacun a la possibilit\u00e9 de contribuer \u00e0 notre prosp\u00e9rit\u00e9 commune\",\"breadcrumb\":{\"@id\":\"https:\\\/\\\/fsc-ccf.ca\\\/fr\\\/building-an-inclusive-workforce\\\/#breadcrumb\"},\"inLanguage\":\"fr-FR\",\"potentialAction\":[{\"@type\":\"ReadAction\",\"target\":[\"https:\\\/\\\/fsc-ccf.ca\\\/fr\\\/building-an-inclusive-workforce\\\/\"]}]},{\"@type\":\"ImageObject\",\"inLanguage\":\"fr-FR\",\"@id\":\"https:\\\/\\\/fsc-ccf.ca\\\/fr\\\/building-an-inclusive-workforce\\\/#primaryimage\",\"url\":\"https:\\\/\\\/fsc-ccf.ca\\\/wp-content\\\/uploads\\\/2022\\\/04\\\/iStock-134574937-e1649103869184.jpg\",\"contentUrl\":\"https:\\\/\\\/fsc-ccf.ca\\\/wp-content\\\/uploads\\\/2022\\\/04\\\/iStock-134574937-e1649103869184.jpg\"},{\"@type\":\"BreadcrumbList\",\"@id\":\"https:\\\/\\\/fsc-ccf.ca\\\/fr\\\/building-an-inclusive-workforce\\\/#breadcrumb\",\"itemListElement\":[{\"@type\":\"ListItem\",\"position\":1,\"name\":\"Home\",\"item\":\"https:\\\/\\\/fsc-ccf.ca\\\/fr\\\/\"},{\"@type\":\"ListItem\",\"position\":2,\"name\":\"Cr\u00e9er une main-d\u2019\u0153uvre inclusive\"}]},{\"@type\":\"WebSite\",\"@id\":\"https:\\\/\\\/fsc-ccf.ca\\\/fr\\\/#website\",\"url\":\"https:\\\/\\\/fsc-ccf.ca\\\/fr\\\/\",\"name\":\"Future Skills Centre \u2022 Centre des Comp\u00e9tences futures\",\"description\":\"\",\"publisher\":{\"@id\":\"https:\\\/\\\/fsc-ccf.ca\\\/fr\\\/#organization\"},\"potentialAction\":[{\"@type\":\"SearchAction\",\"target\":{\"@type\":\"EntryPoint\",\"urlTemplate\":\"https:\\\/\\\/fsc-ccf.ca\\\/fr\\\/?s={search_term_string}\"},\"query-input\":{\"@type\":\"PropertyValueSpecification\",\"valueRequired\":true,\"valueName\":\"search_term_string\"}}],\"inLanguage\":\"fr-FR\"},{\"@type\":\"Organization\",\"@id\":\"https:\\\/\\\/fsc-ccf.ca\\\/fr\\\/#organization\",\"name\":\"Future Skills Centre \u2022 Centre des Comp\u00e9tences futures\",\"url\":\"https:\\\/\\\/fsc-ccf.ca\\\/fr\\\/\",\"logo\":{\"@type\":\"ImageObject\",\"inLanguage\":\"fr-FR\",\"@id\":\"https:\\\/\\\/fsc-ccf.ca\\\/fr\\\/#\\\/schema\\\/logo\\\/image\\\/\",\"url\":\"https:\\\/\\\/fsc-ccf.ca\\\/wp-content\\\/uploads\\\/2019\\\/08\\\/FSC_logo_colour_rgb_positive_ENG.png\",\"contentUrl\":\"https:\\\/\\\/fsc-ccf.ca\\\/wp-content\\\/uploads\\\/2019\\\/08\\\/FSC_logo_colour_rgb_positive_ENG.png\",\"width\":618,\"height\":528,\"caption\":\"Future Skills Centre \u2022 Centre des Comp\u00e9tences futures\"},\"image\":{\"@id\":\"https:\\\/\\\/fsc-ccf.ca\\\/fr\\\/#\\\/schema\\\/logo\\\/image\\\/\"},\"sameAs\":[\"https:\\\/\\\/www.facebook.com\\\/2161871137193201\\\/\",\"https:\\\/\\\/x.com\\\/fsc_ccf_en\",\"https:\\\/\\\/www.instagram.com\\\/fsc_ccf\\\/\",\"https:\\\/\\\/www.linkedin.com\\\/company\\\/fsc-ccf\\\/\"]}]}<\/script>\n<!-- \/ Yoast SEO plugin. -->","yoast_head_json":{"title":"Cr\u00e9er une main-d\u2019\u0153uvre inclusive - Future Skills Centre \u2022 Centre des Comp\u00e9tences futures","description":"Cr\u00e9er une main-d\u2019\u0153uvre inclusive Au CCF, nous croyons que le Canada est plus fort lorsque chacun a la possibilit\u00e9 de contribuer \u00e0 notre prosp\u00e9rit\u00e9 commune","robots":{"index":"index","follow":"follow","max-snippet":"max-snippet:-1","max-image-preview":"max-image-preview:large","max-video-preview":"max-video-preview:-1"},"canonical":"https:\/\/fsc-ccf.ca\/fr\/building-an-inclusive-workforce\/","twitter_misc":{"Est. reading time":"3 minutes"},"schema":{"@context":"https:\/\/schema.org","@graph":[{"@type":"WebPage","@id":"https:\/\/fsc-ccf.ca\/fr\/building-an-inclusive-workforce\/","url":"https:\/\/fsc-ccf.ca\/fr\/building-an-inclusive-workforce\/","name":"Cr\u00e9er une main-d\u2019\u0153uvre inclusive - Future Skills Centre \u2022 Centre des Comp\u00e9tences futures","isPartOf":{"@id":"https:\/\/fsc-ccf.ca\/fr\/#website"},"primaryImageOfPage":{"@id":"https:\/\/fsc-ccf.ca\/fr\/building-an-inclusive-workforce\/#primaryimage"},"image":{"@id":"https:\/\/fsc-ccf.ca\/fr\/building-an-inclusive-workforce\/#primaryimage"},"thumbnailUrl":"https:\/\/fsc-ccf.ca\/wp-content\/uploads\/2022\/04\/iStock-134574937-e1649103869184.jpg","datePublished":"2022-04-04T19:59:10+00:00","dateModified":"2022-04-11T12:43:54+00:00","description":"Cr\u00e9er une main-d\u2019\u0153uvre inclusive Au CCF, nous croyons que le Canada est plus fort lorsque chacun a la possibilit\u00e9 de contribuer \u00e0 notre prosp\u00e9rit\u00e9 commune","breadcrumb":{"@id":"https:\/\/fsc-ccf.ca\/fr\/building-an-inclusive-workforce\/#breadcrumb"},"inLanguage":"fr-FR","potentialAction":[{"@type":"ReadAction","target":["https:\/\/fsc-ccf.ca\/fr\/building-an-inclusive-workforce\/"]}]},{"@type":"ImageObject","inLanguage":"fr-FR","@id":"https:\/\/fsc-ccf.ca\/fr\/building-an-inclusive-workforce\/#primaryimage","url":"https:\/\/fsc-ccf.ca\/wp-content\/uploads\/2022\/04\/iStock-134574937-e1649103869184.jpg","contentUrl":"https:\/\/fsc-ccf.ca\/wp-content\/uploads\/2022\/04\/iStock-134574937-e1649103869184.jpg"},{"@type":"BreadcrumbList","@id":"https:\/\/fsc-ccf.ca\/fr\/building-an-inclusive-workforce\/#breadcrumb","itemListElement":[{"@type":"ListItem","position":1,"name":"Home","item":"https:\/\/fsc-ccf.ca\/fr\/"},{"@type":"ListItem","position":2,"name":"Cr\u00e9er une main-d\u2019\u0153uvre inclusive"}]},{"@type":"WebSite","@id":"https:\/\/fsc-ccf.ca\/fr\/#website","url":"https:\/\/fsc-ccf.ca\/fr\/","name":"Future Skills Centre \u2022 Centre des Comp\u00e9tences futures","description":"","publisher":{"@id":"https:\/\/fsc-ccf.ca\/fr\/#organization"},"potentialAction":[{"@type":"SearchAction","target":{"@type":"EntryPoint","urlTemplate":"https:\/\/fsc-ccf.ca\/fr\/?s={search_term_string}"},"query-input":{"@type":"PropertyValueSpecification","valueRequired":true,"valueName":"search_term_string"}}],"inLanguage":"fr-FR"},{"@type":"Organization","@id":"https:\/\/fsc-ccf.ca\/fr\/#organization","name":"Future Skills Centre \u2022 Centre des Comp\u00e9tences futures","url":"https:\/\/fsc-ccf.ca\/fr\/","logo":{"@type":"ImageObject","inLanguage":"fr-FR","@id":"https:\/\/fsc-ccf.ca\/fr\/#\/schema\/logo\/image\/","url":"https:\/\/fsc-ccf.ca\/wp-content\/uploads\/2019\/08\/FSC_logo_colour_rgb_positive_ENG.png","contentUrl":"https:\/\/fsc-ccf.ca\/wp-content\/uploads\/2019\/08\/FSC_logo_colour_rgb_positive_ENG.png","width":618,"height":528,"caption":"Future Skills Centre \u2022 Centre des Comp\u00e9tences futures"},"image":{"@id":"https:\/\/fsc-ccf.ca\/fr\/#\/schema\/logo\/image\/"},"sameAs":["https:\/\/www.facebook.com\/2161871137193201\/","https:\/\/x.com\/fsc_ccf_en","https:\/\/www.instagram.com\/fsc_ccf\/","https:\/\/www.linkedin.com\/company\/fsc-ccf\/"]}]}},"_links":{"self":[{"href":"https:\/\/fsc-ccf.ca\/fr\/wp-json\/wp\/v2\/pages\/244366","targetHints":{"allow":["GET"]}}],"collection":[{"href":"https:\/\/fsc-ccf.ca\/fr\/wp-json\/wp\/v2\/pages"}],"about":[{"href":"https:\/\/fsc-ccf.ca\/fr\/wp-json\/wp\/v2\/types\/page"}],"author":[{"embeddable":true,"href":"https:\/\/fsc-ccf.ca\/fr\/wp-json\/wp\/v2\/users\/1"}],"replies":[{"embeddable":true,"href":"https:\/\/fsc-ccf.ca\/fr\/wp-json\/wp\/v2\/comments?post=244366"}],"version-history":[{"count":6,"href":"https:\/\/fsc-ccf.ca\/fr\/wp-json\/wp\/v2\/pages\/244366\/revisions"}],"predecessor-version":[{"id":244486,"href":"https:\/\/fsc-ccf.ca\/fr\/wp-json\/wp\/v2\/pages\/244366\/revisions\/244486"}],"wp:attachment":[{"href":"https:\/\/fsc-ccf.ca\/fr\/wp-json\/wp\/v2\/media?parent=244366"}],"curies":[{"name":"wp","href":"https:\/\/api.w.org\/{rel}","templated":true}]}}