			{"id":217523,"date":"2021-08-23T15:47:36","date_gmt":"2021-08-23T19:47:36","guid":{"rendered":"https:\/\/fsc-ccf.ca\/meet-our-experts\/"},"modified":"2021-10-14T10:23:57","modified_gmt":"2021-10-14T14:23:57","slug":"meet-our-experts","status":"publish","type":"page","link":"https:\/\/fsc-ccf.ca\/fr\/meet-our-experts\/","title":{"rendered":"Rencontrez nos experts\ufeff"},"content":{"rendered":"\n<div class=\"wp-block-ob-blocks-profiles-block is-style-stacked has-grey-color has-pale-grey-background-color has-text-color has-background has-grey-color has-pale-grey-background-color has-text-color has-background\">\n<div class=\"wp-block-group wp-block-group--text\"><div class=\"wp-block-group__inner-container is-layout-flow wp-block-group-is-layout-flow\">\n<h2 class=\"wp-block-heading\">    <\/h2>\n\n\n\n<p><br><br><br><br><br><br>Le consortium du Centre des Comp\u00e9tences futures accueille bon nombre des principaux experts du d\u00e9veloppement des comp\u00e9tences. Cliquez sur les noms ci-dessous pour consulter leurs profils allant d\u2019une expertise sur le perfectionnement de la main-d\u2019\u0153uvre au leadership \u00e9clair\u00e9 sur l\u2019avenir du travail, les politiques en mati\u00e8re d\u2019\u00e9ducation, l\u2019innovation, la diversit\u00e9 et l\u2019inclusion, entre autres sujets.<br><br><br>Si vous ne savez pas \u00e0 qui vous adresser, veuillez communiquer avec \u00c9glantine Ronfard, directrice des communications, en \u00e9crivant \u00e0 communications@fsc-ccf.ca ou en appelant au 647-262-3706.<\/p>\n<\/div><\/div>\n\n\n\n<div class=\"wp-block-group wp-block-group--profiles\"><div class=\"wp-block-group__inner-container is-layout-flow wp-block-group-is-layout-flow\">\n<h3 class=\"wp-block-heading\"><\/h3>\n\n\n\n\n    <div class=\"profiles\">\n\t\t         <div class=\"profile\">\n                                <div class=\"profile__image\">\n                                            <img decoding=\"async\" src=\"https:\/\/fsc-ccf.ca\/wp-content\/uploads\/2019\/11\/armughan-ahmad-300x300.jpg\" alt=\"Armughan Ahmad profile photo\">\n                                    <\/div>\n                <a href=\"https:\/\/fsc-ccf.ca\/fr\/team\/armughan-ahmad\/\" style=\"color: #7c0070;\"><h2 class=\"profile__name\" style=\"color: #7c0070;\">Armughan Ahmad<\/h2><\/a>\n                                    <h3 class=\"profile__title\">Pr\u00e9sident et associ\u00e9 directeur, solutions num\u00e9riques<br>KPMG<\/h3>\n                                                    <ul class=\"profile__social\">\n                                                <li class=\"profile__social-link profile__social-link--linkedin\" ><a href=\"https:\/\/www.linkedin.com\/in\/aahmad\/\" target=\"\">\/aahmad<\/a><\/li>                        <li class=\"profile__social-link profile__social-link--twitter\"><a href=\"https:\/\/twitter.com\/ArmughanAA\" target=\"_blank\">@ArmughanAA<\/a><\/li>                    <\/ul>\n                            <\/div>\n\t\t\n\t\t         <div class=\"profile\">\n                                <div class=\"profile__image\">\n                                    <\/div>\n                <a href=\"https:\/\/fsc-ccf.ca\/fr\/team\/noel-baldwin\/\" style=\"color: #7c0070;\"><h2 class=\"profile__name\" style=\"color: #7c0070;\">Noel Baldwin<\/h2><\/a>\n                                    <h3 class=\"profile__title\">Directeur g\u00e9n\u00e9ral<\/h3>\n                                                    <ul class=\"profile__social\">\n                        <li class=\"profile__social-link profile__social-link--email\"><a href=\"mailto:noel.baldwin@fsc-ccf.ca\"  >noel.baldwin@fsc-ccf.ca<\/a><\/li>                        <li class=\"profile__social-link profile__social-link--linkedin\" ><a href=\"https:\/\/www.linkedin.com\/in\/noel-baldwin-bb76aa1a\/\" target=\"\">LinkedIn<\/a><\/li>                                            <\/ul>\n                            <\/div>\n\t\t\n\t\t         <div class=\"profile\">\n                                <div class=\"profile__image\">\n                                            <img decoding=\"async\" src=\"https:\/\/fsc-ccf.ca\/wp-content\/uploads\/2019\/11\/susan-black-300x300.jpg\" alt=\"Susan Black profile photo\">\n                                    <\/div>\n                <a href=\"https:\/\/fsc-ccf.ca\/fr\/team\/susan-black\/\" style=\"color: #7c0070;\"><h2 class=\"profile__name\" style=\"color: #7c0070;\">Susan Black<\/h2><\/a>\n                                    <h3 class=\"profile__title\">Directeur Ge\u0301ne\u0301ral<br>The Conference Board of Canada<\/h3>\n                                                    <ul class=\"profile__social\">\n                                                <li class=\"profile__social-link profile__social-link--linkedin\" ><a href=\"https:\/\/www.linkedin.com\/in\/susanlblack\/\" target=\"\">\/susanlblack<\/a><\/li>                                            <\/ul>\n                            <\/div>\n\t\t\n\t\t         <div class=\"profile\">\n                                <div class=\"profile__image\">\n                                            <img decoding=\"async\" src=\"https:\/\/fsc-ccf.ca\/wp-content\/uploads\/2025\/07\/wendy-cukier-300x300.jpg\" alt=\"\">\n                                    <\/div>\n                <a href=\"https:\/\/fsc-ccf.ca\/fr\/team\/wendy-cukier-2\/\" style=\"color: #7c0070;\"><h2 class=\"profile__name\" style=\"color: #7c0070;\">Wendy Cukier<\/h2><\/a>\n                                    <h3 class=\"profile__title\">Fondatrice et directrice acad\u00e9mique de l\u2019Institut de la diversit\u00e9<\/h3>\n                                                    <ul class=\"profile__social\">\n                        <li class=\"profile__social-link profile__social-link--email\"><a href=\"mailto:wcukier@torontomu.ca\"  >wcukier@torontomu.ca<\/a><\/li>                        <li class=\"profile__social-link profile__social-link--linkedin\" ><a href=\"https:\/\/www.linkedin.com\/in\/wendy-cukier-9aa85910\/?originalSubdomain=ca\" target=\"\">Wendy Cukier<\/a><\/li>                                            <\/ul>\n                            <\/div>\n\t\t\n\t\t         <div class=\"profile\">\n                                <div class=\"profile__image\">\n                                            <img decoding=\"async\" src=\"https:\/\/fsc-ccf.ca\/wp-content\/uploads\/2019\/11\/karen-meyers.jpg\" alt=\"Karen Meyers  profile photo\">\n                                    <\/div>\n                <a href=\"https:\/\/fsc-ccf.ca\/fr\/team\/karen-myers\/\" style=\"color: #7c0070;\"><h2 class=\"profile__name\" style=\"color: #7c0070;\">Karen Myers<\/h2><\/a>\n                                    <h3 class=\"profile__title\">Pre\u0301sident et chef de la direction<br>Blueprint ADE<\/h3>\n                                                    <ul class=\"profile__social\">\n                                                                                            <\/ul>\n                            <\/div>\n\t\t\n\t\t         <div class=\"profile\">\n                                <div class=\"profile__image\">\n                                            <img decoding=\"async\" src=\"https:\/\/fsc-ccf.ca\/wp-content\/uploads\/2019\/08\/Mark-Patterson-Magnet-cropped-300x300.jpg\" alt=\"Mark \">\n                                    <\/div>\n                <a href=\"https:\/\/fsc-ccf.ca\/fr\/team\/mark-patterson\/\" style=\"color: #7c0070;\"><h2 class=\"profile__name\" style=\"color: #7c0070;\">Mark Patterson<\/h2><\/a>\n                                    <h3 class=\"profile__title\">Executive Director, Magnet<\/h3>\n                                                    <ul class=\"profile__social\">\n                        <li class=\"profile__social-link profile__social-link--email\"><a href=\"mailto:m2patter@ryerson.ca\"  >m2patter@ryerson.ca<\/a><\/li>                        <li class=\"profile__social-link profile__social-link--linkedin\" ><a href=\"https:\/\/www.linkedin.com\/in\/Mark-Patterson-Magnet\/\" target=\"_blank\">Mark-Patterson-Magnet<\/a><\/li>                        <li class=\"profile__social-link profile__social-link--twitter\"><a href=\"https:\/\/twitter.com\/M2patter\" target=\"_blank\">@M2patter<\/a><\/li>                    <\/ul>\n                            <\/div>\n\t\t\n\t\t         <div class=\"profile\">\n                                <div class=\"profile__image\">\n                                    <\/div>\n                <a href=\"https:\/\/fsc-ccf.ca\/fr\/team\/jenny-poulos\/\" style=\"color: #7c0070;\"><h2 class=\"profile__name\" style=\"color: #7c0070;\">Jenny Poulos<\/h2><\/a>\n                                    <h3 class=\"profile__title\">Vice-pr\u00e9sidente principale, Services et op\u00e9rations des talents<br>RBC<\/h3>\n                                                    <ul class=\"profile__social\">\n                                                <li class=\"profile__social-link profile__social-link--linkedin\" ><a href=\"https:\/\/www.linkedin.com\/in\/jennypoulosrbc\/\" target=\"\">\/jennypoulosrbc<\/a><\/li>                                            <\/ul>\n                            <\/div>\n\t\t\n\t\t         <div class=\"profile\">\n                                <div class=\"profile__image\">\n                                    <\/div>\n                <a href=\"https:\/\/fsc-ccf.ca\/fr\/team\/tricia-williams\/\" style=\"color: #7c0070;\"><h2 class=\"profile__name\" style=\"color: #7c0070;\">Dr. Tricia Williams<\/h2><\/a>\n                                    <h3 class=\"profile__title\">Directrice de la Recherche, de l&#8217;Evaluation et e la Mise en Commun des Connaissances<\/h3>\n                                                    <ul class=\"profile__social\">\n                        <li class=\"profile__social-link profile__social-link--email\"><a href=\"mailto:tricia.williams@fsc-ccf.ca\"  >tricia.williams@fsc-ccf.ca<\/a><\/li>                        <li class=\"profile__social-link profile__social-link--linkedin\" ><a href=\"http:\/\/linkedin.com\/in\/triciawilliams3434\" target=\"_blank\">tricia-williams<\/a><\/li>                        <li class=\"profile__social-link profile__social-link--twitter\"><a href=\"https:\/\/twitter.com\/TriciaW_22\" target=\"\">@TriciaW_22<\/a><\/li>                    <\/ul>\n                            <\/div>\n\t\t\n\t\t         <div class=\"profile\">\n                                <div class=\"profile__image\">\n                                            <img decoding=\"async\" src=\"https:\/\/fsc-ccf.ca\/wp-content\/uploads\/2021\/05\/Kory-Wilson-300x300.jpeg\" alt=\"Kory Wilson\">\n                                    <\/div>\n                <a href=\"https:\/\/fsc-ccf.ca\/fr\/team\/kory-wilson\/\" style=\"color: #7c0070;\"><h2 class=\"profile__name\" style=\"color: #7c0070;\">Kory Wilson<\/h2><\/a>\n                                    <h3 class=\"profile__title\">Directrice g\u00e9n\u00e9rale, Initiatives et Partenariats Autochtones<br>l\u2019Institut de Technologie de la Colombie-Britannique<\/h3>\n                                                    <ul class=\"profile__social\">\n                                                <li class=\"profile__social-link profile__social-link--linkedin\" ><a href=\"https:\/\/fsc-ccf.ca\/research\/building-inclusive-workplaces\/\" target=\"_blank\">\/kory-wilson\/<\/a><\/li>                                            <\/ul>\n                            <\/div>\n\t\t\n\t    <\/div>\n\n<\/div><\/div>\n<\/div>\n\n\n\n<div class=\"newsletter full-width-block page-block--white \">\n\t\t\t<form class=\"obform form\" method=\"POST\" action=\"\/wp-json\/ob\/v1\/form\/\">\n\t\t\t\t\t<div class=\"form__row form__row--introduction \">\n\t\t\t\t<h2 class=\"form__title\">Stay up to date<\/h2>\t\t\t\t<p class=\"form__text\">Join our mailing list to be informed on new research, upcoming events, call for proposals, and opportunities to partner with FSC.<\/p>\t\t\t<\/div>\n\t\t\t\t\t<div class=\"form__row \">\n\t\t\t\t<label class=\"form__label form__label--email\" data-required=\"Required\">\n\t\t\t\t\t\t\t\t\t\t<input\n\t\t\t\t\t\tclass=\"form__input form__input--email\"\n\t\t\t\t\t\ttype=\"email\"\n\t\t\t\t\t\tname=\"email\"\n\t\t\t\t\t\tplaceholder=\"Email Address*\">\n\t\t\t\t\t<span class=\"form__label-text\">Email Address*<\/span>\t\t\t\t<\/label>\n\t\t\t<\/div>\n\t\t\t\t\t<div class=\"form__row \">\n\t\t\t\t<label class=\"form__label form__label--text\" data-required=\"Required\">\n\t\t\t\t\t\t\t\t\t\t<input\n\t\t\t\t\t\tclass=\"form__input form__input--text\"\n\t\t\t\t\t\ttype=\"text\"\n\t\t\t\t\t\tname=\"fname\"\n\t\t\t\t\t\tplaceholder=\"First Name*\">\n\t\t\t\t\t<span class=\"form__label-text\">First Name*<\/span>\t\t\t\t<\/label>\n\t\t\t<\/div>\n\t\t\t\t\t<div class=\"form__row \">\n\t\t\t\t<label class=\"form__label form__label--text\" >\n\t\t\t\t\t\t\t\t\t\t<input\n\t\t\t\t\t\tclass=\"form__input form__input--text\"\n\t\t\t\t\t\ttype=\"text\"\n\t\t\t\t\t\tname=\"lname\"\n\t\t\t\t\t\tplaceholder=\"Last Name\">\n\t\t\t\t\t<span class=\"form__label-text\">Last Name<\/span>\t\t\t\t<\/label>\n\t\t\t<\/div>\n\t\t\t\t\t<div class=\"form__row fsc-choice\">\n\t\t\t\t<div class=\"form__label form__label--choices\" >\n\t\t\t\t\tSelect Your Interests\t\t\t\t\t\t\t\t\t<\/div>\n\t\t\t\t<div class=\"form__choices\">\n\t\t\t\t\t\t\t\t\t\t\t<label class=\"form__label form__label--checkbox\">\n\t\t\t\t\t\t\t<input\n\t\t\t\t\t\t\t\tclass=\"form__input form__input--checkbox\"\n\t\t\t\t\t\t\t\ttype=\"checkbox\"\n\t\t\t\t\t\t\t\tvalue=\"projects\"\n\t\t\t\t\t\t\t\tname=\"interests\" >\n\t\t\t\t\t\t\t<span class=\"form__label-text\">Innovation projects<\/span>\n\t\t\t\t\t\t<\/label>\n\t\t\t\t\t\t\t\t\t\t\t<label class=\"form__label form__label--checkbox\">\n\t\t\t\t\t\t\t<input\n\t\t\t\t\t\t\t\tclass=\"form__input form__input--checkbox\"\n\t\t\t\t\t\t\t\ttype=\"checkbox\"\n\t\t\t\t\t\t\t\tvalue=\"research\"\n\t\t\t\t\t\t\t\tname=\"interests\" >\n\t\t\t\t\t\t\t<span class=\"form__label-text\">Research<\/span>\n\t\t\t\t\t\t<\/label>\n\t\t\t\t\t\t\t\t\t\t\t<label class=\"form__label form__label--checkbox\">\n\t\t\t\t\t\t\t<input\n\t\t\t\t\t\t\t\tclass=\"form__input form__input--checkbox\"\n\t\t\t\t\t\t\t\ttype=\"checkbox\"\n\t\t\t\t\t\t\t\tvalue=\"news\"\n\t\t\t\t\t\t\t\tname=\"interests\" >\n\t\t\t\t\t\t\t<span class=\"form__label-text\">News &#038; events<\/span>\n\t\t\t\t\t\t<\/label>\n\t\t\t\t\t\t\t\t\t<\/div>\n\t\t\t<\/div>\n\t\t\t\t\t<input type=\"hidden\" class=\"form__input form__input--hidden\" name=\"newsletter-subscribe\" value=\"1\">\n\t\t\t\t\t\t\t\t<script>var grecaptcha = false;<\/script>\n\t\t\t\n\t\t\t\t\t\t<div class=\"form__message\"><\/div>\n\t\t\t\n\t\t\t<button class=\"button form__button\" type=\"submit\" >Sign up<\/button>\n\t\t\t<input type=\"text\" id=\"obhp\" tabindex=\"-1\" name=\"obhp\" aria-label=\"obhp\" class=\"visuallyhidden\">\n\t\t\t<label for=\"obhp\" tabindex=\"-1\" class=\"visuallyhidden\">No need to fill out this field, please.<\/label>\n\t\t\t<input type=\"hidden\" name=\"obss\" aria-label=\"obss\" value=\"0\">\n\t\t\t<input type=\"hidden\" name=\"obsm\" aria-label=\"obsm\" value=\"PHA+VGhhbmtzIGZvciBwYXJ0bmVyaW5nIHdpdGggdXMhPC9wPgo8cD5LZWVwIHlvdXIgZXllcyBvbiB5b3UgZW1haWwgZm9yIG9wcG9ydHVuaXRpZXMsIG5ld3MsIGFuZCBuZXR3b3JrIHVwZGF0ZXMuPC9wPgo=\">\n\t\t\t<input type=\"hidden\" name=\"obid\" aria-label=\"obid\" value=\"MTUxNzU0\">\n\t\t\t<input type=\"hidden\" name=\"obfn\" aria-label=\"obfn\" value=\"UGFydG5lciB3aXRoIHVzICYjODIxMTsgdjIgRU4=\">\n\t\t\t<input type=\"hidden\" name=\"obrf\" aria-label=\"obrf\" value=\"ZW1haWwsZm5hbWU=\">\t\t\t<input type=\"hidden\" name=\"obrp\" aria-label=\"obrp\" value=\"\">\n\t\t\t<input type=\"hidden\" name=\"obcb\" aria-label=\"obcb\" value=\"\">\n\t\t\t\t\t<\/form>\n\t\t<\/div>","protected":false},"excerpt":{"rendered":"","protected":false},"author":16,"featured_media":0,"parent":0,"menu_order":0,"comment_status":"closed","ping_status":"closed","template":"","meta":{"_acf_changed":false,"footnotes":""},"class_list":["post-217523","page","type-page","status-publish","hentry"],"acf":{"thumbnail_image":false,"slider_image":false,"subtitle":"","highlight":"pink"},"yoast_head":"<!-- This site is optimized with the Yoast SEO plugin v27.4 - https:\/\/yoast.com\/product\/yoast-seo-wordpress\/ -->\n<title>Rencontrez nos experts\ufeff - Future Skills Centre \u2022 Centre des Comp\u00e9tences futures<\/title>\n<meta name=\"description\" content=\"Le consortium du Centre des Comp\u00e9tences futures accueille bon nombre des principaux experts du d\u00e9veloppement des comp\u00e9tences. Cliquez sur les noms\" \/>\n<meta name=\"robots\" content=\"index, follow, max-snippet:-1, max-image-preview:large, max-video-preview:-1\" \/>\n<link rel=\"canonical\" href=\"https:\/\/fsc-ccf.ca\/fr\/meet-our-experts\/\" \/>\n<meta name=\"twitter:label1\" content=\"Est. reading time\" \/>\n\t<meta name=\"twitter:data1\" content=\"1 minute\" \/>\n<script type=\"application\/ld+json\" class=\"yoast-schema-graph\">{\"@context\":\"https:\\\/\\\/schema.org\",\"@graph\":[{\"@type\":\"WebPage\",\"@id\":\"https:\\\/\\\/fsc-ccf.ca\\\/fr\\\/meet-our-experts\\\/\",\"url\":\"https:\\\/\\\/fsc-ccf.ca\\\/fr\\\/meet-our-experts\\\/\",\"name\":\"Rencontrez nos experts\ufeff - Future Skills Centre \u2022 Centre des Comp\u00e9tences futures\",\"isPartOf\":{\"@id\":\"https:\\\/\\\/fsc-ccf.ca\\\/fr\\\/#website\"},\"datePublished\":\"2021-08-23T19:47:36+00:00\",\"dateModified\":\"2021-10-14T14:23:57+00:00\",\"description\":\"Le consortium du Centre des Comp\u00e9tences futures accueille bon nombre des principaux experts du d\u00e9veloppement des comp\u00e9tences. Cliquez sur les noms\",\"breadcrumb\":{\"@id\":\"https:\\\/\\\/fsc-ccf.ca\\\/fr\\\/meet-our-experts\\\/#breadcrumb\"},\"inLanguage\":\"fr-FR\",\"potentialAction\":[{\"@type\":\"ReadAction\",\"target\":[\"https:\\\/\\\/fsc-ccf.ca\\\/fr\\\/meet-our-experts\\\/\"]}]},{\"@type\":\"BreadcrumbList\",\"@id\":\"https:\\\/\\\/fsc-ccf.ca\\\/fr\\\/meet-our-experts\\\/#breadcrumb\",\"itemListElement\":[{\"@type\":\"ListItem\",\"position\":1,\"name\":\"Home\",\"item\":\"https:\\\/\\\/fsc-ccf.ca\\\/fr\\\/\"},{\"@type\":\"ListItem\",\"position\":2,\"name\":\"Rencontrez nos experts\ufeff\"}]},{\"@type\":\"WebSite\",\"@id\":\"https:\\\/\\\/fsc-ccf.ca\\\/fr\\\/#website\",\"url\":\"https:\\\/\\\/fsc-ccf.ca\\\/fr\\\/\",\"name\":\"Future Skills Centre \u2022 Centre des Comp\u00e9tences futures\",\"description\":\"\",\"publisher\":{\"@id\":\"https:\\\/\\\/fsc-ccf.ca\\\/fr\\\/#organization\"},\"potentialAction\":[{\"@type\":\"SearchAction\",\"target\":{\"@type\":\"EntryPoint\",\"urlTemplate\":\"https:\\\/\\\/fsc-ccf.ca\\\/fr\\\/?s={search_term_string}\"},\"query-input\":{\"@type\":\"PropertyValueSpecification\",\"valueRequired\":true,\"valueName\":\"search_term_string\"}}],\"inLanguage\":\"fr-FR\"},{\"@type\":\"Organization\",\"@id\":\"https:\\\/\\\/fsc-ccf.ca\\\/fr\\\/#organization\",\"name\":\"Future Skills Centre \u2022 Centre des Comp\u00e9tences futures\",\"url\":\"https:\\\/\\\/fsc-ccf.ca\\\/fr\\\/\",\"logo\":{\"@type\":\"ImageObject\",\"inLanguage\":\"fr-FR\",\"@id\":\"https:\\\/\\\/fsc-ccf.ca\\\/fr\\\/#\\\/schema\\\/logo\\\/image\\\/\",\"url\":\"https:\\\/\\\/fsc-ccf.ca\\\/wp-content\\\/uploads\\\/2019\\\/08\\\/FSC_logo_colour_rgb_positive_ENG.png\",\"contentUrl\":\"https:\\\/\\\/fsc-ccf.ca\\\/wp-content\\\/uploads\\\/2019\\\/08\\\/FSC_logo_colour_rgb_positive_ENG.png\",\"width\":618,\"height\":528,\"caption\":\"Future Skills Centre \u2022 Centre des Comp\u00e9tences futures\"},\"image\":{\"@id\":\"https:\\\/\\\/fsc-ccf.ca\\\/fr\\\/#\\\/schema\\\/logo\\\/image\\\/\"},\"sameAs\":[\"https:\\\/\\\/www.facebook.com\\\/2161871137193201\\\/\",\"https:\\\/\\\/x.com\\\/fsc_ccf_en\",\"https:\\\/\\\/www.instagram.com\\\/fsc_ccf\\\/\",\"https:\\\/\\\/www.linkedin.com\\\/company\\\/fsc-ccf\\\/\"]}]}<\/script>\n<!-- \/ Yoast SEO plugin. -->","yoast_head_json":{"title":"Rencontrez nos experts\ufeff - Future Skills Centre \u2022 Centre des Comp\u00e9tences futures","description":"Le consortium du Centre des Comp\u00e9tences futures accueille bon nombre des principaux experts du d\u00e9veloppement des comp\u00e9tences. Cliquez sur les noms","robots":{"index":"index","follow":"follow","max-snippet":"max-snippet:-1","max-image-preview":"max-image-preview:large","max-video-preview":"max-video-preview:-1"},"canonical":"https:\/\/fsc-ccf.ca\/fr\/meet-our-experts\/","twitter_misc":{"Est. reading time":"1 minute"},"schema":{"@context":"https:\/\/schema.org","@graph":[{"@type":"WebPage","@id":"https:\/\/fsc-ccf.ca\/fr\/meet-our-experts\/","url":"https:\/\/fsc-ccf.ca\/fr\/meet-our-experts\/","name":"Rencontrez nos experts\ufeff - Future Skills Centre \u2022 Centre des Comp\u00e9tences futures","isPartOf":{"@id":"https:\/\/fsc-ccf.ca\/fr\/#website"},"datePublished":"2021-08-23T19:47:36+00:00","dateModified":"2021-10-14T14:23:57+00:00","description":"Le consortium du Centre des Comp\u00e9tences futures accueille bon nombre des principaux experts du d\u00e9veloppement des comp\u00e9tences. Cliquez sur les noms","breadcrumb":{"@id":"https:\/\/fsc-ccf.ca\/fr\/meet-our-experts\/#breadcrumb"},"inLanguage":"fr-FR","potentialAction":[{"@type":"ReadAction","target":["https:\/\/fsc-ccf.ca\/fr\/meet-our-experts\/"]}]},{"@type":"BreadcrumbList","@id":"https:\/\/fsc-ccf.ca\/fr\/meet-our-experts\/#breadcrumb","itemListElement":[{"@type":"ListItem","position":1,"name":"Home","item":"https:\/\/fsc-ccf.ca\/fr\/"},{"@type":"ListItem","position":2,"name":"Rencontrez nos experts\ufeff"}]},{"@type":"WebSite","@id":"https:\/\/fsc-ccf.ca\/fr\/#website","url":"https:\/\/fsc-ccf.ca\/fr\/","name":"Future Skills Centre \u2022 Centre des Comp\u00e9tences futures","description":"","publisher":{"@id":"https:\/\/fsc-ccf.ca\/fr\/#organization"},"potentialAction":[{"@type":"SearchAction","target":{"@type":"EntryPoint","urlTemplate":"https:\/\/fsc-ccf.ca\/fr\/?s={search_term_string}"},"query-input":{"@type":"PropertyValueSpecification","valueRequired":true,"valueName":"search_term_string"}}],"inLanguage":"fr-FR"},{"@type":"Organization","@id":"https:\/\/fsc-ccf.ca\/fr\/#organization","name":"Future Skills Centre \u2022 Centre des Comp\u00e9tences futures","url":"https:\/\/fsc-ccf.ca\/fr\/","logo":{"@type":"ImageObject","inLanguage":"fr-FR","@id":"https:\/\/fsc-ccf.ca\/fr\/#\/schema\/logo\/image\/","url":"https:\/\/fsc-ccf.ca\/wp-content\/uploads\/2019\/08\/FSC_logo_colour_rgb_positive_ENG.png","contentUrl":"https:\/\/fsc-ccf.ca\/wp-content\/uploads\/2019\/08\/FSC_logo_colour_rgb_positive_ENG.png","width":618,"height":528,"caption":"Future Skills Centre \u2022 Centre des Comp\u00e9tences futures"},"image":{"@id":"https:\/\/fsc-ccf.ca\/fr\/#\/schema\/logo\/image\/"},"sameAs":["https:\/\/www.facebook.com\/2161871137193201\/","https:\/\/x.com\/fsc_ccf_en","https:\/\/www.instagram.com\/fsc_ccf\/","https:\/\/www.linkedin.com\/company\/fsc-ccf\/"]}]}},"_links":{"self":[{"href":"https:\/\/fsc-ccf.ca\/fr\/wp-json\/wp\/v2\/pages\/217523","targetHints":{"allow":["GET"]}}],"collection":[{"href":"https:\/\/fsc-ccf.ca\/fr\/wp-json\/wp\/v2\/pages"}],"about":[{"href":"https:\/\/fsc-ccf.ca\/fr\/wp-json\/wp\/v2\/types\/page"}],"author":[{"embeddable":true,"href":"https:\/\/fsc-ccf.ca\/fr\/wp-json\/wp\/v2\/users\/16"}],"replies":[{"embeddable":true,"href":"https:\/\/fsc-ccf.ca\/fr\/wp-json\/wp\/v2\/comments?post=217523"}],"version-history":[{"count":10,"href":"https:\/\/fsc-ccf.ca\/fr\/wp-json\/wp\/v2\/pages\/217523\/revisions"}],"predecessor-version":[{"id":232750,"href":"https:\/\/fsc-ccf.ca\/fr\/wp-json\/wp\/v2\/pages\/217523\/revisions\/232750"}],"wp:attachment":[{"href":"https:\/\/fsc-ccf.ca\/fr\/wp-json\/wp\/v2\/media?parent=217523"}],"curies":[{"name":"wp","href":"https:\/\/api.w.org\/{rel}","templated":true}]}}