			{"id":152726,"date":"2021-02-10T15:00:41","date_gmt":"2021-02-10T20:00:41","guid":{"rendered":"https:\/\/fsc-ccf.ca\/partner-with-us\/"},"modified":"2022-04-13T10:39:17","modified_gmt":"2022-04-13T14:39:17","slug":"additional-resources","status":"publish","type":"page","link":"https:\/\/fsc-ccf.ca\/fr\/additional-resources\/","title":{"rendered":"Ressources suppl\u00e9mentaires"},"content":{"rendered":"\n<div class=\"wp-block-cover is-light ob-short-hero\" style=\"min-height:300px;aspect-ratio:unset;\"><span aria-hidden=\"true\" class=\"has-background-dim-0 wp-block-cover__gradient-background has-background-dim\"><\/span><img decoding=\"async\" class=\"wp-block-cover__image-background wp-image-240583\" alt=\"\" src=\"https:\/\/fsc.staging-001.dev\/wp-content\/uploads\/2022\/04\/iStock-1194430863.jpg\" style=\"object-position:50% 31%\" data-object-fit=\"cover\" data-object-position=\"50% 31%\"\/><div class=\"wp-block-cover__inner-container is-layout-flow wp-block-cover-is-layout-flow\">\n<h1 class=\"has-white-color has-black-background-color has-text-color has-background wp-block-heading\"><strong>Ressources suppl\u00e9mentaires<\/strong><\/h1>\n<\/div><\/div>\n\n\n\n<div class=\"wp-block-columns is-layout-flex wp-container-core-columns-is-layout-28f84493 wp-block-columns-is-layout-flex\">\n<div class=\"wp-block-column is-layout-flow wp-block-column-is-layout-flow\">\n<figure class=\"wp-block-image size-full\"><img loading=\"lazy\" decoding=\"async\" width=\"208\" height=\"84\" src=\"https:\/\/fsc.staging-001.dev\/wp-content\/uploads\/2019\/07\/magnet-logo-rgb.png\" alt=\"Magnet Logo\" class=\"wp-image-175\" srcset=\"https:\/\/fsc-ccf.ca\/wp-content\/uploads\/2019\/07\/magnet-logo-rgb.png 208w, https:\/\/fsc-ccf.ca\/wp-content\/uploads\/2019\/07\/magnet-logo-rgb-10x4.png 10w\" sizes=\"auto, (max-width: 208px) 100vw, 208px\" \/><\/figure>\n\n\n\n<p>Les personnes \u00e0 la recherche d\u2019un emploi et les entreprises peuvent ouvrir un compte gratuit pour rechercher des stages ou des emplois et les aider \u00e0 trouver des opportunit\u00e9s sur Magnet, la plateforme d\u2019innovation sociale du Canada.<\/p>\n<\/div>\n\n\n\n<div class=\"wp-block-column is-vertically-aligned-bottom is-layout-flow wp-block-column-is-layout-flow\">\n<div class=\"wp-block-ob-blocks-single-button alignleft  wp-block-ob-blocks-button--animated\"><a class=\"btn btn--purple\" href=\"https:\/\/magnet.today\/\">Consultez le site Web de Magnet<\/a><\/div>\n<\/div>\n<\/div>\n\n\n\n<div class=\"wp-block-columns is-layout-flex wp-container-core-columns-is-layout-28f84493 wp-block-columns-is-layout-flex\">\n<div class=\"wp-block-column is-layout-flow wp-block-column-is-layout-flow\">\n<figure class=\"wp-block-image size-full\"><img loading=\"lazy\" decoding=\"async\" width=\"445\" height=\"63\" src=\"https:\/\/fsc-ccf.ca\/wp-content\/uploads\/2021\/04\/OpportunNext_Logo_FR_Colour_72.png\" alt=\"\" class=\"wp-image-173057\" srcset=\"https:\/\/fsc-ccf.ca\/wp-content\/uploads\/2021\/04\/OpportunNext_Logo_FR_Colour_72.png 445w, https:\/\/fsc-ccf.ca\/wp-content\/uploads\/2021\/04\/OpportunNext_Logo_FR_Colour_72-300x42.png 300w, https:\/\/fsc-ccf.ca\/wp-content\/uploads\/2021\/04\/OpportunNext_Logo_FR_Colour_72-10x1.png 10w\" sizes=\"auto, (max-width: 445px) 100vw, 445px\" \/><\/figure>\n\n\n\n<p>Les Canadiennes et les Canadiens qui souhaitent se r\u00e9orienter vers de nouvelles carri\u00e8res peuvent utiliser OpportuNext, un outil en ligne gratuit con\u00e7u pour aider les personnes \u00e0 la recherche d\u2019un emploi, les sp\u00e9cialistes du placement et les employeurs \u00e0 explorer rapidement et facilement des voies de transition de carri\u00e8re fiables.<\/p>\n<\/div>\n\n\n\n<div class=\"wp-block-column is-vertically-aligned-bottom is-layout-flow wp-block-column-is-layout-flow\">\n<div class=\"wp-block-ob-blocks-single-button alignleft  wp-block-ob-blocks-button--animated\"><a class=\"btn btn--purple\" href=\"https:\/\/www.opportunext.ca\/\" target=\"_blank\" rel=\"noreferrer noopener\">Consultez le site Web de OpportuAvenir<\/a><\/div>\n<\/div>\n<\/div>\n\n\n\n<div class=\"wp-block-columns is-layout-flex wp-container-core-columns-is-layout-28f84493 wp-block-columns-is-layout-flex\">\n<div class=\"wp-block-column is-layout-flow wp-block-column-is-layout-flow\">\n<figure class=\"wp-block-image size-medium\"><img decoding=\"async\" src=\"https:\/\/fsc.staging-001.dev\/wp-content\/uploads\/2022\/04\/Government-of-Canada-Logo-300x140.jpeg\" alt=\"\" class=\"wp-image-240645\"\/><\/figure>\n\n\n\n<p>Renseignez-vous davantage sur l\u2019\u00e9ducation, la formation, l\u2019aide financi\u00e8re et les comp\u00e9tences dont vous avez besoin pour trouver et maintenir un emploi sur ce site Web du gouvernement du Canada.<\/p>\n<\/div>\n\n\n\n<div class=\"wp-block-column is-vertically-aligned-bottom is-layout-flow wp-block-column-is-layout-flow\">\n<div class=\"wp-block-ob-blocks-single-button alignleft  wp-block-ob-blocks-button--animated\"><a class=\"btn btn--purple\" href=\"https:\/\/www.canada.ca\/en\/services\/jobs\/training.html\" target=\"_blank\" rel=\"noreferrer noopener\">Consultez le site Web du gouvernement du Canada<\/a><\/div>\n<\/div>\n<\/div>\n","protected":false},"excerpt":{"rendered":"<p>Les personnes \u00e0 la recherche d\u2019un emploi et les entreprises peuvent ouvrir un compte gratuit pour rechercher des stages ou des emplois et les aider&#8230;<\/p>\n","protected":false},"author":1,"featured_media":0,"parent":0,"menu_order":0,"comment_status":"closed","ping_status":"closed","template":"page-blocks-only.php","meta":{"_acf_changed":false,"footnotes":""},"class_list":["post-152726","page","type-page","status-publish","hentry"],"acf":{"thumbnail_image":false,"slider_image":false,"subtitle":"","highlight":"pink"},"yoast_head":"<!-- This site is optimized with the Yoast SEO plugin v27.3 - https:\/\/yoast.com\/product\/yoast-seo-wordpress\/ -->\n<title>Ressources suppl\u00e9mentaires - Future Skills Centre \u2022 Centre des Comp\u00e9tences futures<\/title>\n<meta name=\"description\" content=\"Ressources suppl\u00e9mentaires Les personnes \u00e0 la recherche d\u2019un emploi et les entreprises peuvent ouvrir un compte gratuit pour rechercher des stages ou des\" \/>\n<meta name=\"robots\" content=\"index, follow, max-snippet:-1, max-image-preview:large, max-video-preview:-1\" \/>\n<link rel=\"canonical\" href=\"https:\/\/fsc-ccf.ca\/fr\/additional-resources\/\" \/>\n<meta name=\"twitter:label1\" content=\"Est. reading time\" \/>\n\t<meta name=\"twitter:data1\" content=\"2 minutes\" \/>\n<script type=\"application\/ld+json\" class=\"yoast-schema-graph\">{\"@context\":\"https:\\\/\\\/schema.org\",\"@graph\":[{\"@type\":\"WebPage\",\"@id\":\"https:\\\/\\\/fsc-ccf.ca\\\/fr\\\/additional-resources\\\/\",\"url\":\"https:\\\/\\\/fsc-ccf.ca\\\/fr\\\/additional-resources\\\/\",\"name\":\"Ressources suppl\u00e9mentaires - Future Skills Centre \u2022 Centre des Comp\u00e9tences futures\",\"isPartOf\":{\"@id\":\"https:\\\/\\\/fsc-ccf.ca\\\/fr\\\/#website\"},\"primaryImageOfPage\":{\"@id\":\"https:\\\/\\\/fsc-ccf.ca\\\/fr\\\/additional-resources\\\/#primaryimage\"},\"image\":{\"@id\":\"https:\\\/\\\/fsc-ccf.ca\\\/fr\\\/additional-resources\\\/#primaryimage\"},\"thumbnailUrl\":\"https:\\\/\\\/fsc.staging-001.dev\\\/wp-content\\\/uploads\\\/2022\\\/04\\\/iStock-1194430863.jpg\",\"datePublished\":\"2021-02-10T20:00:41+00:00\",\"dateModified\":\"2022-04-13T14:39:17+00:00\",\"description\":\"Ressources suppl\u00e9mentaires Les personnes \u00e0 la recherche d\u2019un emploi et les entreprises peuvent ouvrir un compte gratuit pour rechercher des stages ou des\",\"breadcrumb\":{\"@id\":\"https:\\\/\\\/fsc-ccf.ca\\\/fr\\\/additional-resources\\\/#breadcrumb\"},\"inLanguage\":\"fr-FR\",\"potentialAction\":[{\"@type\":\"ReadAction\",\"target\":[\"https:\\\/\\\/fsc-ccf.ca\\\/fr\\\/additional-resources\\\/\"]}]},{\"@type\":\"ImageObject\",\"inLanguage\":\"fr-FR\",\"@id\":\"https:\\\/\\\/fsc-ccf.ca\\\/fr\\\/additional-resources\\\/#primaryimage\",\"url\":\"https:\\\/\\\/fsc.staging-001.dev\\\/wp-content\\\/uploads\\\/2022\\\/04\\\/iStock-1194430863.jpg\",\"contentUrl\":\"https:\\\/\\\/fsc.staging-001.dev\\\/wp-content\\\/uploads\\\/2022\\\/04\\\/iStock-1194430863.jpg\"},{\"@type\":\"BreadcrumbList\",\"@id\":\"https:\\\/\\\/fsc-ccf.ca\\\/fr\\\/additional-resources\\\/#breadcrumb\",\"itemListElement\":[{\"@type\":\"ListItem\",\"position\":1,\"name\":\"Home\",\"item\":\"https:\\\/\\\/fsc-ccf.ca\\\/fr\\\/\"},{\"@type\":\"ListItem\",\"position\":2,\"name\":\"Ressources suppl\u00e9mentaires\"}]},{\"@type\":\"WebSite\",\"@id\":\"https:\\\/\\\/fsc-ccf.ca\\\/fr\\\/#website\",\"url\":\"https:\\\/\\\/fsc-ccf.ca\\\/fr\\\/\",\"name\":\"Future Skills Centre \u2022 Centre des Comp\u00e9tences futures\",\"description\":\"\",\"publisher\":{\"@id\":\"https:\\\/\\\/fsc-ccf.ca\\\/fr\\\/#organization\"},\"potentialAction\":[{\"@type\":\"SearchAction\",\"target\":{\"@type\":\"EntryPoint\",\"urlTemplate\":\"https:\\\/\\\/fsc-ccf.ca\\\/fr\\\/?s={search_term_string}\"},\"query-input\":{\"@type\":\"PropertyValueSpecification\",\"valueRequired\":true,\"valueName\":\"search_term_string\"}}],\"inLanguage\":\"fr-FR\"},{\"@type\":\"Organization\",\"@id\":\"https:\\\/\\\/fsc-ccf.ca\\\/fr\\\/#organization\",\"name\":\"Future Skills Centre \u2022 Centre des Comp\u00e9tences futures\",\"url\":\"https:\\\/\\\/fsc-ccf.ca\\\/fr\\\/\",\"logo\":{\"@type\":\"ImageObject\",\"inLanguage\":\"fr-FR\",\"@id\":\"https:\\\/\\\/fsc-ccf.ca\\\/fr\\\/#\\\/schema\\\/logo\\\/image\\\/\",\"url\":\"https:\\\/\\\/fsc-ccf.ca\\\/wp-content\\\/uploads\\\/2019\\\/08\\\/FSC_logo_colour_rgb_positive_ENG.png\",\"contentUrl\":\"https:\\\/\\\/fsc-ccf.ca\\\/wp-content\\\/uploads\\\/2019\\\/08\\\/FSC_logo_colour_rgb_positive_ENG.png\",\"width\":618,\"height\":528,\"caption\":\"Future Skills Centre \u2022 Centre des Comp\u00e9tences futures\"},\"image\":{\"@id\":\"https:\\\/\\\/fsc-ccf.ca\\\/fr\\\/#\\\/schema\\\/logo\\\/image\\\/\"},\"sameAs\":[\"https:\\\/\\\/www.facebook.com\\\/2161871137193201\\\/\",\"https:\\\/\\\/x.com\\\/fsc_ccf_en\",\"https:\\\/\\\/www.instagram.com\\\/fsc_ccf\\\/\",\"https:\\\/\\\/www.linkedin.com\\\/company\\\/fsc-ccf\\\/\"]}]}<\/script>\n<!-- \/ Yoast SEO plugin. -->","yoast_head_json":{"title":"Ressources suppl\u00e9mentaires - Future Skills Centre \u2022 Centre des Comp\u00e9tences futures","description":"Ressources suppl\u00e9mentaires Les personnes \u00e0 la recherche d\u2019un emploi et les entreprises peuvent ouvrir un compte gratuit pour rechercher des stages ou des","robots":{"index":"index","follow":"follow","max-snippet":"max-snippet:-1","max-image-preview":"max-image-preview:large","max-video-preview":"max-video-preview:-1"},"canonical":"https:\/\/fsc-ccf.ca\/fr\/additional-resources\/","twitter_misc":{"Est. reading time":"2 minutes"},"schema":{"@context":"https:\/\/schema.org","@graph":[{"@type":"WebPage","@id":"https:\/\/fsc-ccf.ca\/fr\/additional-resources\/","url":"https:\/\/fsc-ccf.ca\/fr\/additional-resources\/","name":"Ressources suppl\u00e9mentaires - Future Skills Centre \u2022 Centre des Comp\u00e9tences futures","isPartOf":{"@id":"https:\/\/fsc-ccf.ca\/fr\/#website"},"primaryImageOfPage":{"@id":"https:\/\/fsc-ccf.ca\/fr\/additional-resources\/#primaryimage"},"image":{"@id":"https:\/\/fsc-ccf.ca\/fr\/additional-resources\/#primaryimage"},"thumbnailUrl":"https:\/\/fsc.staging-001.dev\/wp-content\/uploads\/2022\/04\/iStock-1194430863.jpg","datePublished":"2021-02-10T20:00:41+00:00","dateModified":"2022-04-13T14:39:17+00:00","description":"Ressources suppl\u00e9mentaires Les personnes \u00e0 la recherche d\u2019un emploi et les entreprises peuvent ouvrir un compte gratuit pour rechercher des stages ou des","breadcrumb":{"@id":"https:\/\/fsc-ccf.ca\/fr\/additional-resources\/#breadcrumb"},"inLanguage":"fr-FR","potentialAction":[{"@type":"ReadAction","target":["https:\/\/fsc-ccf.ca\/fr\/additional-resources\/"]}]},{"@type":"ImageObject","inLanguage":"fr-FR","@id":"https:\/\/fsc-ccf.ca\/fr\/additional-resources\/#primaryimage","url":"https:\/\/fsc.staging-001.dev\/wp-content\/uploads\/2022\/04\/iStock-1194430863.jpg","contentUrl":"https:\/\/fsc.staging-001.dev\/wp-content\/uploads\/2022\/04\/iStock-1194430863.jpg"},{"@type":"BreadcrumbList","@id":"https:\/\/fsc-ccf.ca\/fr\/additional-resources\/#breadcrumb","itemListElement":[{"@type":"ListItem","position":1,"name":"Home","item":"https:\/\/fsc-ccf.ca\/fr\/"},{"@type":"ListItem","position":2,"name":"Ressources suppl\u00e9mentaires"}]},{"@type":"WebSite","@id":"https:\/\/fsc-ccf.ca\/fr\/#website","url":"https:\/\/fsc-ccf.ca\/fr\/","name":"Future Skills Centre \u2022 Centre des Comp\u00e9tences futures","description":"","publisher":{"@id":"https:\/\/fsc-ccf.ca\/fr\/#organization"},"potentialAction":[{"@type":"SearchAction","target":{"@type":"EntryPoint","urlTemplate":"https:\/\/fsc-ccf.ca\/fr\/?s={search_term_string}"},"query-input":{"@type":"PropertyValueSpecification","valueRequired":true,"valueName":"search_term_string"}}],"inLanguage":"fr-FR"},{"@type":"Organization","@id":"https:\/\/fsc-ccf.ca\/fr\/#organization","name":"Future Skills Centre \u2022 Centre des Comp\u00e9tences futures","url":"https:\/\/fsc-ccf.ca\/fr\/","logo":{"@type":"ImageObject","inLanguage":"fr-FR","@id":"https:\/\/fsc-ccf.ca\/fr\/#\/schema\/logo\/image\/","url":"https:\/\/fsc-ccf.ca\/wp-content\/uploads\/2019\/08\/FSC_logo_colour_rgb_positive_ENG.png","contentUrl":"https:\/\/fsc-ccf.ca\/wp-content\/uploads\/2019\/08\/FSC_logo_colour_rgb_positive_ENG.png","width":618,"height":528,"caption":"Future Skills Centre \u2022 Centre des Comp\u00e9tences futures"},"image":{"@id":"https:\/\/fsc-ccf.ca\/fr\/#\/schema\/logo\/image\/"},"sameAs":["https:\/\/www.facebook.com\/2161871137193201\/","https:\/\/x.com\/fsc_ccf_en","https:\/\/www.instagram.com\/fsc_ccf\/","https:\/\/www.linkedin.com\/company\/fsc-ccf\/"]}]}},"_links":{"self":[{"href":"https:\/\/fsc-ccf.ca\/fr\/wp-json\/wp\/v2\/pages\/152726","targetHints":{"allow":["GET"]}}],"collection":[{"href":"https:\/\/fsc-ccf.ca\/fr\/wp-json\/wp\/v2\/pages"}],"about":[{"href":"https:\/\/fsc-ccf.ca\/fr\/wp-json\/wp\/v2\/types\/page"}],"author":[{"embeddable":true,"href":"https:\/\/fsc-ccf.ca\/fr\/wp-json\/wp\/v2\/users\/1"}],"replies":[{"embeddable":true,"href":"https:\/\/fsc-ccf.ca\/fr\/wp-json\/wp\/v2\/comments?post=152726"}],"version-history":[{"count":6,"href":"https:\/\/fsc-ccf.ca\/fr\/wp-json\/wp\/v2\/pages\/152726\/revisions"}],"predecessor-version":[{"id":244602,"href":"https:\/\/fsc-ccf.ca\/fr\/wp-json\/wp\/v2\/pages\/152726\/revisions\/244602"}],"wp:attachment":[{"href":"https:\/\/fsc-ccf.ca\/fr\/wp-json\/wp\/v2\/media?parent=152726"}],"curies":[{"name":"wp","href":"https:\/\/api.w.org\/{rel}","templated":true}]}}